{"id":3184,"date":"2020-03-17T11:16:04","date_gmt":"2020-03-17T10:16:04","guid":{"rendered":"https:\/\/www.labex-palm.fr\/resultats-ao-2020\/"},"modified":"2020-12-22T09:37:54","modified_gmt":"2020-12-22T08:37:54","slug":"resultats-ao-2020","status":"publish","type":"page","link":"https:\/\/www.labex-palm.fr\/en\/resultats-ao-2020\/","title":{"rendered":"R\u00e9sultats AO 2020"},"content":{"rendered":"<p>Les r\u00e9sultats de l&#8217;AO 2020 sont disponibles. Cette ann\u00e9e 37 projets sont financ\u00e9s pour un montant de 2,06 M\u20ac.<\/p>\n<table style=\"font-size: 8pt; border-collapse: collapse;\" border=\"0\" cellspacing=\"0\" cellpadding=\"0\">\n<thead>\n<tr style=\"background-color: #1486d7; border-color: #1486d7; border-width: 1px;\">\n<td style=\"border: 1px solid #1486d7;\">\n<p style=\"color: #ffffff;\"><strong>Axe<\/strong><\/p>\n<\/td>\n<td style=\"border: 1px solid #1486d7;\">\n<p style=\"color: #ffffff;\"><strong>Acronyme<\/strong><\/p>\n<\/td>\n<td style=\"border: 1px solid #1486d7;\">\n<p style=\"color: #ffffff;\"><strong>Type<\/strong><\/p>\n<\/td>\n<td style=\"border: 1px solid #1486d7;\">\n<p style=\"color: #ffffff;\"><strong>Nom<\/strong><\/p>\n<\/td>\n<td style=\"border: 1px solid #1486d7;\">\n<p style=\"color: #ffffff;\"><strong>Pr\u00e9nom<\/strong><\/p>\n<\/td>\n<td style=\"border: 1px solid #1486d7;\">\n<p style=\"color: #ffffff;\"><strong>Labo<\/strong><\/p>\n<\/td>\n<td style=\"border: 1px solid #1486d7;\">\n<p style=\"color: #ffffff;\"><strong>Allou\u00e9<\/strong><\/p>\n<\/td>\n<\/tr>\n<\/thead>\n<tbody style=\"font-size: 8pt;\">\n<tr>\n<td>Th\u00e8me 1<\/td>\n<td>MULTITERM<\/td>\n<td>Post-doctorant<\/td>\n<td>Hugues<\/td>\n<td>Pothier<\/td>\n<td>SPEC<\/td>\n<td>110 k\u20ac<\/td>\n<\/tr>\n<tr>\n<td>Th\u00e8me 1<\/td>\n<td>CRYOFAST<\/td>\n<td>Equipement<\/td>\n<td>Alexei<\/td>\n<td>Chepelianskii<\/td>\n<td>LPS<\/td>\n<td>40 k\u20ac<\/td>\n<\/tr>\n<tr>\n<td>Th\u00e8me 1<\/td>\n<td>GenLoop<\/td>\n<td>Post-doctorant<\/td>\n<td>Philippe<\/td>\n<td>Bourges<\/td>\n<td>LLB<\/td>\n<td>65 k\u20ac<\/td>\n<\/tr>\n<tr>\n<td>Th\u00e8me 1<\/td>\n<td>PICoN<\/td>\n<td>Equipement<\/td>\n<td>Fabienne<\/td>\n<td>Goldfarb<\/td>\n<td>LAC<\/td>\n<td>48 k\u20ac<\/td>\n<\/tr>\n<tr>\n<td>Th\u00e8me 1<\/td>\n<td>KATOPO<\/td>\n<td>Post-doctorant<\/td>\n<td>V\u00e9ronique<\/td>\n<td>Brouet<\/td>\n<td>LPS<\/td>\n<td>144 k\u20ac<\/td>\n<\/tr>\n<tr>\n<td>Th\u00e8me 1<\/td>\n<td>BATO<\/td>\n<td>Equipement<\/td>\n<td>Isabelle<\/td>\n<td>Bouchoule<\/td>\n<td>LCF<\/td>\n<td>15 k\u20ac<\/td>\n<\/tr>\n<tr>\n<td>Th\u00e8me 1<\/td>\n<td>KIDSPP<\/td>\n<td>Equipement<\/td>\n<td>Julien<\/td>\n<td>Gabelli<\/td>\n<td>LPS<\/td>\n<td>30 k\u20ac<\/td>\n<\/tr>\n<tr>\n<td>Th\u00e8me 2<\/td>\n<td>ShiLOM<\/td>\n<td>Post-doctorant<\/td>\n<td>Olivier<\/td>\n<td>Plantevin<\/td>\n<td>LPS<\/td>\n<td>72 k\u20ac<\/td>\n<\/tr>\n<tr>\n<td>Th\u00e8me 2<\/td>\n<td>PP-SOMATEM<\/td>\n<td>Equipement<\/td>\n<td>Am\u00e9lie<\/td>\n<td>Leforestier<\/td>\n<td>LPS<\/td>\n<td>82 k\u20ac<\/td>\n<\/tr>\n<tr>\n<td>Th\u00e8me 2<\/td>\n<td>OPTFLO<\/td>\n<td>Doctorant<\/td>\n<td>Alberto<\/td>\n<td>Rosso<\/td>\n<td>LPTMS<\/td>\n<td>60 k\u20ac<\/td>\n<\/tr>\n<tr>\n<td>Th\u00e8me 2<\/td>\n<td>PhysBioPS<\/td>\n<td>Autre<\/td>\n<td>Martin<\/td>\n<td>Lenz<\/td>\n<td>LPTMS<\/td>\n<td>47,43 k\u20ac<\/td>\n<\/tr>\n<tr>\n<td>Th\u00e8me 2<\/td>\n<td>NanoWeakGels<\/td>\n<td>Doctorant<\/td>\n<td>Fr\u00e9d\u00e9rique<\/td>\n<td>Giorgiutti-Dauphin\u00e9<\/td>\n<td>FAST<\/td>\n<td>61 k\u20ac<\/td>\n<\/tr>\n<tr>\n<td>Th\u00e8me 2<\/td>\n<td>QSim_MBDyn<\/td>\n<td>Chaire junior interne<\/td>\n<td>Leonardo<\/td>\n<td>Mazza<\/td>\n<td>LPTMS<\/td>\n<td>72 k\u20ac<\/td>\n<\/tr>\n<tr>\n<td>Th\u00e8me 2<\/td>\n<td>NanopiCo<\/td>\n<td>Chaire junior interne<\/td>\n<td>Cyrille<\/td>\n<td>Hamon<\/td>\n<td>LPS<\/td>\n<td>106 k\u20ac<\/td>\n<\/tr>\n<tr>\n<td>Th\u00e8me 3<\/td>\n<td>MIRExpress<\/td>\n<td>Equipement<\/td>\n<td>Marc<\/td>\n<td>Hanna<\/td>\n<td>LCF<\/td>\n<td>60,4 k\u20ac<\/td>\n<\/tr>\n<tr>\n<td>Th\u00e8me 3<\/td>\n<td>Tera CoDDE<\/td>\n<td>Chaire junior externe<\/td>\n<td>Davide<\/td>\n<td>Boschetto<\/td>\n<td>LOA<\/td>\n<td>153 k\u20ac<\/td>\n<\/tr>\n<tr>\n<td>Th\u00e8me 3<\/td>\n<td>MARMOTT<\/td>\n<td>Chaire junior externe<\/td>\n<td>St\u00e9phane<\/td>\n<td>Guizard<\/td>\n<td>LIDYL<\/td>\n<td>153 k\u20ac<\/td>\n<\/tr>\n<tr>\n<td>Th\u00e8me 3<\/td>\n<td>FROMAGE<\/td>\n<td>Equipement<\/td>\n<td>Fabien<\/td>\n<td>Tissandier<\/td>\n<td>LOA<\/td>\n<td>49 k\u20ac<\/td>\n<\/tr>\n<tr>\n<td>Th\u00e8me 3<\/td>\n<td>UFEX<\/td>\n<td>Post-doctorant<\/td>\n<td>Val\u00e9rie<\/td>\n<td>V\u00e9niard<\/td>\n<td>LSI<\/td>\n<td>68 k\u20ac<\/td>\n<\/tr>\n<tr>\n<td>Emergence<\/td>\n<td>3DLightChain<\/td>\n<td>Doctorant<\/td>\n<td>Laura<\/td>\n<td>Baciou<\/td>\n<td>LCP<\/td>\n<td>120 k\u20ac<\/td>\n<\/tr>\n<tr>\n<td>Emergence<\/td>\n<td>TeraMet<\/td>\n<td>Equipement<\/td>\n<td>Olivier<\/td>\n<td>Pirali<\/td>\n<td>ISMO<\/td>\n<td>38 k\u20ac<\/td>\n<\/tr>\n<tr>\n<td>Emergence<\/td>\n<td>MAGHEDP<\/td>\n<td>Equipement<\/td>\n<td>Michel<\/td>\n<td>Koenig<\/td>\n<td>LULI<\/td>\n<td>44 k\u20ac<\/td>\n<\/tr>\n<tr>\n<td>Emergence<\/td>\n<td>SPIRUV<\/td>\n<td>Equipement<\/td>\n<td>B\u00e9renger<\/td>\n<td>Gans<\/td>\n<td>ISMO<\/td>\n<td>46 k\u20ac<\/td>\n<\/tr>\n<tr>\n<td>Emergence<\/td>\n<td>TESLA<\/td>\n<td>Equipement<\/td>\n<td>Gildas<\/td>\n<td>Goldsztejn<\/td>\n<td>ISMO<\/td>\n<td>44 k\u20ac<\/td>\n<\/tr>\n<tr>\n<td>Emergence<\/td>\n<td>EDM-COM<\/td>\n<td>Equipement<\/td>\n<td>Hans<\/td>\n<td>Lignier<\/td>\n<td>LAC<\/td>\n<td>60 k\u20ac<\/td>\n<\/tr>\n<\/tbody>\n<\/table>\n<p><span style=\"color: #ffffff;\">r<\/span><\/p>\n<table style=\"font-size: 8pt; border-collapse: collapse;\" border=\"0\" cellspacing=\"0\" cellpadding=\"0\">\n<thead>\n<tr style=\"background-color: #1486d7; border-color: #1486d7; border-width: 1px;\">\n<td style=\"border: 1px solid #1486d7;\">\n<p style=\"color: #ffffff;\"><strong>Axe<\/strong><\/p>\n<\/td>\n<td style=\"border: 1px solid #1486d7;\">\n<p style=\"color: #ffffff;\"><strong>Acronyme<\/strong><\/p>\n<\/td>\n<td style=\"border: 1px solid #1486d7;\">\n<p style=\"color: #ffffff;\"><strong>Type<\/strong><\/p>\n<\/td>\n<td style=\"border: 1px solid #1486d7;\">\n<p style=\"color: #ffffff;\"><strong>Nom<\/strong><\/p>\n<\/td>\n<td style=\"border: 1px solid #1486d7;\">\n<p style=\"color: #ffffff;\"><strong>Pr\u00e9nom<\/strong><\/p>\n<\/td>\n<td style=\"border: 1px solid #1486d7;\">\n<p style=\"color: #ffffff;\"><strong>Labo<\/strong><\/p>\n<\/td>\n<td style=\"border: 1px solid #1486d7;\">\n<p style=\"color: #ffffff;\"><strong>Allou\u00e9<\/strong><\/p>\n<\/td>\n<\/tr>\n<\/thead>\n<tbody>\n<tr>\n<td>Formation<\/td>\n<td>ViTAMecaQ<\/td>\n<td>Diffusion<\/td>\n<td>Desouter<\/td>\n<td>Michele<\/td>\n<td>LCP<\/td>\n<td>5 k\u20ac<\/td>\n<\/tr>\n<tr>\n<td>Formation<\/td>\n<td>SUCCESS 2020<\/td>\n<td>Atelier\/Workshop<\/td>\n<td>Patrick<\/td>\n<td>Le Fevre<\/td>\n<td>SOLEIL<\/td>\n<td>5 k\u20ac<\/td>\n<\/tr>\n<tr>\n<td>Formation<\/td>\n<td>LHEPD2020<\/td>\n<td>Atelier\/Workshop<\/td>\n<td>Goulven<\/td>\n<td>Qu\u00e9m\u00e9ner<\/td>\n<td>LAC<\/td>\n<td>6 k\u20ac<\/td>\n<\/tr>\n<tr>\n<td>Formation<\/td>\n<td>PEPS<\/td>\n<td>Diffusion<\/td>\n<td>Pierre<\/td>\n<td>Tardiveau<\/td>\n<td>LPGP<\/td>\n<td>6 k\u20ac<\/td>\n<\/tr>\n<tr>\n<td>Formation<\/td>\n<td>OpenOptics<\/td>\n<td>Diffusion<\/td>\n<td>S\u00e9bastien<\/td>\n<td>De Rossi<\/td>\n<td>LCF<\/td>\n<td>18 k\u20ac<\/td>\n<\/tr>\n<tr>\n<td>Formation<\/td>\n<td>CORR2DES<\/td>\n<td>Atelier\/Workshop<\/td>\n<td>Marc<\/td>\n<td>Gabay<\/td>\n<td>LPS<\/td>\n<td>3,5 k\u20ac<\/td>\n<\/tr>\n<tr>\n<td>Formation<\/td>\n<td>ATISER<\/td>\n<td>TP<\/td>\n<td>Catherine<\/td>\n<td>Le Blanc<\/td>\n<td>LULI<\/td>\n<td>20 k\u20ac<\/td>\n<\/tr>\n<tr>\n<td>Formation<\/td>\n<td>CRYO4K<\/td>\n<td>TP<\/td>\n<td>Aur\u00e9lia<\/td>\n<td>Charrier<\/td>\n<td>SPEC\/LC<\/td>\n<td>8 k\u20ac<\/td>\n<\/tr>\n<tr>\n<td>Formation<\/td>\n<td>micropol2<\/td>\n<td>TP<\/td>\n<td>Mehdi<\/td>\n<td>Zeghal<\/td>\n<td>LPS<\/td>\n<td>16,7 k\u20ac<\/td>\n<\/tr>\n<\/tbody>\n<\/table>\n<p><span style=\"color: #ffffff;\">d<\/span><\/p>\n<table style=\"font-size: 8pt; border-collapse: collapse;\" border=\"0\" cellspacing=\"0\" cellpadding=\"0\">\n<thead>\n<tr style=\"background-color: #1486d7; border-color: #1486d7; border-width: 1px;\">\n<td style=\"border: 1px solid #1486d7;\">\n<p style=\"color: #ffffff;\"><strong>Axe<\/strong><\/p>\n<\/td>\n<td style=\"border: 1px solid #1486d7;\">\n<p style=\"color: #ffffff;\"><strong>Acronyme<\/strong><\/p>\n<\/td>\n<td style=\"border: 1px solid #1486d7;\">\n<p style=\"color: #ffffff;\"><strong>Porteur<\/strong><\/p>\n<\/td>\n<td style=\"border: 1px solid #1486d7;\">\n<p style=\"color: #ffffff;\"><strong>Labo<\/strong><\/p>\n<\/td>\n<td style=\"border: 1px solid #1486d7;\">\n<p style=\"color: #ffffff;\"><strong>Labex<\/strong><\/p>\n<\/td>\n<td style=\"border: 1px solid #1486d7;\">\n<p style=\"color: #ffffff;\"><strong>Allou\u00e9<\/strong><\/p>\n<\/td>\n<\/tr>\n<\/thead>\n<tbody>\n<tr>\n<td>Valorisation<\/td>\n<td>HIBISCUS<\/td>\n<td>Cindy Bellanger<\/td>\n<td>DOTA<\/td>\n<td>PALM<\/td>\n<td width=\"38\">34 k\u20ac<\/td>\n<\/tr>\n<tr>\n<td>Valorisation<\/td>\n<td>SolTE-Hybrid<\/td>\n<td>Sawako Nakamae<\/td>\n<td>SPEC<\/td>\n<td width=\"107\">PALM<\/td>\n<td width=\"38\">55 k\u20ac<\/td>\n<\/tr>\n<tr>\n<td>Valorisation<\/td>\n<td>DeepIm cube<\/td>\n<td>Fr\u00e9d\u00e9ric Druon<\/td>\n<td>LCF LOB<\/td>\n<td width=\"107\">PALM<\/td>\n<td width=\"38\">40 k\u20ac<\/td>\n<\/tr>\n<tr>\n<td>Valorisation<\/td>\n<td>HREELM<\/td>\n<td>Nicholas Barrett<\/td>\n<td>SPEC ISMO LAC<\/td>\n<td width=\"107\">NANOSACLAY\/PALM<\/td>\n<td width=\"38\">61 k\u20ac<\/td>\n<\/tr>\n<tr>\n<td>Valorisation<\/td>\n<td>VALOSPYF<\/td>\n<td>Yann Leconte<\/td>\n<td>NIMBE<\/td>\n<td width=\"107\">NANOSACLAY<\/td>\n<td width=\"38\">30 k\u20ac<\/td>\n<\/tr>\n<tr>\n<td>Valorisation<\/td>\n<td>CARTE<\/td>\n<td>Aur\u00e9lie Solignac<\/td>\n<td>SPEC<\/td>\n<td width=\"107\">NANOSACLAY<\/td>\n<td width=\"38\">55 k\u20ac<\/td>\n<\/tr>\n<tr>\n<td>Valorisation<\/td>\n<td>COPOBAC<\/td>\n<td>Geraldine Carrot<\/td>\n<td>NIMBE<\/td>\n<td width=\"107\">NANOSACLAY<\/td>\n<td width=\"38\">50 k\u20ac<\/td>\n<\/tr>\n<tr>\n<td>Valorisation<\/td>\n<td>(Pr)2<\/td>\n<td>Thill Antoine<\/td>\n<td>NIMBE<\/td>\n<td width=\"107\">NANOSACLAY<\/td>\n<td width=\"38\">45 k\u20ac<\/td>\n<\/tr>\n<\/tbody>\n<\/table>\n","protected":false},"excerpt":{"rendered":"<p>Les r\u00e9sultats de l&#8217;AO 2020 sont disponibles. Cette ann\u00e9e 37 projets sont financ\u00e9s pour [&hellip;]<\/p>\n","protected":false},"author":2,"featured_media":0,"parent":0,"menu_order":0,"comment_status":"closed","ping_status":"closed","template":"","meta":[],"acf":[],"yoast_head":"<!-- This site is optimized with the Yoast SEO plugin v21.8.1 - https:\/\/yoast.com\/wordpress\/plugins\/seo\/ -->\n<title>R\u00e9sultats AO 2020 - Labex-Palm<\/title>\n<meta name=\"robots\" content=\"index, follow, max-snippet:-1, max-image-preview:large, max-video-preview:-1\" \/>\n<link rel=\"canonical\" href=\"https:\/\/www.labex-palm.fr\/en\/resultats-ao-2020\/\" \/>\n<meta property=\"og:locale\" content=\"en_US\" \/>\n<meta property=\"og:type\" content=\"article\" \/>\n<meta property=\"og:title\" content=\"R\u00e9sultats AO 2020 - Labex-Palm\" \/>\n<meta property=\"og:description\" content=\"Les r\u00e9sultats de l&#8217;AO 2020 sont disponibles. Cette ann\u00e9e 37 projets sont financ\u00e9s pour [&hellip;]\" \/>\n<meta property=\"og:url\" content=\"https:\/\/www.labex-palm.fr\/en\/resultats-ao-2020\/\" \/>\n<meta property=\"og:site_name\" content=\"Labex-Palm\" \/>\n<meta property=\"article:modified_time\" content=\"2020-12-22T08:37:54+00:00\" \/>\n<meta name=\"twitter:card\" content=\"summary_large_image\" \/>\n<meta name=\"twitter:label1\" content=\"Est. reading time\" \/>\n\t<meta name=\"twitter:data1\" content=\"2 minutes\" \/>\n<script type=\"application\/ld+json\" class=\"yoast-schema-graph\">{\"@context\":\"https:\/\/schema.org\",\"@graph\":[{\"@type\":\"WebPage\",\"@id\":\"https:\/\/www.labex-palm.fr\/en\/resultats-ao-2020\/\",\"url\":\"https:\/\/www.labex-palm.fr\/en\/resultats-ao-2020\/\",\"name\":\"R\u00e9sultats AO 2020 - Labex-Palm\",\"isPartOf\":{\"@id\":\"https:\/\/www.labex-palm.fr\/#website\"},\"datePublished\":\"2020-03-17T10:16:04+00:00\",\"dateModified\":\"2020-12-22T08:37:54+00:00\",\"breadcrumb\":{\"@id\":\"https:\/\/www.labex-palm.fr\/en\/resultats-ao-2020\/#breadcrumb\"},\"inLanguage\":\"en-US\",\"potentialAction\":[{\"@type\":\"ReadAction\",\"target\":[\"https:\/\/www.labex-palm.fr\/en\/resultats-ao-2020\/\"]}]},{\"@type\":\"BreadcrumbList\",\"@id\":\"https:\/\/www.labex-palm.fr\/en\/resultats-ao-2020\/#breadcrumb\",\"itemListElement\":[{\"@type\":\"ListItem\",\"position\":1,\"name\":\"Accueil\",\"item\":\"https:\/\/www.labex-palm.fr\/en\/\"},{\"@type\":\"ListItem\",\"position\":2,\"name\":\"R\u00e9sultats AO 2020\"}]},{\"@type\":\"WebSite\",\"@id\":\"https:\/\/www.labex-palm.fr\/#website\",\"url\":\"https:\/\/www.labex-palm.fr\/\",\"name\":\"Labex-Palm\",\"description\":\"Physique Atomes Lumi\u00e8re Mati\u00e8re\",\"potentialAction\":[{\"@type\":\"SearchAction\",\"target\":{\"@type\":\"EntryPoint\",\"urlTemplate\":\"https:\/\/www.labex-palm.fr\/?s={search_term_string}\"},\"query-input\":\"required name=search_term_string\"}],\"inLanguage\":\"en-US\"}]}<\/script>\n<!-- \/ Yoast SEO plugin. -->","yoast_head_json":{"title":"R\u00e9sultats AO 2020 - Labex-Palm","robots":{"index":"index","follow":"follow","max-snippet":"max-snippet:-1","max-image-preview":"max-image-preview:large","max-video-preview":"max-video-preview:-1"},"canonical":"https:\/\/www.labex-palm.fr\/en\/resultats-ao-2020\/","og_locale":"en_US","og_type":"article","og_title":"R\u00e9sultats AO 2020 - Labex-Palm","og_description":"Les r\u00e9sultats de l&#8217;AO 2020 sont disponibles. Cette ann\u00e9e 37 projets sont financ\u00e9s pour [&hellip;]","og_url":"https:\/\/www.labex-palm.fr\/en\/resultats-ao-2020\/","og_site_name":"Labex-Palm","article_modified_time":"2020-12-22T08:37:54+00:00","twitter_card":"summary_large_image","twitter_misc":{"Est. reading time":"2 minutes"},"schema":{"@context":"https:\/\/schema.org","@graph":[{"@type":"WebPage","@id":"https:\/\/www.labex-palm.fr\/en\/resultats-ao-2020\/","url":"https:\/\/www.labex-palm.fr\/en\/resultats-ao-2020\/","name":"R\u00e9sultats AO 2020 - Labex-Palm","isPartOf":{"@id":"https:\/\/www.labex-palm.fr\/#website"},"datePublished":"2020-03-17T10:16:04+00:00","dateModified":"2020-12-22T08:37:54+00:00","breadcrumb":{"@id":"https:\/\/www.labex-palm.fr\/en\/resultats-ao-2020\/#breadcrumb"},"inLanguage":"en-US","potentialAction":[{"@type":"ReadAction","target":["https:\/\/www.labex-palm.fr\/en\/resultats-ao-2020\/"]}]},{"@type":"BreadcrumbList","@id":"https:\/\/www.labex-palm.fr\/en\/resultats-ao-2020\/#breadcrumb","itemListElement":[{"@type":"ListItem","position":1,"name":"Accueil","item":"https:\/\/www.labex-palm.fr\/en\/"},{"@type":"ListItem","position":2,"name":"R\u00e9sultats AO 2020"}]},{"@type":"WebSite","@id":"https:\/\/www.labex-palm.fr\/#website","url":"https:\/\/www.labex-palm.fr\/","name":"Labex-Palm","description":"Physique Atomes Lumi\u00e8re Mati\u00e8re","potentialAction":[{"@type":"SearchAction","target":{"@type":"EntryPoint","urlTemplate":"https:\/\/www.labex-palm.fr\/?s={search_term_string}"},"query-input":"required name=search_term_string"}],"inLanguage":"en-US"}]}},"_links":{"self":[{"href":"https:\/\/www.labex-palm.fr\/en\/wp-json\/wp\/v2\/pages\/3184"}],"collection":[{"href":"https:\/\/www.labex-palm.fr\/en\/wp-json\/wp\/v2\/pages"}],"about":[{"href":"https:\/\/www.labex-palm.fr\/en\/wp-json\/wp\/v2\/types\/page"}],"author":[{"embeddable":true,"href":"https:\/\/www.labex-palm.fr\/en\/wp-json\/wp\/v2\/users\/2"}],"replies":[{"embeddable":true,"href":"https:\/\/www.labex-palm.fr\/en\/wp-json\/wp\/v2\/comments?post=3184"}],"version-history":[{"count":10,"href":"https:\/\/www.labex-palm.fr\/en\/wp-json\/wp\/v2\/pages\/3184\/revisions"}],"predecessor-version":[{"id":4201,"href":"https:\/\/www.labex-palm.fr\/en\/wp-json\/wp\/v2\/pages\/3184\/revisions\/4201"}],"wp:attachment":[{"href":"https:\/\/www.labex-palm.fr\/en\/wp-json\/wp\/v2\/media?parent=3184"}],"curies":[{"name":"wp","href":"https:\/\/api.w.org\/{rel}","templated":true}]}}