{"id":632,"date":"2019-07-09T16:19:56","date_gmt":"2019-07-09T14:19:56","guid":{"rendered":"https:\/\/www.labex-palm.fr\/?page_id=632"},"modified":"2020-03-16T15:32:27","modified_gmt":"2020-03-16T14:32:27","slug":"logos","status":"publish","type":"page","link":"https:\/\/www.labex-palm.fr\/en\/labex-palm\/logos\/","title":{"rendered":"Logos"},"content":{"rendered":"<div class=\"art-article\">\n<p><strong>Aknowledgement<\/strong><\/p>\n<table style=\"height: 160px; width: 800px;\">\n<tbody>\n<tr>\n<td style=\"background-color: #49a9ee;\"><span style=\"color: #ffffff;\">\u00a0<\/span><\/td>\n<th style=\"background-color: #49a9ee;\"><span style=\"font-size: 8pt; color: #ffffff;\">Version courte<\/span><\/th>\n<th style=\"background-color: #49a9ee;\"><span style=\"font-size: 8pt; color: #ffffff;\">Version longue<\/span><\/th>\n<\/tr>\n<tr>\n<th style=\"background-color: #49a9ee;\" align=\"left\"><span style=\"font-size: 8pt; color: #ffffff;\">FR<\/span><\/th>\n<td><span style=\"font-size: 8pt;\">\u00ab Ce travail a b\u00e9n\u00e9fici\u00e9 d&#8217;une aide\u00a0Investissements d\u2019Avenir\u00a0du\u00a0LabEx PALM\u00a0(ANR-10-LABX-0039-PALM) \u00bb\u00a0<\/span><\/td>\n<td><span style=\"font-size: 8pt;\">\u00ab Ce travail a b\u00e9n\u00e9fici\u00e9 d\u2019un financement de la part du Laboratoire d\u2019Excellence Physique Atomes Lumi\u00e8re Mati\u00e8re (LabEx PALM) dans le cadre d&#8217;une aide de l\u2019Etat g\u00e9r\u00e9e par l&#8217;Agence Nationale de la Recherche au titre du programme\u00a0Investissements d\u2019Avenir\u00a0portant la r\u00e9f\u00e9rence\u00a0ANR-10-LABX-0039-PALM\u00a0\u00bb<\/span><\/td>\n<\/tr>\n<tr>\n<th style=\"background-color: #49a9ee;\" align=\"left\"><span style=\"font-size: 8pt; color: #ffffff;\">EN<\/span><\/th>\n<td><span style=\"font-size: 8pt;\">\u00a0\u00ab This work is supported by \u201cInvestissements d\u2019Avenir\u201d\u00a0LabEx PALM\u00a0(ANR-10-LABX-0039-PALM)\u00a0\u00bb<\/span><\/td>\n<td><span style=\"font-size: 8pt;\">\u00a0\u00ab This work is supported by a public grant from the \u201cLaboratoire d\u2019Excellence Physics Atoms Light Mater\u201d (LabEx PALM) overseen by the French National Research Agency (ANR) as part of the \u201cInvestissements d\u2019Avenir\u201d program (reference:\u00a0ANR-10-LABX-0039-PALM)\u00a0\u00bb<\/span><\/td>\n<\/tr>\n<\/tbody>\n<\/table>\n<p><strong>Logos<\/strong><\/p>\n<table style=\"width: 800px; height: 252px;\">\n<tbody>\n<tr>\n<th align=\"center\"><img decoding=\"async\" loading=\"lazy\" style=\"font-weight: bold; text-align: -webkit-center; display: block; margin-left: auto; margin-right: auto;\" src=\"\/images\/logo_investissement_davenir.png\" alt=\"logo_investissement_davenir.png\" width=\"150\" height=\"150\" \/><\/th>\n<th align=\"center\" valign=\"middle\">\n<h3><img decoding=\"async\" loading=\"lazy\" style=\"font-weight: bold; text-align: -webkit-center; display: block; margin-left: auto; margin-right: auto;\" src=\"\/images\/logo_PALM_grand-baseline.jpg\" alt=\"logo PALM grand-baseline\" width=\"417\" height=\"200\" \/><\/h3>\n<\/th>\n<\/tr>\n<\/tbody>\n<\/table>\n<table style=\"height: 451px;\" width=\"800\" cellspacing=\"0\" cellpadding=\"0\">\n<tbody>\n<tr>\n<th style=\"height: 150px; width: 200px;\" align=\"center\" valign=\"middle\"><img decoding=\"async\" loading=\"lazy\" style=\"font-weight: bold; text-align: center; display: block; margin-left: auto; margin-right: auto;\" src=\"\/images\/stories\/partenaires\/CEA.jpeg\" alt=\"CEA\" width=\"115\" height=\"94\" \/><\/th>\n<th style=\"height: 150px; width: 200px;\" align=\"center\"><img decoding=\"async\" loading=\"lazy\" style=\"font-weight: bold; text-align: -webkit-center; display: block; margin-left: auto; margin-right: auto;\" src=\"\/images\/stories\/partenaires\/CNRSfilaire-grand.jpg\" alt=\"CNRSfilaire-grand\" width=\"100\" height=\"100\" \/><\/th>\n<th style=\"height: 150px; width: 200px;\" align=\"center\" valign=\"middle\"><img decoding=\"async\" loading=\"lazy\" style=\"font-weight: bold; text-align: -webkit-center; display: block; margin-left: auto; margin-right: auto;\" src=\"\/images\/stories\/partenaires\/CentraleSup\u00e9lec.jpg\" alt=\"CentraleSup\u00e9lec\" width=\"150\" height=\"90\" \/><\/th>\n<th style=\"height: 150px; width: 200px;\" align=\"center\" valign=\"middle\"><img decoding=\"async\" loading=\"lazy\" style=\"font-weight: bold; text-align: -webkit-center; display: block; margin-left: auto; margin-right: auto;\" src=\"https:\/\/www.labex-palm.fr\/wp-content\/uploads\/2019\/10\/logo.png\" alt=\"\" width=\"82\" height=\"120\" \/><\/th>\n<\/tr>\n<tr>\n<th style=\"height: 150px; width: 200px;\" align=\"center\" valign=\"middle\"><img decoding=\"async\" loading=\"lazy\" style=\"font-weight: bold; text-align: -webkit-center; display: block; margin-left: auto; margin-right: auto;\" src=\"\/images\/stories\/partenaires\/ENS_Paris_Saclay.png\" alt=\"ENS Paris Saclay\" width=\"150\" height=\"65\" \/><\/th>\n<th style=\"height: 150px; width: 200px;\" align=\"center\" valign=\"middle\"><img decoding=\"async\" loading=\"lazy\" style=\"font-weight: bold; text-align: -webkit-center; display: block; margin-left: auto; margin-right: auto;\" src=\"\/images\/stories\/partenaires\/Logo_Ecole_polytechnique_vertical_jpeg_BD.jpg\" alt=\"Logo Ecole polytechnique vertical jpeg BD\" width=\"105\" height=\"140\" \/><\/th>\n<th style=\"height: 150px; width: 200px;\" align=\"center\" valign=\"middle\"><img decoding=\"async\" loading=\"lazy\" style=\"font-weight: bold; text-align: -webkit-center; display: block; margin-left: auto; margin-right: auto;\" src=\"\/images\/stories\/partenaires\/logo-iogs_pt.jpg\" alt=\"logo-iogs_pt\" width=\"170\" height=\"83\" \/><\/th>\n<th style=\"height: 150px; width: 200px;\" align=\"center\" valign=\"middle\"><img decoding=\"async\" loading=\"lazy\" style=\"font-weight: bold; text-align: -webkit-center; display: block; margin-left: auto; margin-right: auto;\" src=\"\/images\/stories\/partenaires\/images.jpg\" alt=\"onera\" width=\"170\" height=\"48\" \/><\/th>\n<\/tr>\n<tr>\n<th style=\"height: 150px; width: 200px;\" align=\"center\" valign=\"middle\"><img decoding=\"async\" loading=\"lazy\" style=\"font-weight: bold; text-align: -webkit-center; display: block; margin-left: auto; margin-right: auto;\" src=\"\/images\/stories\/partenaires\/soleilquadri.jpg\" alt=\"soleilquadri\" width=\"150\" height=\"72\" \/><\/th>\n<th style=\"height: 150px; width: 200px;\" align=\"center\" valign=\"middle\">\n<p><img decoding=\"async\" loading=\"lazy\" style=\"font-weight: bold; text-align: -webkit-center; display: block; margin-left: auto; margin-right: auto;\" src=\"\/images\/stories\/partenaires\/logo_thales.gif\" alt=\"logo_thales\" width=\"110\" height=\"25\" \/><\/th>\n<th style=\"height: 150px; width: 200px;\" align=\"center\"><img decoding=\"async\" loading=\"lazy\" style=\"font-weight: bold; text-align: -webkit-center; display: block; margin-left: auto; margin-right: auto;\" src=\"\/images\/stories\/partenaires\/logo_paris-sud-new.jpg\" alt=\"logo_paris-sud-new\" width=\"150\" height=\"145\" \/><\/th>\n<th style=\"height: 150px; width: 200px;\" align=\"center\"><img decoding=\"async\" loading=\"lazy\" style=\"font-weight: bold; text-align: center; vertical-align: middle; display: block; margin-left: auto; margin-right: auto;\" src=\"\/images\/stories\/partenaires\/Universit\u00e9_Paris_Saclay.png\" alt=\"Universit\u00e9 Paris Saclay\" width=\"150\" height=\"51\" \/><\/th>\n<\/tr>\n<\/tbody>\n<\/table>\n<\/div>\n","protected":false},"excerpt":{"rendered":"<p>Aknowledgement \u00a0 Version courte Version longue FR \u00ab Ce travail a b\u00e9n\u00e9fici\u00e9 d&#8217;une aide\u00a0Investissements [&hellip;]<\/p>\n","protected":false},"author":1,"featured_media":0,"parent":621,"menu_order":0,"comment_status":"closed","ping_status":"closed","template":"","meta":[],"acf":[],"yoast_head":"<!-- This site is optimized with the Yoast SEO plugin v21.8.1 - https:\/\/yoast.com\/wordpress\/plugins\/seo\/ -->\n<title>Logos - Labex-Palm<\/title>\n<meta name=\"robots\" content=\"index, follow, max-snippet:-1, max-image-preview:large, max-video-preview:-1\" \/>\n<link rel=\"canonical\" href=\"https:\/\/www.labex-palm.fr\/en\/labex-palm\/logos\/\" \/>\n<meta property=\"og:locale\" content=\"en_US\" \/>\n<meta property=\"og:type\" content=\"article\" \/>\n<meta property=\"og:title\" content=\"Logos - Labex-Palm\" \/>\n<meta property=\"og:description\" content=\"Aknowledgement \u00a0 Version courte Version longue FR \u00ab Ce travail a b\u00e9n\u00e9fici\u00e9 d&#8217;une aide\u00a0Investissements [&hellip;]\" \/>\n<meta property=\"og:url\" content=\"https:\/\/www.labex-palm.fr\/en\/labex-palm\/logos\/\" \/>\n<meta property=\"og:site_name\" content=\"Labex-Palm\" \/>\n<meta property=\"article:modified_time\" content=\"2020-03-16T14:32:27+00:00\" \/>\n<meta property=\"og:image\" content=\"https:\/\/www.labex-palm.fr\/images\/logo_investissement_davenir.png\" \/>\n<meta name=\"twitter:card\" content=\"summary_large_image\" \/>\n<meta name=\"twitter:label1\" content=\"Est. reading time\" \/>\n\t<meta name=\"twitter:data1\" content=\"1 minute\" \/>\n<script type=\"application\/ld+json\" class=\"yoast-schema-graph\">{\"@context\":\"https:\/\/schema.org\",\"@graph\":[{\"@type\":\"WebPage\",\"@id\":\"https:\/\/www.labex-palm.fr\/en\/labex-palm\/logos\/\",\"url\":\"https:\/\/www.labex-palm.fr\/en\/labex-palm\/logos\/\",\"name\":\"Logos - Labex-Palm\",\"isPartOf\":{\"@id\":\"https:\/\/www.labex-palm.fr\/#website\"},\"datePublished\":\"2019-07-09T14:19:56+00:00\",\"dateModified\":\"2020-03-16T14:32:27+00:00\",\"breadcrumb\":{\"@id\":\"https:\/\/www.labex-palm.fr\/en\/labex-palm\/logos\/#breadcrumb\"},\"inLanguage\":\"en-US\",\"potentialAction\":[{\"@type\":\"ReadAction\",\"target\":[\"https:\/\/www.labex-palm.fr\/en\/labex-palm\/logos\/\"]}]},{\"@type\":\"BreadcrumbList\",\"@id\":\"https:\/\/www.labex-palm.fr\/en\/labex-palm\/logos\/#breadcrumb\",\"itemListElement\":[{\"@type\":\"ListItem\",\"position\":1,\"name\":\"Accueil\",\"item\":\"https:\/\/www.labex-palm.fr\/en\/\"},{\"@type\":\"ListItem\",\"position\":2,\"name\":\"Labex Palm\",\"item\":\"https:\/\/www.labex-palm.fr\/en\/\"},{\"@type\":\"ListItem\",\"position\":3,\"name\":\"Logos\"}]},{\"@type\":\"WebSite\",\"@id\":\"https:\/\/www.labex-palm.fr\/#website\",\"url\":\"https:\/\/www.labex-palm.fr\/\",\"name\":\"Labex-Palm\",\"description\":\"Physique Atomes Lumi\u00e8re Mati\u00e8re\",\"potentialAction\":[{\"@type\":\"SearchAction\",\"target\":{\"@type\":\"EntryPoint\",\"urlTemplate\":\"https:\/\/www.labex-palm.fr\/?s={search_term_string}\"},\"query-input\":\"required name=search_term_string\"}],\"inLanguage\":\"en-US\"}]}<\/script>\n<!-- \/ Yoast SEO plugin. -->","yoast_head_json":{"title":"Logos - Labex-Palm","robots":{"index":"index","follow":"follow","max-snippet":"max-snippet:-1","max-image-preview":"max-image-preview:large","max-video-preview":"max-video-preview:-1"},"canonical":"https:\/\/www.labex-palm.fr\/en\/labex-palm\/logos\/","og_locale":"en_US","og_type":"article","og_title":"Logos - Labex-Palm","og_description":"Aknowledgement \u00a0 Version courte Version longue FR \u00ab Ce travail a b\u00e9n\u00e9fici\u00e9 d&#8217;une aide\u00a0Investissements [&hellip;]","og_url":"https:\/\/www.labex-palm.fr\/en\/labex-palm\/logos\/","og_site_name":"Labex-Palm","article_modified_time":"2020-03-16T14:32:27+00:00","og_image":[{"url":"https:\/\/www.labex-palm.fr\/images\/logo_investissement_davenir.png"}],"twitter_card":"summary_large_image","twitter_misc":{"Est. reading time":"1 minute"},"schema":{"@context":"https:\/\/schema.org","@graph":[{"@type":"WebPage","@id":"https:\/\/www.labex-palm.fr\/en\/labex-palm\/logos\/","url":"https:\/\/www.labex-palm.fr\/en\/labex-palm\/logos\/","name":"Logos - Labex-Palm","isPartOf":{"@id":"https:\/\/www.labex-palm.fr\/#website"},"datePublished":"2019-07-09T14:19:56+00:00","dateModified":"2020-03-16T14:32:27+00:00","breadcrumb":{"@id":"https:\/\/www.labex-palm.fr\/en\/labex-palm\/logos\/#breadcrumb"},"inLanguage":"en-US","potentialAction":[{"@type":"ReadAction","target":["https:\/\/www.labex-palm.fr\/en\/labex-palm\/logos\/"]}]},{"@type":"BreadcrumbList","@id":"https:\/\/www.labex-palm.fr\/en\/labex-palm\/logos\/#breadcrumb","itemListElement":[{"@type":"ListItem","position":1,"name":"Accueil","item":"https:\/\/www.labex-palm.fr\/en\/"},{"@type":"ListItem","position":2,"name":"Labex Palm","item":"https:\/\/www.labex-palm.fr\/en\/"},{"@type":"ListItem","position":3,"name":"Logos"}]},{"@type":"WebSite","@id":"https:\/\/www.labex-palm.fr\/#website","url":"https:\/\/www.labex-palm.fr\/","name":"Labex-Palm","description":"Physique Atomes Lumi\u00e8re Mati\u00e8re","potentialAction":[{"@type":"SearchAction","target":{"@type":"EntryPoint","urlTemplate":"https:\/\/www.labex-palm.fr\/?s={search_term_string}"},"query-input":"required name=search_term_string"}],"inLanguage":"en-US"}]}},"_links":{"self":[{"href":"https:\/\/www.labex-palm.fr\/en\/wp-json\/wp\/v2\/pages\/632"}],"collection":[{"href":"https:\/\/www.labex-palm.fr\/en\/wp-json\/wp\/v2\/pages"}],"about":[{"href":"https:\/\/www.labex-palm.fr\/en\/wp-json\/wp\/v2\/types\/page"}],"author":[{"embeddable":true,"href":"https:\/\/www.labex-palm.fr\/en\/wp-json\/wp\/v2\/users\/1"}],"replies":[{"embeddable":true,"href":"https:\/\/www.labex-palm.fr\/en\/wp-json\/wp\/v2\/comments?post=632"}],"version-history":[{"count":22,"href":"https:\/\/www.labex-palm.fr\/en\/wp-json\/wp\/v2\/pages\/632\/revisions"}],"predecessor-version":[{"id":2974,"href":"https:\/\/www.labex-palm.fr\/en\/wp-json\/wp\/v2\/pages\/632\/revisions\/2974"}],"up":[{"embeddable":true,"href":"https:\/\/www.labex-palm.fr\/en\/wp-json\/wp\/v2\/pages\/621"}],"wp:attachment":[{"href":"https:\/\/www.labex-palm.fr\/en\/wp-json\/wp\/v2\/media?parent=632"}],"curies":[{"name":"wp","href":"https:\/\/api.w.org\/{rel}","templated":true}]}}