{"id":650,"date":"2019-07-09T16:29:30","date_gmt":"2019-07-09T14:29:30","guid":{"rendered":"https:\/\/www.labex-palm.fr\/?page_id=650"},"modified":"2021-11-23T10:01:36","modified_gmt":"2021-11-23T09:01:36","slug":"partner-laboratories","status":"publish","type":"page","link":"https:\/\/www.labex-palm.fr\/en\/research\/partner-laboratories\/","title":{"rendered":"Partner laboratories"},"content":{"rendered":"\n<h3 class=\"wp-block-heading\">LABORATORIES<\/h3>\n\n\n\n<p>D\u00e9couvrez l&#8217;ensemble des laboratoires rattach\u00e9s au labex PALM.<\/p>\n\n\n\n<figure class=\"wp-block-table is-style-stripes\"><table><tbody><tr><td><strong>&nbsp;<\/strong><\/td><td><strong>Sigle<\/strong><\/td><td><strong>Laboratoire<\/strong><\/td><td><strong>Tutelles<\/strong><\/td><td><strong>Localisation<\/strong><\/td><td><strong>Directeur<\/strong><\/td><\/tr><tr><td>1<\/td><td>DAM\/DIF<\/td><td><a href=\"http:\/\/www-dam.cea.fr\/organisation-competences\/dif.html\">Direction des applications militaires &#8211; \u00cele de France<\/a><\/td><td>CEA<\/td><td>Arpajon<\/td><td>Daniel Vanderhaegent<\/td><\/tr><tr><td>2<\/td><td>CPhT<\/td><td><a href=\"http:\/\/www.cpht.polytechnique.fr\/\">Centre de physique th\u00e9orique<\/a><\/td><td>EP<\/td><td>Palaiseau<\/td><td>Jean-Ren\u00e9 Chazottes<\/td><\/tr><tr><td>3<\/td><td>DPHY<\/td><td><a href=\"https:\/\/www.onera.fr\/dphy\" target=\"_blank\" rel=\"noreferrer noopener\">D\u00e9partement Physique, instrumentation, environnement, espace<\/a><\/td><td>ONERA<\/td><td>Palaiseau<\/td><td>Riad Haidar<\/td><\/tr><tr><td>4<\/td><td>DOTA<\/td><td><a href=\"https:\/\/www.onera.fr\/dota\" target=\"_blank\" rel=\"noreferrer noopener\">D\u00e9partement optique th\u00e9orique et appliqu\u00e9e<\/a><\/td><td>ONERA<\/td><td>Palaiseau<\/td><td>Brigitte Tretout<\/td><\/tr><tr><td>5<\/td><td>FAST<\/td><td><a href=\"http:\/\/www.fast.u-psud.fr\/\">Fluides, automatique, syst\u00e8mes thermiques<\/a><\/td><td>UPSaclay<\/td><td>Orsay<\/td><td>Marc Rabaud<\/td><\/tr><tr><td>6<\/td><td>ICP<\/td><td><a href=\"http:\/\/www.lcp.u-psud.fr\">Institut de Chimie Physique<\/a><\/td><td>UPSaclay<\/td><td>Orsay<\/td><td>Guillaume Van Der Rest<\/td><\/tr><tr><td>7<\/td><td>IJCLab<\/td><td><a href=\"https:\/\/www.ijclab.in2p3.fr\">Laboratoire de Physique des 2 Infinis Ir\u00e8ne Joliot-Curie<\/a><\/td><td>CNRS<\/td><td>Orsay<\/td><td>Achille Stocchi<\/td><\/tr><tr><td>8<\/td><td>IPhT<\/td><td><a href=\"http:\/\/ipht.cea.fr\/\">Institut de physique th\u00e9orique<\/a><\/td><td>CEA<\/td><td>Gif-sur-Yvette<\/td><td>Fran\u00e7ois David<\/td><\/tr><tr><td>9<\/td><td>ISMO<\/td><td><a href=\"http:\/\/www.ismo.u-psud.fr\/\">Institut des sciences mol\u00e9culaires d&#8217;Orsay<\/a><\/td><td>UPSud<\/td><td>Orsay<\/td><td>Thomas Pino<\/td><\/tr><tr><td>10<\/td><td>LAC<\/td><td><a href=\"http:\/\/www.lac.u-psud.fr\/\">Laboratoire Aim\u00e9 Cotton<\/a><\/td><td>CNRS<\/td><td>Orsay<\/td><td>Olivier Dulieu<\/td><\/tr><tr><td>11<\/td><td>LadHyX<\/td><td><a href=\"http:\/\/www.ladhyx.polytechnique.fr\/\">Laboratoire d&#8217;hydrodynamique<\/a><\/td><td>EP<\/td><td>Palaiseau<\/td><td>Christophe Clanet<\/td><\/tr><tr><td>12<\/td><td>LCF<\/td><td><a href=\"http:\/\/www.lcf.institutoptique.fr\/\">Laboratoire Charles Fabry<\/a><\/td><td>IOGS<\/td><td>Palaiseau<\/td><td>Patrick Georges<\/td><\/tr><tr><td>14<\/td><td>LIDyL<\/td><td><a href=\"http:\/\/iramis.cea.fr\/LIDyL\/\">Laboratoire interactions dynamique et lasers<\/a><\/td><td>CEA<\/td><td>Gif-sur-Yvette<\/td><td>Philippe Martin<\/td><\/tr><tr><td>15<\/td><td>LLB<\/td><td><a href=\"http:\/\/www-llb.cea.fr\/\">Laboratoire L\u00e9on Brillouin<\/a><\/td><td>CEA<\/td><td>Gif-sur-Yvette<\/td><td>Eric Eliot<\/td><\/tr><tr><td>16<\/td><td>LOA<\/td><td><a href=\"http:\/\/loa.ensta-paristech.fr\/\">Laboratoire d&#8217;optique appliqu\u00e9e<\/a><\/td><td>ENSTA<\/td><td>Palaiseau<\/td><td>Antoine Rousse<\/td><\/tr><tr><td>17<\/td><td>LOB<\/td><td><a href=\"http:\/\/www.lob.polytechnique.fr\/\" target=\"_blank\" rel=\"noreferrer noopener\">Laboratoire d&#8217;optique et biosciences<\/a><\/td><td>EP<\/td><td>Palaiseau<\/td><td>Fran\u00e7ois Hache<\/td><\/tr><tr><td>18<\/td><td>LPGP<\/td><td><a href=\"http:\/\/www.lpgp.u-psud.fr\/\">Laboratoire de physique des gaz et des plasmas<\/a><\/td><td>CNRS<\/td><td>Orsay<\/td><td>Tiberiu Minea<\/td><\/tr><tr><td>19<\/td><td>LuMin<\/td><td><a href=\"https:\/\/www.lumin.universite-paris-saclay.fr\/fr\">Lumi\u00e8re Mati\u00e8re et Interfaces<\/a><\/td><td>ENS Paris-Saclay<\/td><td>Cachan<\/td><td>Fabien Goldfarb<\/td><\/tr><tr><td>20<\/td><td>LPS<\/td><td><a href=\"http:\/\/www.lps.u-psud.fr\/\">Laboratoire de physique des solides<\/a><\/td><td>CNRS<\/td><td>Orsay<\/td><td>Pascale Foury<\/td><\/tr><tr><td>21<\/td><td>LPT<\/td><td><a href=\"http:\/\/www.th.u-psud.fr\/\">Laboratoire de physique th\u00e9orique<\/a><\/td><td>&nbsp;CNRS<\/td><td>&nbsp;Orsay<\/td><td>S\u00e9bastien Descotes<\/td><\/tr><tr><td>22<\/td><td>LPTMS<\/td><td><a href=\"http:\/\/lptms.u-psud.fr\/fr\">Laboratoire de physique th\u00e9orique et mod\u00e8les statistiques<\/a><\/td><td>&nbsp;CNRS<\/td><td>Orsay<\/td><td>Emmanuel Trizac<\/td><\/tr><tr><td>23<\/td><td>LSI<\/td><td><a href=\"http:\/\/www.lsi.polytechnique.fr\/\">Laboratoire des solides irradi\u00e9s<\/a><\/td><td>&nbsp;CEA<\/td><td>Palaiseau<\/td><td>&nbsp;Mich\u00e8le Raynaud<\/td><\/tr><tr><td>24<\/td><td>LULI<\/td><td><a href=\"http:\/\/www.luli.polytechnique.fr\/\">Laboratoire pour l&#8217;utilisation des lasers intenses<\/a><\/td><td>CEA<\/td><td>&nbsp;Palaiseau<\/td><td>Patrick Audebert<\/td><\/tr><tr><td>25<\/td><td>LUMAT<\/td><td><a href=\"http:\/\/www.lumat.u-psud.fr\/\">F\u00e9d\u00e9ration Lumi\u00e8re &#8211; Mati\u00e8re<\/a><\/td><td>&nbsp;CNRS<\/td><td>Orsay<\/td><td>Danielle Dowek<\/td><\/tr><tr><td>26<\/td><td>NIMBE<\/td><td><a href=\"http:\/\/iramis.cea.fr\/nimbe\/index.php\">Nanos, Innovation, Mat\u00e9riaux, Biom\u00e9decine, Energie<\/a><\/td><td>CEA<\/td><td>Gif-sur-Yvette<\/td><td>Serge Palacin<\/td><\/tr><tr><td>27<\/td><td>PMC<\/td><td><a href=\"http:\/\/pmc.polytechnique.fr\/\">Laboratoire de physique de la mati\u00e8re condens\u00e9e<\/a><\/td><td>EP<\/td><td>Palaiseau<\/td><td>Mathis Plapp<\/td><\/tr><tr><td>28<\/td><td>SOLEIL<\/td><td><a href=\"http:\/\/www.synchrotron-soleil.fr\/\">Synchrotron Soleil<\/a><\/td><td>SOLEIL<\/td><td>Gif-sur-Yvette<\/td><td>Amina Taleb<\/td><\/tr><tr><td>29<\/td><td>SPEC<\/td><td><a href=\"http:\/\/iramis.cea.fr\/spec\/index.php\">Service de physique de l&#8217;\u00e9tat condens\u00e9<\/a><\/td><td>CEA<\/td><td>Gif-sur-Yvette<\/td><td>Patrice Roche<\/td><\/tr><tr><td>30<\/td><td>SPMS<\/td><td><a href=\"http:\/\/www.spms.ecp.fr\/\">Structures, propri\u00e9t\u00e9s et mod\u00e9lisation des solides<\/a><\/td><td>ECP<\/td><td>&nbsp;Ch\u00e2tenay<\/td><td>Guilhem Dezanneau<\/td><\/tr><tr><td>31<\/td><td>SRMP<\/td><td><a href=\"http:\/\/nucleaire-saclay.cea.fr\/Phocea\/Vie_des_labos\/Ast\/ast_technique.php?id_ast=426\">Service de recherches de m\u00e9tallurgie physique<\/a><\/td><td>&nbsp;CEA<\/td><td>Gif-sur-Yvette<\/td><td>Jean-Luc Bechade<\/td><\/tr><tr><td>32<\/td><td>TRT<\/td><td><a href=\"https:\/\/www.thalesgroup.com\/fr\/worldwide\/groupe\/recherche-technologie\">Thales Research and Technology<\/a><\/td><td>THALES<\/td><td>&nbsp;Orsay<\/td><td>C\u00e9dric Demeure<\/td><\/tr><tr><td>33<\/td><td>UMPhy<\/td><td><a href=\"http:\/\/www.trt.thalesgroup.com\/ump-cnrs-thales\/presentation.htm\">Unit\u00e9 mixte de physique CNRS\/Thal\u00e8s<\/a><\/td><td>CNRS<\/td><td>&nbsp;Palaiseau<\/td><td>Fr\u00e9d\u00e9ric Nguyen van Dau<\/td><\/tr><\/tbody><\/table><\/figure>\n\n\n\n<p><\/p>\n\n\n\n<p><\/p>\n\n\n\n<h3 class=\"wp-block-heading\">Collaborations between PALM labs<\/h3>\n\n\n\n<div class=\"wp-block-image\"><figure class=\"aligncenter is-resized\"><img decoding=\"async\" loading=\"lazy\" src=\"https:\/\/www.labex-palm.fr\/wp-content\/uploads\/2011\/10\/Capture_decran_2018-09-12_a_14.41.53-882x1024.png\" alt=\"Capture d\u00e9cran 2018-09-12 \u00e0 14.41.53\" class=\"wp-image-104\" width=\"600\" height=\"700\"\/><\/figure><\/div>\n\n\n\n<div class=\"wp-block-image\"><figure class=\"aligncenter\"><img decoding=\"async\" loading=\"lazy\" width=\"206\" height=\"107\" src=\"https:\/\/www.labex-palm.fr\/wp-content\/uploads\/2011\/10\/Capture_decran_2018-09-14_a_16.07.31.png\" alt=\"Capture d\u00e9cran 2018-09-14 \u00e0 16.07.31\" class=\"wp-image-106\"\/><\/figure><\/div>\n\n\n\n<p><\/p>\n\n\n\n<h3 class=\"wp-block-heading\">Localisation of PALM labs<\/h3>\n\n\n\n<div class=\"wp-block-image\"><figure class=\"aligncenter is-resized\"><img decoding=\"async\" loading=\"lazy\" src=\"https:\/\/www.labex-palm.fr\/wp-content\/uploads\/2011\/10\/Capture_decran_2013-12-06_a_11.34.53.png\" alt=\"Capture d\u00e9cran 2013-12-06 \u00e0 11.34.53\" class=\"wp-image-108\" width=\"608\" height=\"488\" srcset=\"https:\/\/www.labex-palm.fr\/wp-content\/uploads\/2011\/10\/Capture_decran_2013-12-06_a_11.34.53.png 811w, https:\/\/www.labex-palm.fr\/wp-content\/uploads\/2011\/10\/Capture_decran_2013-12-06_a_11.34.53-300x240.png 300w, https:\/\/www.labex-palm.fr\/wp-content\/uploads\/2011\/10\/Capture_decran_2013-12-06_a_11.34.53-768x616.png 768w\" sizes=\"(max-width: 608px) 100vw, 608px\" \/><\/figure><\/div>\n","protected":false},"excerpt":{"rendered":"<p>LABORATORIES D\u00e9couvrez l&#8217;ensemble des laboratoires rattach\u00e9s au labex PALM. &nbsp; Sigle Laboratoire Tutelles Localisation [&hellip;]<\/p>\n","protected":false},"author":1,"featured_media":0,"parent":648,"menu_order":0,"comment_status":"closed","ping_status":"closed","template":"","meta":[],"acf":[],"yoast_head":"<!-- This site is optimized with the Yoast SEO plugin v21.8.1 - https:\/\/yoast.com\/wordpress\/plugins\/seo\/ -->\n<title>Partner laboratories - Labex-Palm<\/title>\n<meta name=\"robots\" content=\"index, follow, max-snippet:-1, max-image-preview:large, max-video-preview:-1\" \/>\n<link rel=\"canonical\" href=\"https:\/\/www.labex-palm.fr\/en\/research\/partner-laboratories\/\" \/>\n<meta property=\"og:locale\" content=\"en_US\" \/>\n<meta property=\"og:type\" content=\"article\" \/>\n<meta property=\"og:title\" content=\"Partner laboratories - Labex-Palm\" \/>\n<meta property=\"og:description\" content=\"LABORATORIES D\u00e9couvrez l&#8217;ensemble des laboratoires rattach\u00e9s au labex PALM. &nbsp; Sigle Laboratoire Tutelles Localisation [&hellip;]\" \/>\n<meta property=\"og:url\" content=\"https:\/\/www.labex-palm.fr\/en\/research\/partner-laboratories\/\" \/>\n<meta property=\"og:site_name\" content=\"Labex-Palm\" \/>\n<meta property=\"article:modified_time\" content=\"2021-11-23T09:01:36+00:00\" \/>\n<meta property=\"og:image\" content=\"https:\/\/www.labex-palm.fr\/wp-content\/uploads\/2011\/10\/Capture_decran_2018-09-12_a_14.41.53-882x1024.png\" \/>\n<meta name=\"twitter:card\" content=\"summary_large_image\" \/>\n<meta name=\"twitter:label1\" content=\"Est. reading time\" \/>\n\t<meta name=\"twitter:data1\" content=\"3 minutes\" \/>\n<script type=\"application\/ld+json\" class=\"yoast-schema-graph\">{\"@context\":\"https:\/\/schema.org\",\"@graph\":[{\"@type\":\"WebPage\",\"@id\":\"https:\/\/www.labex-palm.fr\/en\/research\/partner-laboratories\/\",\"url\":\"https:\/\/www.labex-palm.fr\/en\/research\/partner-laboratories\/\",\"name\":\"Partner laboratories - Labex-Palm\",\"isPartOf\":{\"@id\":\"https:\/\/www.labex-palm.fr\/#website\"},\"datePublished\":\"2019-07-09T14:29:30+00:00\",\"dateModified\":\"2021-11-23T09:01:36+00:00\",\"breadcrumb\":{\"@id\":\"https:\/\/www.labex-palm.fr\/en\/research\/partner-laboratories\/#breadcrumb\"},\"inLanguage\":\"en-US\",\"potentialAction\":[{\"@type\":\"ReadAction\",\"target\":[\"https:\/\/www.labex-palm.fr\/en\/research\/partner-laboratories\/\"]}]},{\"@type\":\"BreadcrumbList\",\"@id\":\"https:\/\/www.labex-palm.fr\/en\/research\/partner-laboratories\/#breadcrumb\",\"itemListElement\":[{\"@type\":\"ListItem\",\"position\":1,\"name\":\"Accueil\",\"item\":\"https:\/\/www.labex-palm.fr\/en\/\"},{\"@type\":\"ListItem\",\"position\":2,\"name\":\"Research\",\"item\":\"https:\/\/www.labex-palm.fr\/en\/research\/\"},{\"@type\":\"ListItem\",\"position\":3,\"name\":\"Partner laboratories\"}]},{\"@type\":\"WebSite\",\"@id\":\"https:\/\/www.labex-palm.fr\/#website\",\"url\":\"https:\/\/www.labex-palm.fr\/\",\"name\":\"Labex-Palm\",\"description\":\"Physique Atomes Lumi\u00e8re Mati\u00e8re\",\"potentialAction\":[{\"@type\":\"SearchAction\",\"target\":{\"@type\":\"EntryPoint\",\"urlTemplate\":\"https:\/\/www.labex-palm.fr\/?s={search_term_string}\"},\"query-input\":\"required name=search_term_string\"}],\"inLanguage\":\"en-US\"}]}<\/script>\n<!-- \/ Yoast SEO plugin. -->","yoast_head_json":{"title":"Partner laboratories - Labex-Palm","robots":{"index":"index","follow":"follow","max-snippet":"max-snippet:-1","max-image-preview":"max-image-preview:large","max-video-preview":"max-video-preview:-1"},"canonical":"https:\/\/www.labex-palm.fr\/en\/research\/partner-laboratories\/","og_locale":"en_US","og_type":"article","og_title":"Partner laboratories - Labex-Palm","og_description":"LABORATORIES D\u00e9couvrez l&#8217;ensemble des laboratoires rattach\u00e9s au labex PALM. &nbsp; Sigle Laboratoire Tutelles Localisation [&hellip;]","og_url":"https:\/\/www.labex-palm.fr\/en\/research\/partner-laboratories\/","og_site_name":"Labex-Palm","article_modified_time":"2021-11-23T09:01:36+00:00","og_image":[{"url":"https:\/\/www.labex-palm.fr\/wp-content\/uploads\/2011\/10\/Capture_decran_2018-09-12_a_14.41.53-882x1024.png"}],"twitter_card":"summary_large_image","twitter_misc":{"Est. reading time":"3 minutes"},"schema":{"@context":"https:\/\/schema.org","@graph":[{"@type":"WebPage","@id":"https:\/\/www.labex-palm.fr\/en\/research\/partner-laboratories\/","url":"https:\/\/www.labex-palm.fr\/en\/research\/partner-laboratories\/","name":"Partner laboratories - Labex-Palm","isPartOf":{"@id":"https:\/\/www.labex-palm.fr\/#website"},"datePublished":"2019-07-09T14:29:30+00:00","dateModified":"2021-11-23T09:01:36+00:00","breadcrumb":{"@id":"https:\/\/www.labex-palm.fr\/en\/research\/partner-laboratories\/#breadcrumb"},"inLanguage":"en-US","potentialAction":[{"@type":"ReadAction","target":["https:\/\/www.labex-palm.fr\/en\/research\/partner-laboratories\/"]}]},{"@type":"BreadcrumbList","@id":"https:\/\/www.labex-palm.fr\/en\/research\/partner-laboratories\/#breadcrumb","itemListElement":[{"@type":"ListItem","position":1,"name":"Accueil","item":"https:\/\/www.labex-palm.fr\/en\/"},{"@type":"ListItem","position":2,"name":"Research","item":"https:\/\/www.labex-palm.fr\/en\/research\/"},{"@type":"ListItem","position":3,"name":"Partner laboratories"}]},{"@type":"WebSite","@id":"https:\/\/www.labex-palm.fr\/#website","url":"https:\/\/www.labex-palm.fr\/","name":"Labex-Palm","description":"Physique Atomes Lumi\u00e8re Mati\u00e8re","potentialAction":[{"@type":"SearchAction","target":{"@type":"EntryPoint","urlTemplate":"https:\/\/www.labex-palm.fr\/?s={search_term_string}"},"query-input":"required name=search_term_string"}],"inLanguage":"en-US"}]}},"_links":{"self":[{"href":"https:\/\/www.labex-palm.fr\/en\/wp-json\/wp\/v2\/pages\/650"}],"collection":[{"href":"https:\/\/www.labex-palm.fr\/en\/wp-json\/wp\/v2\/pages"}],"about":[{"href":"https:\/\/www.labex-palm.fr\/en\/wp-json\/wp\/v2\/types\/page"}],"author":[{"embeddable":true,"href":"https:\/\/www.labex-palm.fr\/en\/wp-json\/wp\/v2\/users\/1"}],"replies":[{"embeddable":true,"href":"https:\/\/www.labex-palm.fr\/en\/wp-json\/wp\/v2\/comments?post=650"}],"version-history":[{"count":3,"href":"https:\/\/www.labex-palm.fr\/en\/wp-json\/wp\/v2\/pages\/650\/revisions"}],"predecessor-version":[{"id":4754,"href":"https:\/\/www.labex-palm.fr\/en\/wp-json\/wp\/v2\/pages\/650\/revisions\/4754"}],"up":[{"embeddable":true,"href":"https:\/\/www.labex-palm.fr\/en\/wp-json\/wp\/v2\/pages\/648"}],"wp:attachment":[{"href":"https:\/\/www.labex-palm.fr\/en\/wp-json\/wp\/v2\/media?parent=650"}],"curies":[{"name":"wp","href":"https:\/\/api.w.org\/{rel}","templated":true}]}}