{"id":654,"date":"2019-07-09T16:42:32","date_gmt":"2019-07-09T14:42:32","guid":{"rendered":"https:\/\/www.labex-palm.fr\/?page_id=654"},"modified":"2020-03-16T15:43:09","modified_gmt":"2020-03-16T14:43:09","slug":"topic-2","status":"publish","type":"page","link":"https:\/\/www.labex-palm.fr\/en\/research\/topic-2\/","title":{"rendered":"Topic 2"},"content":{"rendered":"<div class=\"art-article\">\n<h2>Complex Systems: from non-equilibrium processes to biological matter<\/h2>\n<table border=\"0\" frame=\"void\">\n<tbody>\n<tr>\n<td style=\"text-align: justify; border: 1px solid #ffffff;\">Statistical physics of equilibriumd systems provides a strong framework to classical thermodynamics. However, most of the condensed matter systems encountered in biological, industrial or natural systems develop out of equilibrium because of the influence of external forces or because they cannot return to equilibrium (glasses). Those systems are often non-linear, disordered or complex; interactions between their elementary components can lead to the emergence of new properties. The objects of researches come from diverse fields such as glasses, granular materials, soft matter, simple and complex fluids, active or biological matter, lasers. Themes studied are varied too: fracture, interface, materials in suspension, instabilities, transitions, turbulence, mix, transport, networks, and information. However the approaches used are the same, specifically in statistical physics.&nbsp;<\/p>\n<p>Understanding the slow and emerging dynamics in out of equilibrium systems thus represents one of the greatest current challenges in physics. Those systems are omnipresent, from the nano-scale to the astronomic scale.<\/p>\n<p>(i)They can&#8217;t simply be understood by adapting the tools of equilibrium physics. New concepts must be developed to understand them.<br \/>\n(ii) They are directly connected to important societal needs concerning energy, climate, natural risks or health.<\/p>\n<p>Paris-Saclay campus brings together many teams at the best international standards who work on these fields. Through this priority theme, we would like to encourage these teams to interact and to establish one common conceptual framework. Transdisciplinary projects comporting theoretical, numerical and experimental aspects will enable the structuring of the scientific community thanks to lines of research matching the fields of physics in which scientific breakthroughs are expected for the years to come.<\/p>\n<ul>\n<li>disordered and glassy systems<\/li>\n<li>soft matter and biological systems<\/li>\n<li>active matter and living systems<\/li>\n<li>fluids and lasers: instabilities, chaos and turbulence<\/li>\n<li>theoretical interdisciplinary applications<\/li>\n<\/ul>\n<p>The theme has open, for the second phase of PALM, to physics and interfaces, specially in biology :<\/p>\n<ul>\n<li>membranes, behavior bacteria, viruses, DNA and protein physics, mechanics, cell and tissue morphogenesis, biological fluids, active transportation and in the living&nbsp;<\/li>\n<\/ul>\n<\/td>\n<td style=\"border: 1px solid #ffffff; text-align: justify;\">&nbsp;<\/td>\n<td style=\"border: 1px solid #ffffff; text-align: justify;\">&nbsp;<\/td>\n<td>\n<p style=\"text-align: center;\"><img decoding=\"async\" loading=\"lazy\" src=\"\/images\/stories\/Deformation_dun_gel_colloidal_durant_le_sechage.png\" alt=\"Deformation_dun_gel_colloidal_durant_le_sechage\" width=\"170\" height=\"150\"><span style=\"font-size: 8pt;\"><span lang=\"en\">Deformation of a colloidal gel during drying <\/span>(200 \u03bcm scale)<\/span><\/p>\n<p style=\"text-align: center;\"><img decoding=\"async\" loading=\"lazy\" style=\"text-align: justify;\" src=\"\/images\/stories\/Transition_laminaire_2.png\" alt=\"Transition_laminaire_2\" width=\"170\" height=\"124\"><span style=\"font-size: 8pt;\">L<span lang=\"en\">aminar turbulent transition in a shear flow : stationary patern emerging local turbulence.<\/span><\/span><\/p>\n<p style=\"text-align: center;\"><img decoding=\"async\" loading=\"lazy\" src=\"\/images\/stories\/Image_dejection_dADN_dun_virus_bacterien.png\" alt=\"Image_dejection_dADN_dun_virus_bacterien\" width=\"170\" height=\"93\"><span style=\"font-size: 8pt;\">DNA expulsion image from bacterian virus (cryoEM).<\/span><\/p>\n<\/td>\n<\/tr>\n<\/tbody>\n<\/table>\n<table style=\"border: 0px solid #ffffff;\" border=\"0\" rules=\"none\">\n<tbody>\n<tr>\n<td style=\"border: 1px solid #ffffff;\"><img decoding=\"async\" loading=\"lazy\" style=\"text-align: justify; float: left;\" src=\"\/images\/stories\/Plateforme_GYROFLOW.png\" alt=\"Plateforme_GYROFLOW\" width=\"243\" height=\"165\"><\/td>\n<td style=\"border: 1px solid #ffffff; width: 13px;\">&nbsp;&nbsp;<\/td>\n<td style=\"border: 1px solid #ffffff;\"><img decoding=\"async\" loading=\"lazy\" style=\"float: left;\" src=\"\/images\/stories\/Micro_endommagement_observe_sur_la_surface_de_rupture_du_verre_plymerique.png\" alt=\"Micro_endommagement_observe_sur_la_surface_de_rupture_du_verre_plymerique\" width=\"188\" height=\"165\"><\/td>\n<td style=\"border: 1px solid #ffffff;\">&nbsp;<\/td>\n<td style=\"border: 1px solid #ffffff;\"><img decoding=\"async\" loading=\"lazy\" style=\"float: right;\" src=\"\/images\/stories\/Capture_decran_2013-07-05_a_09.22.02.png\" alt=\"Capture_decran_2013-07-05_a_09.22.02\" width=\"209\" height=\"165\"><\/td>\n<\/tr>\n<tr>\n<td style=\"border: 1px solid #ffffff; text-align: center;\">&nbsp;<span style=\"font-size: 8pt;\">GYROFLOW plateform : turbulence in rapidly rotating systems.<\/span><\/td>\n<td style=\"border: 1px solid #ffffff;\">&nbsp; &nbsp;<\/td>\n<td style=\"border: 1px solid #ffffff;\">\n<p style=\"text-align: center;\"><span style=\"font-size: 8pt;\">Micro-damage (parabolic mark) observed on the fracture surface of a polymer glass.<\/span><\/p>\n<\/td>\n<td style=\"border: 1px solid #ffffff; width: 10px;\">&nbsp;<\/td>\n<td style=\"border: 1px solid #ffffff; text-align: center;\"><span style=\"font-size: 8pt;\">Convection thermique dans un fluide avec une viscosit\u00e9 d\u00e9pendant de la temp\u00e9rature.<\/span><\/td>\n<\/tr>\n<\/tbody>\n<\/table>\n<div class=\"column\" style=\"text-align: justify;\">&nbsp;<\/div>\n<p>&nbsp;<\/p>\n<p><span style=\"color: #1486d7;\"><a style=\"color: #1486d7;\" href=\"https:\/\/www.labex-palm.fr\/en\/funded-projects-by-palm-labex\/\">Liste of projects funded by topic 2 of PALM<\/a><\/span><\/p>\n<p class=\"column\" style=\"text-align: justify;\">Contact&nbsp;: <a href=\"mailto:gianguido.baldinozzi@centralesupelec.fr\">Gianguido BALDINOZZI (SPMS)<\/a><\/p>\n<\/div>\n","protected":false},"excerpt":{"rendered":"<p>Complex Systems: from non-equilibrium processes to biological matter Statistical physics of equilibriumd systems provides [&hellip;]<\/p>\n","protected":false},"author":1,"featured_media":0,"parent":648,"menu_order":0,"comment_status":"closed","ping_status":"closed","template":"","meta":[],"acf":[],"yoast_head":"<!-- This site is optimized with the Yoast SEO plugin v21.8.1 - https:\/\/yoast.com\/wordpress\/plugins\/seo\/ -->\n<title>Topic 2 - Labex-Palm<\/title>\n<meta name=\"robots\" content=\"index, follow, max-snippet:-1, max-image-preview:large, max-video-preview:-1\" \/>\n<link rel=\"canonical\" href=\"https:\/\/www.labex-palm.fr\/en\/research\/topic-2\/\" \/>\n<meta property=\"og:locale\" content=\"en_US\" \/>\n<meta property=\"og:type\" content=\"article\" \/>\n<meta property=\"og:title\" content=\"Topic 2 - Labex-Palm\" \/>\n<meta property=\"og:description\" content=\"Complex Systems: from non-equilibrium processes to biological matter Statistical physics of equilibriumd systems provides [&hellip;]\" \/>\n<meta property=\"og:url\" content=\"https:\/\/www.labex-palm.fr\/en\/research\/topic-2\/\" \/>\n<meta property=\"og:site_name\" content=\"Labex-Palm\" \/>\n<meta property=\"article:modified_time\" content=\"2020-03-16T14:43:09+00:00\" \/>\n<meta property=\"og:image\" content=\"https:\/\/www.labex-palm.fr\/images\/stories\/Deformation_dun_gel_colloidal_durant_le_sechage.png\" \/>\n<meta name=\"twitter:card\" content=\"summary_large_image\" \/>\n<meta name=\"twitter:label1\" content=\"Est. reading time\" \/>\n\t<meta name=\"twitter:data1\" content=\"2 minutes\" \/>\n<script type=\"application\/ld+json\" class=\"yoast-schema-graph\">{\"@context\":\"https:\/\/schema.org\",\"@graph\":[{\"@type\":\"WebPage\",\"@id\":\"https:\/\/www.labex-palm.fr\/en\/research\/topic-2\/\",\"url\":\"https:\/\/www.labex-palm.fr\/en\/research\/topic-2\/\",\"name\":\"Topic 2 - Labex-Palm\",\"isPartOf\":{\"@id\":\"https:\/\/www.labex-palm.fr\/#website\"},\"datePublished\":\"2019-07-09T14:42:32+00:00\",\"dateModified\":\"2020-03-16T14:43:09+00:00\",\"breadcrumb\":{\"@id\":\"https:\/\/www.labex-palm.fr\/en\/research\/topic-2\/#breadcrumb\"},\"inLanguage\":\"en-US\",\"potentialAction\":[{\"@type\":\"ReadAction\",\"target\":[\"https:\/\/www.labex-palm.fr\/en\/research\/topic-2\/\"]}]},{\"@type\":\"BreadcrumbList\",\"@id\":\"https:\/\/www.labex-palm.fr\/en\/research\/topic-2\/#breadcrumb\",\"itemListElement\":[{\"@type\":\"ListItem\",\"position\":1,\"name\":\"Accueil\",\"item\":\"https:\/\/www.labex-palm.fr\/en\/\"},{\"@type\":\"ListItem\",\"position\":2,\"name\":\"Research\",\"item\":\"https:\/\/www.labex-palm.fr\/en\/research\/\"},{\"@type\":\"ListItem\",\"position\":3,\"name\":\"Topic 2\"}]},{\"@type\":\"WebSite\",\"@id\":\"https:\/\/www.labex-palm.fr\/#website\",\"url\":\"https:\/\/www.labex-palm.fr\/\",\"name\":\"Labex-Palm\",\"description\":\"Physique Atomes Lumi\u00e8re Mati\u00e8re\",\"potentialAction\":[{\"@type\":\"SearchAction\",\"target\":{\"@type\":\"EntryPoint\",\"urlTemplate\":\"https:\/\/www.labex-palm.fr\/?s={search_term_string}\"},\"query-input\":\"required name=search_term_string\"}],\"inLanguage\":\"en-US\"}]}<\/script>\n<!-- \/ Yoast SEO plugin. -->","yoast_head_json":{"title":"Topic 2 - Labex-Palm","robots":{"index":"index","follow":"follow","max-snippet":"max-snippet:-1","max-image-preview":"max-image-preview:large","max-video-preview":"max-video-preview:-1"},"canonical":"https:\/\/www.labex-palm.fr\/en\/research\/topic-2\/","og_locale":"en_US","og_type":"article","og_title":"Topic 2 - Labex-Palm","og_description":"Complex Systems: from non-equilibrium processes to biological matter Statistical physics of equilibriumd systems provides [&hellip;]","og_url":"https:\/\/www.labex-palm.fr\/en\/research\/topic-2\/","og_site_name":"Labex-Palm","article_modified_time":"2020-03-16T14:43:09+00:00","og_image":[{"url":"https:\/\/www.labex-palm.fr\/images\/stories\/Deformation_dun_gel_colloidal_durant_le_sechage.png"}],"twitter_card":"summary_large_image","twitter_misc":{"Est. reading time":"2 minutes"},"schema":{"@context":"https:\/\/schema.org","@graph":[{"@type":"WebPage","@id":"https:\/\/www.labex-palm.fr\/en\/research\/topic-2\/","url":"https:\/\/www.labex-palm.fr\/en\/research\/topic-2\/","name":"Topic 2 - Labex-Palm","isPartOf":{"@id":"https:\/\/www.labex-palm.fr\/#website"},"datePublished":"2019-07-09T14:42:32+00:00","dateModified":"2020-03-16T14:43:09+00:00","breadcrumb":{"@id":"https:\/\/www.labex-palm.fr\/en\/research\/topic-2\/#breadcrumb"},"inLanguage":"en-US","potentialAction":[{"@type":"ReadAction","target":["https:\/\/www.labex-palm.fr\/en\/research\/topic-2\/"]}]},{"@type":"BreadcrumbList","@id":"https:\/\/www.labex-palm.fr\/en\/research\/topic-2\/#breadcrumb","itemListElement":[{"@type":"ListItem","position":1,"name":"Accueil","item":"https:\/\/www.labex-palm.fr\/en\/"},{"@type":"ListItem","position":2,"name":"Research","item":"https:\/\/www.labex-palm.fr\/en\/research\/"},{"@type":"ListItem","position":3,"name":"Topic 2"}]},{"@type":"WebSite","@id":"https:\/\/www.labex-palm.fr\/#website","url":"https:\/\/www.labex-palm.fr\/","name":"Labex-Palm","description":"Physique Atomes Lumi\u00e8re Mati\u00e8re","potentialAction":[{"@type":"SearchAction","target":{"@type":"EntryPoint","urlTemplate":"https:\/\/www.labex-palm.fr\/?s={search_term_string}"},"query-input":"required name=search_term_string"}],"inLanguage":"en-US"}]}},"_links":{"self":[{"href":"https:\/\/www.labex-palm.fr\/en\/wp-json\/wp\/v2\/pages\/654"}],"collection":[{"href":"https:\/\/www.labex-palm.fr\/en\/wp-json\/wp\/v2\/pages"}],"about":[{"href":"https:\/\/www.labex-palm.fr\/en\/wp-json\/wp\/v2\/types\/page"}],"author":[{"embeddable":true,"href":"https:\/\/www.labex-palm.fr\/en\/wp-json\/wp\/v2\/users\/1"}],"replies":[{"embeddable":true,"href":"https:\/\/www.labex-palm.fr\/en\/wp-json\/wp\/v2\/comments?post=654"}],"version-history":[{"count":3,"href":"https:\/\/www.labex-palm.fr\/en\/wp-json\/wp\/v2\/pages\/654\/revisions"}],"predecessor-version":[{"id":2986,"href":"https:\/\/www.labex-palm.fr\/en\/wp-json\/wp\/v2\/pages\/654\/revisions\/2986"}],"up":[{"embeddable":true,"href":"https:\/\/www.labex-palm.fr\/en\/wp-json\/wp\/v2\/pages\/648"}],"wp:attachment":[{"href":"https:\/\/www.labex-palm.fr\/en\/wp-json\/wp\/v2\/media?parent=654"}],"curies":[{"name":"wp","href":"https:\/\/api.w.org\/{rel}","templated":true}]}}