{"id":662,"date":"2019-07-09T16:54:43","date_gmt":"2019-07-09T14:54:43","guid":{"rendered":"https:\/\/www.labex-palm.fr\/?page_id=662"},"modified":"2020-03-16T17:05:33","modified_gmt":"2020-03-16T16:05:33","slug":"palm-phd-fellowship","status":"publish","type":"page","link":"https:\/\/www.labex-palm.fr\/en\/higher-education\/palm-phd-fellowship\/","title":{"rendered":"Palm PHD Fellowship"},"content":{"rendered":"<div class=\"art-article\">\n<p>PALM Labex supports PhD students&#8217; education by funding fellowship via calls for projects.<\/p>\n<\/div>\n<table style=\"border-collapse: collapse; margin: 1px; line-height: 18px; height: 5px;\" border=\"0\" cellspacing=\"0\" cellpadding=\"0\">\n<thead>\n<tr style=\"background-color: #49a9ee;\" valign=\"middle\">\n<td style=\"padding: 2px; border: 1px solid #49a9ee; vertical-align: top;\"><span style=\"font-size: 10pt;\"><strong><span style=\"color: #ffffff;\">AO<\/span><\/strong><\/span><\/td>\n<td style=\"padding: 2px; border: 1px solid #49a9ee; vertical-align: top;\"><span style=\"font-size: 10pt;\"><strong><span style=\"color: #ffffff;\">Th\u00e8me<\/span><\/strong><\/span><\/td>\n<td style=\"padding: 2px; border: 1px solid #49a9ee; vertical-align: top;\"><span style=\"font-size: 10pt;\"><strong><span style=\"color: #ffffff;\">Projet<\/span><\/strong><\/span><\/td>\n<td style=\"padding: 2px; border: 1px solid #49a9ee; vertical-align: top;\"><span style=\"font-size: 10pt;\"><strong><span style=\"color: #ffffff;\">Porteur<\/span><\/strong><\/span><\/td>\n<td style=\"padding: 2px; border: 1px solid #49a9ee; vertical-align: top;\"><span style=\"font-size: 10pt;\"><strong><span style=\"color: #ffffff;\">Candidat<\/span><\/strong><\/span><\/td>\n<td style=\"padding: 2px; border: 1px solid #49a9ee; vertical-align: top;\"><span style=\"font-size: 10pt;\"><strong><span style=\"color: #ffffff;\">Laboratoire<\/span><\/strong><\/span><\/td>\n<\/tr>\n<\/thead>\n<colgroup>\n<col>\n<col>\n<col>\n<col><\/colgroup>\n<tbody>\n<tr>\n<td>\n<div><span style=\"font-size: 10pt;\">AO 2014<\/span><\/div>\n<\/td>\n<td>\n<div><span style=\"font-size: 10pt;\">Th\u00e8me 1<\/span><\/div>\n<\/td>\n<td>\n<div><span style=\"font-size: 10pt;\">ECONOMIQUE<\/span><\/div>\n<\/td>\n<td>\n<div><span style=\"font-size: 10pt;\">Antoine Browaeys<\/span><\/div>\n<\/td>\n<td>\n<div><span style=\"font-size: 10pt;\">Stephan Jennewein<\/span><\/div>\n<\/td>\n<td>\n<div><span style=\"font-size: 10pt;\">LCF<\/span><\/div>\n<\/td>\n<\/tr>\n<tr>\n<td>\n<div><span style=\"font-size: 10pt;\">AO 2014<\/span><\/div>\n<\/td>\n<td>\n<div><span style=\"font-size: 10pt;\">Th\u00e8me 2<\/span><\/div>\n<\/td>\n<td>\n<div><span style=\"font-size: 10pt;\">DeepPaint<\/span><\/div>\n<\/td>\n<td>\n<div><span style=\"font-size: 10pt;\">Fr\u00e9d\u00e9rique&nbsp;Giorgiutti-Dauphin\u00e9<\/span><\/div>\n<\/td>\n<td>\n<div><span style=\"font-size: 10pt;\">Marguerite Leang<\/span><\/div>\n<\/td>\n<td>\n<div><span style=\"font-size: 10pt;\">FAST<\/span><\/div>\n<\/td>\n<\/tr>\n<tr>\n<td>\n<div><span style=\"font-size: 10pt;\">AO 2014<\/span><\/div>\n<\/td>\n<td>\n<div><span style=\"font-size: 10pt;\">Th\u00e8me 2<\/span><\/div>\n<\/td>\n<td>\n<div><span style=\"font-size: 10pt;\">TURBA<\/span><\/div>\n<\/td>\n<td>\n<div><span style=\"font-size: 10pt;\">Basile Gallet<\/span><\/div>\n<\/td>\n<td>\n<div><span style=\"font-size: 10pt;\">Simon Lepot<\/span><\/div>\n<\/td>\n<td>\n<div><span style=\"font-size: 10pt;\">SPEC<\/span><\/div>\n<\/td>\n<\/tr>\n<tr>\n<td>\n<div><span style=\"font-size: 10pt;\">AO 2015<\/span><\/div>\n<\/td>\n<td>\n<div><span style=\"font-size: 10pt;\">Th\u00e8me 1<\/span><\/div>\n<\/td>\n<td>\n<div><span style=\"font-size: 10pt;\">SOC<\/span><\/div>\n<\/td>\n<td>\n<div><span style=\"font-size: 10pt;\">Fabrice Bert<\/span><\/div>\n<\/td>\n<td>\n<div><span style=\"font-size: 10pt;\">Alex Louat<\/span><\/div>\n<\/td>\n<td>\n<div><span style=\"font-size: 10pt;\">LPS<\/span><\/div>\n<\/td>\n<\/tr>\n<tr>\n<td>\n<div><span style=\"font-size: 10pt;\">AO 2015<\/span><\/div>\n<\/td>\n<td>\n<div><span style=\"font-size: 10pt;\">Th\u00e8me 1<\/span><\/div>\n<\/td>\n<td>\n<div><span style=\"font-size: 10pt;\">JOSI<\/span><\/div>\n<\/td>\n<td>\n<div><span style=\"font-size: 10pt;\">Fabien Portier<\/span><\/div>\n<\/td>\n<td>\n<div><span style=\"font-size: 10pt;\">Chlo\u00e9 Rolland<\/span><\/div>\n<\/td>\n<td>\n<div><span style=\"font-size: 10pt;\">SPEC<\/span><\/div>\n<\/td>\n<\/tr>\n<tr>\n<td>\n<div><span style=\"font-size: 10pt;\">AO 2015<\/span><\/div>\n<\/td>\n<td>\n<div><span style=\"font-size: 10pt;\">Th\u00e8me 2<\/span><\/div>\n<\/td>\n<td>\n<div><span style=\"font-size: 10pt;\">DRYORDER<\/span><\/div>\n<\/td>\n<td>\n<div><span style=\"font-size: 10pt;\">Cindy Rountree<\/span><\/div>\n<\/td>\n<td>\n<div><span style=\"font-size: 10pt;\">Arnaud Lesaine<\/span><\/div>\n<\/td>\n<td>\n<div><span style=\"font-size: 10pt;\">SPEC<\/span><\/div>\n<\/td>\n<\/tr>\n<tr>\n<td>\n<div><span style=\"font-size: 10pt;\">AO 2015<\/span><\/div>\n<\/td>\n<td>\n<div><span style=\"font-size: 10pt;\">Emergence<\/span><\/div>\n<\/td>\n<td>\n<div><span style=\"font-size: 10pt;\">FEMTONIC<\/span><\/div>\n<\/td>\n<td>\n<div><span style=\"font-size: 10pt;\">Jelena Sjakste<\/span><\/div>\n<\/td>\n<td>\n<div><span style=\"font-size: 10pt;\">Sabuhi Badalov<\/span><\/div>\n<\/td>\n<td>\n<div><span style=\"font-size: 10pt;\">LSI<\/span><\/div>\n<\/td>\n<\/tr>\n<tr>\n<td>\n<div><span style=\"font-size: 10pt;\">AO 2016<\/span><\/div>\n<\/td>\n<td>\n<div><span style=\"font-size: 10pt;\">Th\u00e8me 1<\/span><\/div>\n<\/td>\n<td>\n<div><span style=\"font-size: 10pt;\">IPAKIS<\/span><\/div>\n<\/td>\n<td>\n<div><span style=\"font-size: 10pt;\">J\u00e9r\u00f4me Est\u00e8ve<\/span><\/div>\n<\/td>\n<td>\n<div><span style=\"font-size: 10pt;\">Gianluca Aiello<\/span><\/div>\n<\/td>\n<td>\n<div><span style=\"font-size: 10pt;\">LPS<\/span><\/div>\n<\/td>\n<\/tr>\n<tr>\n<td>\n<div><span style=\"font-size: 10pt;\">AO 2016<\/span><\/div>\n<\/td>\n<td>\n<div><span style=\"font-size: 10pt;\">Th\u00e8me 3<\/span><\/div>\n<\/td>\n<td>\n<div><span style=\"font-size: 10pt;\">SLIDING<\/span><\/div>\n<\/td>\n<td>\n<div><span style=\"font-size: 10pt;\">David Leboloch<\/span><\/div>\n<\/td>\n<td>\n<div><span style=\"font-size: 10pt;\">Isabelle Gonzales<\/span><\/div>\n<\/td>\n<td>\n<div><span style=\"font-size: 10pt;\">LPS<\/span><\/div>\n<\/td>\n<\/tr>\n<tr>\n<td>\n<div><span style=\"font-size: 10pt;\">AO 2016<\/span><\/div>\n<\/td>\n<td>\n<div><span style=\"font-size: 10pt;\">Emergence<\/span><\/div>\n<\/td>\n<td>\n<div><span style=\"font-size: 10pt;\">REMI<\/span><\/div>\n<\/td>\n<td>\n<div><span style=\"font-size: 10pt;\">Nad\u00e8ge Ollier<\/span><\/div>\n<\/td>\n<td>\n<div><span style=\"font-size: 10pt;\">Mohamed Mahfoudhi<\/span><\/div>\n<\/td>\n<td>\n<div><span style=\"font-size: 10pt;\">LIS<\/span><\/div>\n<\/td>\n<\/tr>\n<tr>\n<td>\n<div><span style=\"font-size: 10pt;\">AO 2018<\/span><\/div>\n<\/td>\n<td>\n<div><span style=\"font-size: 10pt;\">Th\u00e8me 2<\/span><\/div>\n<\/td>\n<td>\n<div><span style=\"font-size: 10pt;\">e-BACT<\/span><\/div>\n<\/td>\n<td>\n<div><span style=\"font-size: 10pt;\">Eric Raspaud<\/span><\/div>\n<\/td>\n<td>\n<div><span style=\"font-size: 10pt;\">&nbsp;<\/span><\/div>\n<\/td>\n<td>\n<div><span style=\"font-size: 10pt;\">LPS<\/span><\/div>\n<\/td>\n<\/tr>\n<tr>\n<td>\n<div><span style=\"font-size: 10pt;\">AO 2018<\/span><\/div>\n<\/td>\n<td>\n<div><span style=\"font-size: 10pt;\">Th\u00e8me 2<\/span><\/div>\n<\/td>\n<td>\n<div><span style=\"font-size: 10pt;\">SYMBIOSE<\/span><\/div>\n<\/td>\n<td>\n<div><span style=\"font-size: 10pt;\">Harold Auradou<\/span><\/div>\n<\/td>\n<td>\n<div><span style=\"font-size: 10pt;\">&nbsp;<\/span><\/div>\n<\/td>\n<td>\n<div><span style=\"font-size: 10pt;\">FAST<\/span><\/div>\n<\/td>\n<\/tr>\n<\/tbody>\n<\/table>\n<p>&nbsp;<\/p>\n<div class=\"art-article\">\n<h3><span style=\"font-size: 12pt;\">Terms&nbsp;<\/span><\/h3>\n<p style=\"line-height: 18px; text-align: justify;\">The funding is clearly limited to 3 years and PALM funding won&#8217;t exceed this period of time. However if the PhD lasts longer than three years, the laboratory commits to use its own resources to pay the PhD student&#8217;s salary. Application for thesis grants must take place in a structuring and collaborative scientific project, in a cotutelle agreement with two other labs apart from LabEx PALM. The project may include what is in relation with the PhD (small equipment, missions&#8230;).<\/p>\n<p style=\"line-height: 18px;\">Other conditions can be found in the annual call for proposals.<\/p>\n<p style=\"line-height: 18px; text-align: justify;\">.<\/p>\n<\/div>\n","protected":false},"excerpt":{"rendered":"<p>PALM Labex supports PhD students&#8217; education by funding fellowship via calls for projects. AO [&hellip;]<\/p>\n","protected":false},"author":1,"featured_media":0,"parent":660,"menu_order":0,"comment_status":"closed","ping_status":"closed","template":"","meta":[],"acf":[],"yoast_head":"<!-- This site is optimized with the Yoast SEO plugin v21.8.1 - https:\/\/yoast.com\/wordpress\/plugins\/seo\/ -->\n<title>Palm PHD Fellowship - Labex-Palm<\/title>\n<meta name=\"robots\" content=\"index, follow, max-snippet:-1, max-image-preview:large, max-video-preview:-1\" \/>\n<link rel=\"canonical\" href=\"https:\/\/www.labex-palm.fr\/en\/higher-education\/palm-phd-fellowship\/\" \/>\n<meta property=\"og:locale\" content=\"en_US\" \/>\n<meta property=\"og:type\" content=\"article\" \/>\n<meta property=\"og:title\" content=\"Palm PHD Fellowship - Labex-Palm\" \/>\n<meta property=\"og:description\" content=\"PALM Labex supports PhD students&#8217; education by funding fellowship via calls for projects. AO [&hellip;]\" \/>\n<meta property=\"og:url\" content=\"https:\/\/www.labex-palm.fr\/en\/higher-education\/palm-phd-fellowship\/\" \/>\n<meta property=\"og:site_name\" content=\"Labex-Palm\" \/>\n<meta property=\"article:modified_time\" content=\"2020-03-16T16:05:33+00:00\" \/>\n<meta name=\"twitter:card\" content=\"summary_large_image\" \/>\n<meta name=\"twitter:label1\" content=\"Est. reading time\" \/>\n\t<meta name=\"twitter:data1\" content=\"1 minute\" \/>\n<script type=\"application\/ld+json\" class=\"yoast-schema-graph\">{\"@context\":\"https:\/\/schema.org\",\"@graph\":[{\"@type\":\"WebPage\",\"@id\":\"https:\/\/www.labex-palm.fr\/en\/higher-education\/palm-phd-fellowship\/\",\"url\":\"https:\/\/www.labex-palm.fr\/en\/higher-education\/palm-phd-fellowship\/\",\"name\":\"Palm PHD Fellowship - Labex-Palm\",\"isPartOf\":{\"@id\":\"https:\/\/www.labex-palm.fr\/#website\"},\"datePublished\":\"2019-07-09T14:54:43+00:00\",\"dateModified\":\"2020-03-16T16:05:33+00:00\",\"breadcrumb\":{\"@id\":\"https:\/\/www.labex-palm.fr\/en\/higher-education\/palm-phd-fellowship\/#breadcrumb\"},\"inLanguage\":\"en-US\",\"potentialAction\":[{\"@type\":\"ReadAction\",\"target\":[\"https:\/\/www.labex-palm.fr\/en\/higher-education\/palm-phd-fellowship\/\"]}]},{\"@type\":\"BreadcrumbList\",\"@id\":\"https:\/\/www.labex-palm.fr\/en\/higher-education\/palm-phd-fellowship\/#breadcrumb\",\"itemListElement\":[{\"@type\":\"ListItem\",\"position\":1,\"name\":\"Accueil\",\"item\":\"https:\/\/www.labex-palm.fr\/en\/\"},{\"@type\":\"ListItem\",\"position\":2,\"name\":\"Higher Education\",\"item\":\"https:\/\/www.labex-palm.fr\/en\/higher-education\/\"},{\"@type\":\"ListItem\",\"position\":3,\"name\":\"Palm PHD Fellowship\"}]},{\"@type\":\"WebSite\",\"@id\":\"https:\/\/www.labex-palm.fr\/#website\",\"url\":\"https:\/\/www.labex-palm.fr\/\",\"name\":\"Labex-Palm\",\"description\":\"Physique Atomes Lumi\u00e8re Mati\u00e8re\",\"potentialAction\":[{\"@type\":\"SearchAction\",\"target\":{\"@type\":\"EntryPoint\",\"urlTemplate\":\"https:\/\/www.labex-palm.fr\/?s={search_term_string}\"},\"query-input\":\"required name=search_term_string\"}],\"inLanguage\":\"en-US\"}]}<\/script>\n<!-- \/ Yoast SEO plugin. -->","yoast_head_json":{"title":"Palm PHD Fellowship - Labex-Palm","robots":{"index":"index","follow":"follow","max-snippet":"max-snippet:-1","max-image-preview":"max-image-preview:large","max-video-preview":"max-video-preview:-1"},"canonical":"https:\/\/www.labex-palm.fr\/en\/higher-education\/palm-phd-fellowship\/","og_locale":"en_US","og_type":"article","og_title":"Palm PHD Fellowship - Labex-Palm","og_description":"PALM Labex supports PhD students&#8217; education by funding fellowship via calls for projects. AO [&hellip;]","og_url":"https:\/\/www.labex-palm.fr\/en\/higher-education\/palm-phd-fellowship\/","og_site_name":"Labex-Palm","article_modified_time":"2020-03-16T16:05:33+00:00","twitter_card":"summary_large_image","twitter_misc":{"Est. reading time":"1 minute"},"schema":{"@context":"https:\/\/schema.org","@graph":[{"@type":"WebPage","@id":"https:\/\/www.labex-palm.fr\/en\/higher-education\/palm-phd-fellowship\/","url":"https:\/\/www.labex-palm.fr\/en\/higher-education\/palm-phd-fellowship\/","name":"Palm PHD Fellowship - Labex-Palm","isPartOf":{"@id":"https:\/\/www.labex-palm.fr\/#website"},"datePublished":"2019-07-09T14:54:43+00:00","dateModified":"2020-03-16T16:05:33+00:00","breadcrumb":{"@id":"https:\/\/www.labex-palm.fr\/en\/higher-education\/palm-phd-fellowship\/#breadcrumb"},"inLanguage":"en-US","potentialAction":[{"@type":"ReadAction","target":["https:\/\/www.labex-palm.fr\/en\/higher-education\/palm-phd-fellowship\/"]}]},{"@type":"BreadcrumbList","@id":"https:\/\/www.labex-palm.fr\/en\/higher-education\/palm-phd-fellowship\/#breadcrumb","itemListElement":[{"@type":"ListItem","position":1,"name":"Accueil","item":"https:\/\/www.labex-palm.fr\/en\/"},{"@type":"ListItem","position":2,"name":"Higher Education","item":"https:\/\/www.labex-palm.fr\/en\/higher-education\/"},{"@type":"ListItem","position":3,"name":"Palm PHD Fellowship"}]},{"@type":"WebSite","@id":"https:\/\/www.labex-palm.fr\/#website","url":"https:\/\/www.labex-palm.fr\/","name":"Labex-Palm","description":"Physique Atomes Lumi\u00e8re Mati\u00e8re","potentialAction":[{"@type":"SearchAction","target":{"@type":"EntryPoint","urlTemplate":"https:\/\/www.labex-palm.fr\/?s={search_term_string}"},"query-input":"required name=search_term_string"}],"inLanguage":"en-US"}]}},"_links":{"self":[{"href":"https:\/\/www.labex-palm.fr\/en\/wp-json\/wp\/v2\/pages\/662"}],"collection":[{"href":"https:\/\/www.labex-palm.fr\/en\/wp-json\/wp\/v2\/pages"}],"about":[{"href":"https:\/\/www.labex-palm.fr\/en\/wp-json\/wp\/v2\/types\/page"}],"author":[{"embeddable":true,"href":"https:\/\/www.labex-palm.fr\/en\/wp-json\/wp\/v2\/users\/1"}],"replies":[{"embeddable":true,"href":"https:\/\/www.labex-palm.fr\/en\/wp-json\/wp\/v2\/comments?post=662"}],"version-history":[{"count":4,"href":"https:\/\/www.labex-palm.fr\/en\/wp-json\/wp\/v2\/pages\/662\/revisions"}],"predecessor-version":[{"id":3045,"href":"https:\/\/www.labex-palm.fr\/en\/wp-json\/wp\/v2\/pages\/662\/revisions\/3045"}],"up":[{"embeddable":true,"href":"https:\/\/www.labex-palm.fr\/en\/wp-json\/wp\/v2\/pages\/660"}],"wp:attachment":[{"href":"https:\/\/www.labex-palm.fr\/en\/wp-json\/wp\/v2\/media?parent=662"}],"curies":[{"name":"wp","href":"https:\/\/api.w.org\/{rel}","templated":true}]}}