{"id":672,"date":"2019-07-09T17:19:52","date_gmt":"2019-07-09T15:19:52","guid":{"rendered":"https:\/\/www.labex-palm.fr\/?page_id=672"},"modified":"2020-09-30T11:15:06","modified_gmt":"2020-09-30T09:15:06","slug":"call-for-proposals","status":"publish","type":"page","link":"https:\/\/www.labex-palm.fr\/en\/call-for-proposals\/","title":{"rendered":"Call for proposals"},"content":{"rendered":"\n<h3 class=\"wp-block-heading\">Appels d&#8217;offre en cours ou \u00e0 venir<\/h3>\n\n\n\n<figure class=\"wp-block-table has-subtle-pale-blue-background-color has-background is-style-stripes\"><table><tbody><tr><td><strong>Nom de l&#8217;appel<\/strong><\/td><td><strong>Type de projets financ\u00e9s<\/strong><\/td><td><strong>Budget&nbsp;<\/strong><\/td><td><strong>&nbsp;P\u00e9riode<\/strong><\/td><\/tr><tr><td><a style=\"text-decoration: underline ; color: #1486d7;\" href=\"https:\/\/www.labex-palm.fr\/ao-2021-recherche\/\">AO 2021 Recherche<\/a><\/td><td>Equipement, chaire junior interne ou externe,<br>post-doctorant, doctorant, apprentis, stagiaire<\/td><td>1,5 M\u20ac<\/td><td> 13\/10\/2020 au 14\/12\/2020<\/td><\/tr><tr><td><a style=\"text-decoration: underline ; color: #1486d7;\" href=\"https:\/\/www.labex-palm.fr\/ao-2021-formation\/\">AO 2021 Formation<\/a><\/td><td>Action de formation, diffusion ou vulgarisation<\/td><td>85 k\u20ac<\/td><td>13\/10\/2020 au 14\/12\/2020<\/td><\/tr><tr><td><a style=\"text-decoration: underline ; color: #1486d7;\" href=\"https:\/\/www.labex-palm.fr\/ao-2021-valorisation\/\">AO 2021 Valorisation<\/a><\/td><td>Valorisation, transfert de technologie, cr\u00e9ation de start-up<\/td><td>190 k\u20ac<\/td><td>03\/11\/2020 au 29\/01\/2021<\/td><\/tr><tr><td><a style=\"text-decoration: underline ; color: #1486d7;\" href=\"https:\/\/www.labex-palm.fr\/ao-colloque-session-automne-2020\/\">Colloque automne 2020<\/a><\/td><td>Colloque<\/td><td>25 k\u20ac<\/td><td>13\/10\/2020 au 14\/12\/2020<\/td><\/tr><tr><td><a style=\"text-decoration: underline ; color: #1486d7;\" href=\"https:\/\/www.labex-palm.fr\/fil-de-leau-2021-chercheur-invite\/\">Fil de l&#8217;eau 2021<\/a><\/td><td>Chercheur invit\u00e9<\/td><td>50 k\u20ac<\/td><td>13\/10\/2020 au 3\/09\/2021<\/td><\/tr><\/tbody><\/table><\/figure>\n\n\n\n<h3 class=\"wp-block-heading\"><\/h3>\n\n\n\n<p class=\"has-text-color has-background\" style=\"background-color:#ffffff;color:#ffffff\">   \u00f9ml\u00f9ml<\/p>\n\n\n\n<h3 class=\"wp-block-heading\">Appels d&#8217;offre des ann\u00e9es pr\u00e9c\u00e9dentes<\/h3>\n\n\n\n<figure class=\"wp-block-table is-style-stripes\"><table><tbody><tr><td><strong>Nom de l&#8217;appel<\/strong><\/td><td><strong>Type de projets financ\u00e9s<\/strong><\/td><td><strong>Budget&nbsp;<\/strong><\/td><td><strong>&nbsp;P\u00e9riode<\/strong><\/td><td><strong>R\u00e9sultats<\/strong><\/td><\/tr><tr><td>Fil de l&#8217;eau Formation 2020<\/td><td>Action de formation, diffusion ou vulgarisation<\/td><td>15 k\u20ac<\/td><td>1\/04\/2020 au 4\/09\/2020<\/td><td>Ferm\u00e9<\/td><\/tr><tr><td>Colloque printemps 2020<\/td><td>Colloque<\/td><td>25 k\u20ac<\/td><td>1\/04\/2020 au 12\/06\/2020<\/td><td>Ferm\u00e9<\/td><\/tr><tr><td>Fil de l&#8217;eau 2020<\/td><td>Chercheur invit\u00e9<\/td><td>50 k\u20ac<\/td><td>16\/10\/2019 au 4\/09\/2020<\/td><td>Ferm\u00e9<\/td><\/tr><tr><td>AO 2020 Recherche<\/td><td>Equipement, chaire junior interne ou externe,<br>post-doctorant, doctorant, apprentis, stagiaire<\/td><td>1,7M\u20ac<\/td><td>16\/10\/2019 au 06\/12\/2019<\/td><td><a href=\"https:\/\/www.labex-palm.fr\/resultats-ao-2020\/\">R\u00e9sultats<\/a><\/td><\/tr><tr><td>AO Valorisation 2020<\/td><td>Valorisation, transfert de technologie, cr\u00e9ation de start-up<\/td><td>190 k\u20ac<\/td><td>05\/11\/2019 au 30\/01\/2020<\/td><td><a href=\"https:\/\/www.labex-palm.fr\/resultats-ao-2020\/\">R\u00e9sultats<\/a><\/td><\/tr><tr><td>AO 2020 Formation<\/td><td>Action de formation, diffusion ou vulgarisation<\/td><td>85 k\u20ac<\/td><td>16\/10\/2019 au 06\/12\/2019<\/td><td><a href=\"https:\/\/www.labex-palm.fr\/resultats-ao-2020\/\">R\u00e9sultats<\/a><\/td><\/tr><tr><td>Colloque automne 2019<\/td><td>Colloque<\/td><td>25 k\u20ac<\/td><td>16\/10\/2019&nbsp;06\/12\/2019<\/td><td>Ferm\u00e9<\/td><\/tr><tr><td>Colloque printemps 2019<\/td><td>Colloque<\/td><td>&nbsp; 25 k\u20ac<\/td><td>19\/04\/2019 au 12\/06\/2019<\/td><td>Ferm\u00e9<\/td><\/tr><tr><td>Fil de l&#8217;eau 2019<\/td><td>Chercheur invit\u00e9<\/td><td>&nbsp; 50 k\u20ac<\/td><td>&nbsp;15\/10\/2018&nbsp;&nbsp;au 30\/09\/2019<\/td><td>Ferm\u00e9<\/td><\/tr><tr><td>AO Valorisation 2019<\/td><td>Valorisation, transfert de technologie, cr\u00e9ation de start-up<br><\/td><td>&nbsp;180 k\u20ac<\/td><td>&nbsp;15\/10\/2018&nbsp;au 20\/01\/2019<\/td><td>Ferm\u00e9<\/td><\/tr><tr><td>AO 2019 Formation<\/td><td>Action de formation, diffusion ou vulgarisation<\/td><td>&nbsp;105 k\u20ac<\/td><td>&nbsp;15\/10\/2018&nbsp;au 05\/12\/2018<\/td><td><a href=\"https:\/\/dev.labex-palm.fr\/appels-a-projets\/resultats-ao2011\/315-resultats-ao-2019\">R\u00e9sultas<\/a><br><br><\/td><\/tr><tr><td>AO 2019 Recherche<\/td><td>Equipement, chaire junior interne ou externe, <br>post-doctorant, doctorant, apprentis, stagiaire<\/td><td>&nbsp;805 k\u20ac<\/td><td>&nbsp;15\/10\/2018&nbsp;&nbsp;au 05\/12\/2018<\/td><td><a href=\"https:\/\/dev.labex-palm.fr\/appels-a-projets\/resultats-ao2011\/315-resultats-ao-2019\">R\u00e9sultas<\/a><\/td><\/tr><tr><td>Colloque automne 2018<\/td><td>Colloque<\/td><td>&nbsp; 25 k\u20ac<\/td><td>&nbsp;15\/10\/2018&nbsp;au 05\/12\/2018<\/td><td><a href=\"https:\/\/dev.labex-palm.fr\/appels-a-projets\/resultats-ao2011\/280-resultats-ao-2018-colloques\">R\u00e9sultats<\/a><\/td><\/tr><tr><td>Fil de l&#8217;eau 2018<\/td><td>Chercheur invit\u00e9<\/td><td>&nbsp; 50 k\u20ac<\/td><td>&nbsp;2018<\/td><td>Ferm\u00e9<\/td><\/tr><tr><td>Fil de l&#8217;eau formation<\/td><td>Action de formation, diffusion ou vulgarisation<\/td><td>&nbsp;100 k\u20ac<\/td><td>&nbsp;18\/04\/2018&nbsp;&nbsp;au 30\/06\/2018<\/td><td>Ferm\u00e9<\/td><\/tr><tr><td>Colloque printemps 2018<\/td><td>Colloque<\/td><td>&nbsp; 25 k\u20ac<\/td><td>&nbsp;09\/04\/2018&nbsp;&nbsp;au 11\/06\/2018<\/td><td><a href=\"https:\/\/dev.labex-palm.fr\/appels-a-projets\/resultats-ao2011\/280-resultats-ao-2018-colloques\">R\u00e9sultats<\/a><\/td><\/tr><tr><td>AO 2018 Recherche<\/td><td>Equipement, s\u00e9jour sabbatique, chaire junior interne ou externe, <br>post-doctorant, doctorant, stagiaire, apprentis&nbsp;<\/td><td>&nbsp;1,3 M\u20ac<\/td><td>&nbsp;02\/10\/2017&nbsp;&nbsp;au 28\/11\/2017<\/td><td><a href=\"https:\/\/dev.labex-palm.fr\/appels-a-projets\/resultats-ao2011\/279-resultats-ao-2018\">R\u00e9sultats<\/a><\/td><\/tr><tr><td>AO 2018 Formation<\/td><td>Action de formation, Action de diffusion ou de vulgarisation<\/td><td>&nbsp; 50 k\u20ac<\/td><td>&nbsp;02\/10\/2017&nbsp;&nbsp;au 28\/11\/2017<\/td><td>Ferm\u00e9<\/td><\/tr><tr><td>AO 2018 Valorisation<\/td><td>Valorisation, transfert de technologie, cr\u00e9ation de start-up<\/td><td>&nbsp;380 k\u20ac<\/td><td>&nbsp;16\/11\/2017&nbsp;&nbsp;au 26\/01\/2018<\/td><td>Ferm\u00e9<\/td><\/tr><tr><td>Colloque automne 2017<\/td><td>Colloque<\/td><td>&nbsp; 25 k\u20ac<\/td><td>&nbsp;02\/10\/2017&nbsp;&nbsp;au 28\/11\/2017<\/td><td>Ferm\u00e9<\/td><\/tr><tr><td>Fil de l&#8217;eau 2017<\/td><td>Chercheur invit\u00e9<\/td><td>&nbsp; 50 k\u20ac<\/td><td>&nbsp;18\/10\/2016&nbsp;&nbsp;au 31\/10\/2017<\/td><td>Ferm\u00e9<\/td><\/tr><tr><td>Fil de l&#8217;eau Formation<\/td><td>Action de formation au niveau Master ou Doctorat<\/td><td>&nbsp; 50 k\u20ac<\/td><td>&nbsp;18\/10\/2016&nbsp;&nbsp;au 31\/10\/2017<\/td><td>Ferm\u00e9&nbsp;<\/td><\/tr><tr><td>Colloque printemps 2017<\/td><td>Colloque<\/td><td>&nbsp; 25 k\u20ac<\/td><td>&nbsp;12\/04\/2017&nbsp;&nbsp;au 31\/05\/2017<\/td><td>Ferm\u00e9<\/td><\/tr><tr><td>AO 2017 Valorisation<\/td><td>Valorisation, transfert de technologie, cr\u00e9ation de start-up<\/td><td>&nbsp;350 k\u20ac<\/td><td>&nbsp;18\/10\/2016&nbsp;&nbsp;au 26\/01\/2017<\/td><td>Ferm\u00e9<\/td><\/tr><tr><td>AO 2017 Formation Diffusion&nbsp;<\/td><td>Action de formation, Action de diffusion et vulgarisation<\/td><td>100 k\u20ac<\/td><td>&nbsp;18\/10\/2016&nbsp;&nbsp;au 08\/12\/2016<\/td><td>Ferm\u00e9<\/td><\/tr><tr><td>AO 2017 Recherche<\/td><td>Equipement, s\u00e9jour sabbatique, chaire junior interne ou externe, <br>post-doctorant, doctorant, stagiaire, apprentis&nbsp;<\/td><td>&nbsp;1,3 M\u20ac<\/td><td>&nbsp;18\/10\/2016&nbsp;&nbsp;au 08\/12\/2016<\/td><td>Ferm\u00e9<\/td><\/tr><tr><td>Colloque automne 2016<\/td><td>Colloque<\/td><td>&nbsp; 25 k\u20ac<\/td><td>&nbsp;18\/10\/2016&nbsp;&nbsp;au 08\/12\/2016&nbsp;<\/td><td>Ferm\u00e9<\/td><\/tr><tr><td>Fil de l&#8217;eau 2016<\/td><td>Chercheur invit\u00e9<\/td><td>&nbsp; 50 k\u20ac<\/td><td>&nbsp;12\/10\/2015&nbsp;&nbsp;&nbsp;au 31\/08\/2016<\/td><td>Ferm\u00e9<\/td><\/tr><tr><td>Colloque printemps 2016<\/td><td>Colloque&nbsp;<\/td><td>&nbsp; 25 k\u20ac<\/td><td>&nbsp;11\/04\/2016&nbsp;&nbsp;au 10\/06\/2016<\/td><td>Ferm\u00e9<\/td><\/tr><tr><td>AO Valorisation 2016<\/td><td>Valorisation, transfert de technologie, cr\u00e9ation de start-up<\/td><td>&nbsp;350 k\u20ac<\/td><td>&nbsp;12\/10\/2015&nbsp;&nbsp;&nbsp;au 11\/12\/2015<\/td><td><a href=\"https:\/\/dev.labex-palm.fr\/appels-a-projets\/199-resultats-ao-2016\">R\u00e9sultats<\/a><\/td><\/tr><tr><td>AO 2016 Formation<\/td><td>Action&nbsp;de formation, Action de diffusion ou de vulgarisation<\/td><td>&nbsp;100 k\u20ac<\/td><td>&nbsp;12\/10\/2015&nbsp;&nbsp;&nbsp;au 11\/12\/2015<\/td><td><a href=\"https:\/\/dev.labex-palm.fr\/appels-a-projets\/199-resultats-ao-2016\">R\u00e9sultats<\/a><\/td><\/tr><tr><td>AO 2016 Recherche<\/td><td>Equipement, chaire junior interne ou externe, post-doctorant, <br>doctorant, apprentis, stagiaire, s\u00e9jour sabbatique<\/td><td>&nbsp;1,7 M\u20ac<\/td><td>&nbsp;12\/10\/2015&nbsp;&nbsp;&nbsp;au 11\/12\/2015<\/td><td><a href=\"https:\/\/dev.labex-palm.fr\/appels-a-projets\/199-resultats-ao-2016\">R\u00e9sultats<\/a><\/td><\/tr><tr><td>Colloque automne 2015<\/td><td>Colloque<\/td><td>&nbsp; 25 k\u20ac<\/td><td>&nbsp;12\/10\/2015&nbsp;au 11\/12\/2015<\/td><td><a href=\"https:\/\/dev.labex-palm.fr\/appels-a-projets\/199-resultats-ao-2016\">R\u00e9sultats<\/a><\/td><\/tr><tr><td>Fil de l&#8217;eau 2015<\/td><td>Chercheur invit\u00e9<\/td><td>&nbsp; 80 k\u20ac<\/td><td>&nbsp;15\/12\/2014&nbsp;&nbsp;au 31\/08\/2015<\/td><td>Ferm\u00e9<\/td><\/tr><tr><td>Fil de l&#8217;eau 2015<\/td><td>Colloque<\/td><td>&nbsp; 40 k\u20ac<\/td><td>&nbsp;15\/12\/2014&nbsp;&nbsp;au 31\/03\/2015<\/td><td>Ferm\u00e9<\/td><\/tr><tr><td>AO Valorisation 2015<\/td><td>Valorisation, transfert de technologie, cr\u00e9ation de start-up<\/td><td>&nbsp;250 k\u20ac<\/td><td>&nbsp;14\/11\/2014&nbsp;&nbsp;au 15\/01\/2015&nbsp;<\/td><td><a href=\"https:\/\/dev.labex-palm.fr\/component\/content\/167\">R\u00e9sultats<\/a><\/td><\/tr><tr><td>AO Formation 2015<\/td><td>Action de formation, Action de diffusion ou de vulgarisation<\/td><td>&nbsp;100 k\u20ac<\/td><td>&nbsp;13\/10\/2014&nbsp;&nbsp;au 12\/12\/2014<\/td><td><a href=\"https:\/\/dev.labex-palm.fr\/component\/content\/167\">R\u00e9sultats<\/a><\/td><\/tr><tr><td>AO 2015<\/td><td>Equipement, chaire junior interne ou externe, <br>post-doctorant, doctorant, apprentis, stagiaire, s\u00e9jour sabbatique<\/td><td>&nbsp;1,2 M\u20ac<\/td><td>&nbsp;13\/10\/2014&nbsp;&nbsp;au 12\/12\/2014<\/td><td><a href=\"https:\/\/dev.labex-palm.fr\/component\/content\/167\">R\u00e9sultats<\/a><\/td><\/tr><tr><td>Fil De L&#8217;Eau Formation 2014<\/td><td>Cr\u00e9ation ou r\u00e9novation de&nbsp;travaux pratiques, enseignement <br>innovant, action de formation<\/td><td>&nbsp;50 k\u20ac<\/td><td>&nbsp;01\/06\/2014&nbsp;&nbsp;au 01\/06\/2015<\/td><td>Ferm\u00e9<\/td><\/tr><tr><td>Colloques Automne 2014<\/td><td>Colloque<\/td><td>50 k\u20ac<\/td><td>&nbsp;01\/06\/2014&nbsp;&nbsp;au 23\/09\/2014<\/td><td>Ferm\u00e9<\/td><\/tr><tr><td>AO Valorisation 2014<\/td><td>Valorisation, transfert de technologie, cr\u00e9ation de start-up<\/td><td>&nbsp;250 k\u20ac<\/td><td> 09\/12\/2013&nbsp;&nbsp;au 31\/01\/2013<\/td><td><a href=\"https:\/\/dev.labex-palm.fr\/component\/content\/36-resultats\/128-resultats-ao-valorisation-2014\">R\u00e9sultats<\/a><\/td><\/tr><tr><td>AO 2014<\/td><td>Equipement, chaire senior, s\u00e9jour sabbatique, chaire junior <br>interne ou externe, post-doctorant, doctorant, workshop<\/td><td>&nbsp;2,6 M\u20ac<\/td><td>&nbsp;15\/10\/2013&nbsp;&nbsp;au 08\/12\/2013<\/td><td><a href=\"https:\/\/dev.labex-palm.fr\/component\/content\/36-resultats\/120-resultats-ao-2014\">R\u00e9sultats<\/a><\/td><\/tr><tr><td>Fil de l&#8217;Eau<\/td><td>Chercheur invit\u00e9<\/td><td>&nbsp;125 k\u20ac<\/td><td>&nbsp;24\/06\/2013&nbsp;&nbsp;au 23\/06\/2014<\/td><td><a href=\"https:\/\/dev.labex-palm.fr\/appels-a-projets\/143-resultats-ao-au-fil-de-leau-chercheur-invite\">R\u00e9sultats<\/a><\/td><\/tr><tr><td>AO 2013<\/td><td>Recherche, Formation,&nbsp;Valorisation<\/td><td> 2,9 M\u20ac<\/td><td> 12\/11\/2012 au  08\/12\/2012<\/td><td><a href=\"https:\/\/dev.labex-palm.fr\/component\/content\/36-resultats\/33-resultats-ao2013\">R\u00e9sultats<\/a><\/td><\/tr><tr><td>AO interlabex<\/td><td>&#8220;La physique \u00e0 ses interfaces&#8221;<\/td><td> 300 k\u20ac<\/td><td> 14\/09\/2012&nbsp;au 14\/10\/2012&nbsp;<\/td><td><a href=\"http:\/\/triangledelaphysique.fr\/Triangle_Physique_1212_resultats_Appel_Inter-labex\" target=\"_blank\" rel=\"noreferrer noopener\">R\u00e9sultats<\/a><\/td><\/tr><tr><td>AO 2012<\/td><td>Recherche, Formation,&nbsp;Valorisation<\/td><td>1 M\u20ac&nbsp;<\/td><td>&nbsp;01\/01\/2012&nbsp;&nbsp;au 08\/03\/2012&nbsp;<\/td><td><a href=\"https:\/\/dev.labex-palm.fr\/component\/content\/36-resultats\/34-resultats-ao2012\">R\u00e9sultats<\/a><\/td><\/tr><tr><td>AO 2011<\/td><td>Equipement, chaire senior, s\u00e9jour sabbatique, chaire junior <br>interne ou externe, post-doctorant, doctorant<\/td><td>&nbsp;405 k\u20ac<\/td><td> 08\/10\/2011 au 23\/10\/2011<\/td><td><a href=\"https:\/\/dev.labex-palm.fr\/appels-a-projets\/resultats-ao2011\/35-resultats-ao2011\">R\u00e9sultats<\/a><\/td><\/tr><\/tbody><\/table><\/figure>\n","protected":false},"excerpt":{"rendered":"<p>Appels d&#8217;offre en cours ou \u00e0 venir Nom de l&#8217;appel Type de projets financ\u00e9s [&hellip;]<\/p>\n","protected":false},"author":1,"featured_media":0,"parent":0,"menu_order":0,"comment_status":"closed","ping_status":"closed","template":"","meta":[],"acf":[],"yoast_head":"<!-- This site is optimized with the Yoast SEO plugin v21.8.1 - https:\/\/yoast.com\/wordpress\/plugins\/seo\/ -->\n<title>Call for proposals - Labex-Palm<\/title>\n<meta name=\"robots\" content=\"index, follow, max-snippet:-1, max-image-preview:large, max-video-preview:-1\" \/>\n<link rel=\"canonical\" href=\"https:\/\/www.labex-palm.fr\/en\/call-for-proposals\/\" \/>\n<meta property=\"og:locale\" content=\"en_US\" \/>\n<meta property=\"og:type\" content=\"article\" \/>\n<meta property=\"og:title\" content=\"Call for proposals - Labex-Palm\" \/>\n<meta property=\"og:description\" content=\"Appels d&#8217;offre en cours ou \u00e0 venir Nom de l&#8217;appel Type de projets financ\u00e9s [&hellip;]\" \/>\n<meta property=\"og:url\" content=\"https:\/\/www.labex-palm.fr\/en\/call-for-proposals\/\" \/>\n<meta property=\"og:site_name\" content=\"Labex-Palm\" \/>\n<meta property=\"article:modified_time\" content=\"2020-09-30T09:15:06+00:00\" \/>\n<meta name=\"twitter:card\" content=\"summary_large_image\" \/>\n<meta name=\"twitter:label1\" content=\"Est. reading time\" \/>\n\t<meta name=\"twitter:data1\" content=\"4 minutes\" \/>\n<script type=\"application\/ld+json\" class=\"yoast-schema-graph\">{\"@context\":\"https:\/\/schema.org\",\"@graph\":[{\"@type\":\"WebPage\",\"@id\":\"https:\/\/www.labex-palm.fr\/en\/call-for-proposals\/\",\"url\":\"https:\/\/www.labex-palm.fr\/en\/call-for-proposals\/\",\"name\":\"Call for proposals - Labex-Palm\",\"isPartOf\":{\"@id\":\"https:\/\/www.labex-palm.fr\/#website\"},\"datePublished\":\"2019-07-09T15:19:52+00:00\",\"dateModified\":\"2020-09-30T09:15:06+00:00\",\"breadcrumb\":{\"@id\":\"https:\/\/www.labex-palm.fr\/en\/call-for-proposals\/#breadcrumb\"},\"inLanguage\":\"en-US\",\"potentialAction\":[{\"@type\":\"ReadAction\",\"target\":[\"https:\/\/www.labex-palm.fr\/en\/call-for-proposals\/\"]}]},{\"@type\":\"BreadcrumbList\",\"@id\":\"https:\/\/www.labex-palm.fr\/en\/call-for-proposals\/#breadcrumb\",\"itemListElement\":[{\"@type\":\"ListItem\",\"position\":1,\"name\":\"Accueil\",\"item\":\"https:\/\/www.labex-palm.fr\/en\/\"},{\"@type\":\"ListItem\",\"position\":2,\"name\":\"Call for proposals\"}]},{\"@type\":\"WebSite\",\"@id\":\"https:\/\/www.labex-palm.fr\/#website\",\"url\":\"https:\/\/www.labex-palm.fr\/\",\"name\":\"Labex-Palm\",\"description\":\"Physique Atomes Lumi\u00e8re Mati\u00e8re\",\"potentialAction\":[{\"@type\":\"SearchAction\",\"target\":{\"@type\":\"EntryPoint\",\"urlTemplate\":\"https:\/\/www.labex-palm.fr\/?s={search_term_string}\"},\"query-input\":\"required name=search_term_string\"}],\"inLanguage\":\"en-US\"}]}<\/script>\n<!-- \/ Yoast SEO plugin. -->","yoast_head_json":{"title":"Call for proposals - Labex-Palm","robots":{"index":"index","follow":"follow","max-snippet":"max-snippet:-1","max-image-preview":"max-image-preview:large","max-video-preview":"max-video-preview:-1"},"canonical":"https:\/\/www.labex-palm.fr\/en\/call-for-proposals\/","og_locale":"en_US","og_type":"article","og_title":"Call for proposals - Labex-Palm","og_description":"Appels d&#8217;offre en cours ou \u00e0 venir Nom de l&#8217;appel Type de projets financ\u00e9s [&hellip;]","og_url":"https:\/\/www.labex-palm.fr\/en\/call-for-proposals\/","og_site_name":"Labex-Palm","article_modified_time":"2020-09-30T09:15:06+00:00","twitter_card":"summary_large_image","twitter_misc":{"Est. reading time":"4 minutes"},"schema":{"@context":"https:\/\/schema.org","@graph":[{"@type":"WebPage","@id":"https:\/\/www.labex-palm.fr\/en\/call-for-proposals\/","url":"https:\/\/www.labex-palm.fr\/en\/call-for-proposals\/","name":"Call for proposals - Labex-Palm","isPartOf":{"@id":"https:\/\/www.labex-palm.fr\/#website"},"datePublished":"2019-07-09T15:19:52+00:00","dateModified":"2020-09-30T09:15:06+00:00","breadcrumb":{"@id":"https:\/\/www.labex-palm.fr\/en\/call-for-proposals\/#breadcrumb"},"inLanguage":"en-US","potentialAction":[{"@type":"ReadAction","target":["https:\/\/www.labex-palm.fr\/en\/call-for-proposals\/"]}]},{"@type":"BreadcrumbList","@id":"https:\/\/www.labex-palm.fr\/en\/call-for-proposals\/#breadcrumb","itemListElement":[{"@type":"ListItem","position":1,"name":"Accueil","item":"https:\/\/www.labex-palm.fr\/en\/"},{"@type":"ListItem","position":2,"name":"Call for proposals"}]},{"@type":"WebSite","@id":"https:\/\/www.labex-palm.fr\/#website","url":"https:\/\/www.labex-palm.fr\/","name":"Labex-Palm","description":"Physique Atomes Lumi\u00e8re Mati\u00e8re","potentialAction":[{"@type":"SearchAction","target":{"@type":"EntryPoint","urlTemplate":"https:\/\/www.labex-palm.fr\/?s={search_term_string}"},"query-input":"required name=search_term_string"}],"inLanguage":"en-US"}]}},"_links":{"self":[{"href":"https:\/\/www.labex-palm.fr\/en\/wp-json\/wp\/v2\/pages\/672"}],"collection":[{"href":"https:\/\/www.labex-palm.fr\/en\/wp-json\/wp\/v2\/pages"}],"about":[{"href":"https:\/\/www.labex-palm.fr\/en\/wp-json\/wp\/v2\/types\/page"}],"author":[{"embeddable":true,"href":"https:\/\/www.labex-palm.fr\/en\/wp-json\/wp\/v2\/users\/1"}],"replies":[{"embeddable":true,"href":"https:\/\/www.labex-palm.fr\/en\/wp-json\/wp\/v2\/comments?post=672"}],"version-history":[{"count":4,"href":"https:\/\/www.labex-palm.fr\/en\/wp-json\/wp\/v2\/pages\/672\/revisions"}],"predecessor-version":[{"id":3793,"href":"https:\/\/www.labex-palm.fr\/en\/wp-json\/wp\/v2\/pages\/672\/revisions\/3793"}],"wp:attachment":[{"href":"https:\/\/www.labex-palm.fr\/en\/wp-json\/wp\/v2\/media?parent=672"}],"curies":[{"name":"wp","href":"https:\/\/api.w.org\/{rel}","templated":true}]}}