{"id":689,"date":"2019-07-08T11:05:19","date_gmt":"2019-07-08T09:05:19","guid":{"rendered":"https:\/\/www.labex-palm.fr\/call-for-proposals\/results\/resultats-ao-2017-colloques\/"},"modified":"2020-03-17T11:00:21","modified_gmt":"2020-03-17T10:00:21","slug":"resultats-ao-2017-colloques","status":"publish","type":"page","link":"https:\/\/www.labex-palm.fr\/en\/call-for-proposals\/results\/resultats-ao-2017-colloques\/","title":{"rendered":"R\u00e9sultats AO 2017 Colloques"},"content":{"rendered":"<div class=\"art-article\">\n<p>Les r\u00e9sultats de l&#8217;AO Colloques 2017 sont disponibles. 7 projets ont \u00e9t\u00e9 financ\u00e9s pour chacune des sessions (automne et printemps) pour un total de 37,8 k\u20ac.<\/p>\n<h3>Session Printemps<\/h3>\n<table style=\"border-collapse: collapse; border=\" 0\"=\"\" cellspacing=\"0\" cellpadding=\"0\">\n<thead>\n<tr style=\"background-color: #1486d7;\">\n<td style=\"border: 1px solid #1486d7;\"><strong><span style=\"color: #ffffff;\">Axe<\/span><\/strong><\/td>\n<td style=\"border: 1px solid #1486d7;\">&nbsp;<strong><span style=\"color: #ffffff;\">Projet<\/span><\/strong><\/td>\n<td style=\"border: 1px solid #1486d7;\"><span style=\"color: #ffffff;\"><strong>&nbsp;Porteur<\/strong><\/span><\/td>\n<td style=\"border: 1px solid #1486d7;\"><span style=\"color: #ffffff;\"><strong>Labo&nbsp;<\/strong><\/span><\/td>\n<td style=\"border: 1px solid #1486d7;\"><span style=\"color: #ffffff;\"><strong>&nbsp;D\u00e9tail du colloque<\/strong><\/span><\/td>\n<td style=\"border: 1px solid #1486d7;\"><span style=\"color: #ffffff;\"><strong>&nbsp;Lieu<\/strong><\/span><\/td>\n<td style=\"border: 1px solid #1486d7;\"><span style=\"color: #ffffff;\"><strong>&nbsp;Date<\/strong><\/span><\/td>\n<td style=\"border: 1px solid #1486d7; text-align: center;\"><span style=\"color: #ffffff;\"><strong>&nbsp;Allou\u00e9<\/strong><\/span><\/td>\n<\/tr>\n<\/thead>\n<tbody>\n<tr style=\"height: 16pt;\">\n<td style=\"border: 1px solid #1486d7;\"><span style=\"font-size: 8pt;\">Th\u00e8me 1<\/span><\/td>\n<td style=\"border: 1px solid #1486d7;\"><span style=\"font-size: 8pt;\">Florence<\/span><\/td>\n<td style=\"border: 1px solid #1486d7;\"><span style=\"font-size: 8pt;\">Claude Fermon<\/span><\/td>\n<td style=\"border: 1px solid #1486d7;\"><span style=\"font-size: 8pt;\">SPEC<\/span><\/td>\n<td style=\"border: 1px solid #1486d7;\"><span style=\"font-size: 8pt;\">Colloque autour de la supraconductivit\u00e9 \u00e0 haute temp\u00e9rature critique en l\u2019honneur de Florence Albenque-Rullier<\/span><\/td>\n<td style=\"border: 1px solid #1486d7;\"><span style=\"font-size: 8pt;\">CEA Ormes des Merisier<\/span><\/td>\n<td style=\"border: 1px solid #1486d7;\"><span style=\"font-size: 8pt;\">26\/06\/2017<\/span><\/td>\n<td style=\"border: 1px solid #1486d7; text-align: right;\"><span style=\"font-size: 8pt;\">2&nbsp;500 \u20ac<\/span><\/td>\n<\/tr>\n<tr style=\"height: 16pt;\">\n<td style=\"border: 1px solid #1486d7;\"><span style=\"font-size: 8pt;\">Emergence<\/span><\/td>\n<td style=\"border: 1px solid #1486d7;\"><span style=\"font-size: 8pt;\">REI-19<\/span><\/td>\n<td style=\"border: 1px solid #1486d7;\"><span style=\"font-size: 8pt;\">Olivier Plantevin<\/span><\/td>\n<td style=\"border: 1px solid #1486d7;\"><span style=\"font-size: 8pt;\">CSNSM<\/span><\/td>\n<td style=\"border: 1px solid #1486d7;\"><span style=\"font-size: 8pt;\">Conf\u00e9rence internationale Radiation Effects in Insulators<\/span><\/td>\n<td style=\"border: 1px solid #1486d7;\"><span style=\"font-size: 8pt;\">Versailles Campus UFR Sciences<\/span><\/td>\n<td style=\"border: 1px solid #1486d7;\"><span style=\"font-size: 8pt;\">30\/06\/2017<\/span><\/td>\n<td style=\"border: 1px solid #1486d7; text-align: right;\"><span style=\"font-size: 8pt;\">3&nbsp;000 \u20ac<\/span><\/td>\n<\/tr>\n<tr style=\"height: 16pt;\">\n<td style=\"border: 1px solid #1486d7;\"><span style=\"font-size: 8pt;\">Emergence<\/span><\/td>\n<td style=\"border: 1px solid #1486d7;\"><span style=\"font-size: 8pt;\">ISORELAX<\/span><\/td>\n<td style=\"border: 1px solid #1486d7;\"><span style=\"font-size: 8pt;\">Cyril Falvo<\/span><\/td>\n<td style=\"border: 1px solid #1486d7;\"><span style=\"font-size: 8pt;\">ISMO<\/span><\/td>\n<td style=\"border: 1px solid #1486d7;\"><span style=\"font-size: 8pt;\">Atelier th\u00e9matique : Comp\u00e9tition entre processus de relaxation dans les syst\u00e8mes mol\u00e9culaires complexes isol\u00e9s<\/span><\/td>\n<td style=\"border: 1px solid #1486d7;\"><span style=\"font-size: 8pt;\">Campus d&#8217;Orsay<\/span><\/td>\n<td style=\"border: 1px solid #1486d7;\"><span style=\"font-size: 8pt;\">06\/11\/2017<\/span><\/td>\n<td style=\"border: 1px solid #1486d7; text-align: right;\"><span style=\"font-size: 8pt;\">3&nbsp;000 \u20ac<\/span><\/td>\n<\/tr>\n<tr style=\"height: 16pt;\">\n<td style=\"border: 1px solid #1486d7;\"><span style=\"font-size: 8pt;\">Emergence<\/span><\/td>\n<td style=\"border: 1px solid #1486d7;\"><span style=\"font-size: 8pt;\">IMS6<\/span><\/td>\n<td style=\"border: 1px solid #1486d7;\"><span style=\"font-size: 8pt;\">Andrew Mayne<\/span><\/td>\n<td style=\"border: 1px solid #1486d7;\"><span style=\"font-size: 8pt;\">ISMO<\/span><\/td>\n<td style=\"border: 1px solid #1486d7;\"><span style=\"font-size: 8pt;\">6th International Meeting on Silicene<\/span><\/td>\n<td style=\"border: 1px solid #1486d7;\"><span style=\"font-size: 8pt;\">Synchrotron Soleil<\/span><\/td>\n<td style=\"border: 1px solid #1486d7;\"><span style=\"font-size: 8pt;\">11\/12\/2017<\/span><\/td>\n<td style=\"border: 1px solid #1486d7; text-align: right;\"><span style=\"font-size: 8pt;\">2&nbsp;400 \u20ac<\/span><\/td>\n<\/tr>\n<tr style=\"height: 15pt;\">\n<td style=\"border: 1px solid #1486d7;\"><span style=\"font-size: 8pt;\">Th\u00e8me 2<\/span><\/td>\n<td style=\"border: 1px solid #1486d7;\"><span style=\"font-size: 8pt;\">Nemethods<\/span><\/td>\n<td style=\"border: 1px solid #1486d7;\"><span style=\"font-size: 8pt;\">Gatien Verley<\/span><\/td>\n<td style=\"border: 1px solid #1486d7;\"><span style=\"font-size: 8pt;\">LPT<\/span><\/td>\n<td style=\"border: 1px solid #1486d7;\"><span style=\"font-size: 8pt;\">S\u00e9rie de cours sur la mod\u00e9lisation et l&#8217;exploitation des fluctuations dans les syst\u00e8mes hors d&#8217;\u00e9quilibre<\/span><\/td>\n<td style=\"border: 1px solid #1486d7;\"><span style=\"font-size: 8pt;\">LPT Campus d&#8217;Orsay<\/span><\/td>\n<td style=\"border: 1px solid #1486d7;\"><span style=\"font-size: 8pt;\">08\/06\/2017<\/span><\/td>\n<td style=\"border: 1px solid #1486d7; text-align: right;\"><span style=\"font-size: 8pt;\">2&nbsp;000 \u20ac<\/span><\/td>\n<\/tr>\n<tr style=\"height: 15pt;\">\n<td style=\"border: 1px solid #1486d7;\"><span style=\"font-size: 8pt;\">Emergence<\/span><\/td>\n<td style=\"border: 1px solid #1486d7;\"><span style=\"font-size: 8pt;\">ModPhysChem<\/span><\/td>\n<td style=\"border: 1px solid #1486d7;\"><span style=\"font-size: 8pt;\">Thomas Pino<\/span><\/td>\n<td style=\"border: 1px solid #1486d7;\"><span style=\"font-size: 8pt;\">ISMO<\/span><\/td>\n<td style=\"border: 1px solid #1486d7;\"><span style=\"font-size: 8pt;\">Ecole th\u00e9matique sur les approches th\u00e9oriques et de mod\u00e9lisation modernes d\u2019objets isol\u00e9s<\/span><\/td>\n<td style=\"border: 1px solid #1486d7;\"><span style=\"font-size: 8pt;\">ENS Lyon<\/span><\/td>\n<td style=\"border: 1px solid #1486d7;\"><span style=\"font-size: 8pt;\">09\/10\/2017<\/span><\/td>\n<td style=\"border: 1px solid #1486d7; text-align: right;\"><span style=\"font-size: 8pt;\">2&nbsp;400 \u20ac<\/span><\/td>\n<\/tr>\n<tr style=\"height: 15pt;\">\n<td style=\"border: 1px solid #1486d7;\"><span style=\"font-size: 8pt;\">Th\u00e8me 2<\/span><\/td>\n<td style=\"border: 1px solid #1486d7;\"><span style=\"font-size: 8pt;\">Journ\u00e9es MSC<\/span><\/td>\n<td style=\"border: 1px solid #1486d7;\"><span style=\"font-size: 8pt;\">Daniel Bonamy<\/span><\/td>\n<td style=\"border: 1px solid #1486d7;\"><span style=\"font-size: 8pt;\">SPEC<\/span><\/td>\n<td style=\"border: 1px solid #1486d7;\"><span style=\"font-size: 8pt;\">Journ\u00e9es de la Mati\u00e8re et des Syst\u00e8mes Complexes<\/span><\/td>\n<td style=\"border: 1px solid #1486d7;\"><span style=\"font-size: 8pt;\">ENS Cachan<\/span><\/td>\n<td style=\"border: 1px solid #1486d7;\"><span style=\"font-size: 8pt;\">18\/10\/2017<\/span><\/td>\n<td style=\"border: 1px solid #1486d7; text-align: right;\"><span style=\"font-size: 8pt;\">3&nbsp;500 \u20ac<\/span><\/td>\n<\/tr>\n<\/tbody>\n<\/table>\n<p>&nbsp;<\/p>\n<h3>Session Automne<\/h3>\n<table style=\"border-collapse: collapse; border=\" 0\"=\"\" cellspacing=\"0\" cellpadding=\"0\">\n<thead>\n<tr style=\"background-color: #1486d7;\">\n<td style=\"border-style: solid; border-color: #1486d7;\"><strong><span style=\"color: #ffffff;\">Axe<\/span><\/strong><\/td>\n<td style=\"border-style: solid; border-color: #1486d7;\">&nbsp;<strong><span style=\"color: #ffffff;\">Projet<\/span><\/strong><\/td>\n<td style=\"border-style: solid; border-color: #1486d7;\"><span style=\"color: #ffffff;\"><strong>&nbsp;Porteur<\/strong><\/span><\/td>\n<td style=\"border-style: solid; border-color: #1486d7;\"><span style=\"color: #ffffff;\"><strong>Labo&nbsp;<\/strong><\/span><\/td>\n<td style=\"border-style: solid; border-color: #1486d7;\"><span style=\"color: #ffffff;\"><strong>&nbsp;D\u00e9tail du colloque<\/strong><\/span><\/td>\n<td style=\"border-style: solid; border-color: #1486d7;\"><span style=\"color: #ffffff;\"><strong>&nbsp;Lieu<\/strong><\/span><\/td>\n<td style=\"border-style: solid; border-color: #1486d7;\"><span style=\"color: #ffffff;\"><strong>&nbsp;Date<\/strong><\/span><\/td>\n<td style=\"border-style: solid; border-color: #1486d7; text-align: center;\"><span style=\"color: #ffffff;\"><strong>&nbsp;Allou\u00e9<\/strong><\/span><\/td>\n<\/tr>\n<\/thead>\n<tbody>\n<tr style=\"height: 16pt;\">\n<td style=\"border-style: solid; border-color: #1486d7;\"><span style=\"font-size: 8pt;\">Th\u00e8me 1<\/span><\/td>\n<td style=\"border-style: solid; border-color: #1486d7;\"><span style=\"font-size: 8pt;\">ECRYS 2017<\/span><\/td>\n<td style=\"border-style: solid; border-color: #1486d7;\"><span style=\"font-size: 8pt;\">Serge Brazovski<\/span><\/td>\n<td style=\"border-style: solid; border-color: #1486d7;\"><span style=\"font-size: 8pt;\">LPTMS&nbsp;<\/span><\/td>\n<td style=\"border-style: solid; border-color: #1486d7;\"><span style=\"font-size: 8pt;\">International School and Workshop on Electronic Crystals<\/span><\/td>\n<td style=\"border-style: solid; border-color: #1486d7;\"><span style=\"font-size: 8pt;\">Cag\u00e8se<\/span><\/td>\n<td style=\"border-style: solid; border-color: #1486d7;\"><span style=\"font-size: 8pt;\">22\/08\/2017<\/span><\/td>\n<td style=\"border-style: solid; border-color: #1486d7; text-align: right;\"><span style=\"font-size: 8pt;\">3&nbsp;000 \u20ac<\/span><\/td>\n<\/tr>\n<tr style=\"height: 16pt;\">\n<td style=\"border-style: solid; border-color: #1486d7;\"><span style=\"font-size: 8pt;\">Th\u00e8me 1<\/span><\/td>\n<td style=\"border-style: solid; border-color: #1486d7;\"><span style=\"font-size: 8pt;\">SUNSET<\/span><\/td>\n<td style=\"border-style: solid; border-color: #1486d7;\"><span style=\"font-size: 8pt;\">V\u00e9ronique Brouet<\/span><\/td>\n<td style=\"border-style: solid; border-color: #1486d7;\"><span style=\"font-size: 8pt;\">LPS<\/span><\/td>\n<td style=\"border-style: solid; border-color: #1486d7;\"><span style=\"font-size: 8pt;\">School on Unconventional Superconductivity: Experiment and Theory<\/span><\/td>\n<td style=\"border-style: solid; border-color: #1486d7;\"><span style=\"font-size: 8pt;\">Carg\u00e8se<\/span><\/td>\n<td style=\"border-style: solid; border-color: #1486d7;\"><span style=\"font-size: 8pt;\">07\/08\/2017<\/span><\/td>\n<td style=\"border-style: solid; border-color: #1486d7; text-align: right;\"><span style=\"font-size: 8pt;\">5&nbsp;000 \u20ac<\/span><\/td>\n<\/tr>\n<tr style=\"height: 16pt;\">\n<td style=\"border-style: solid; border-color: #1486d7;\"><span style=\"font-size: 8pt;\">Th\u00e8me 1<\/span><\/td>\n<td style=\"border-style: solid; border-color: #1486d7;\"><span style=\"font-size: 8pt;\">QCQM<\/span><\/td>\n<td style=\"border-style: solid; border-color: #1486d7;\"><span style=\"font-size: 8pt;\">Marco Aprili<\/span><\/td>\n<td style=\"border-style: solid; border-color: #1486d7;\"><span style=\"font-size: 8pt;\">LPS<\/span><\/td>\n<td style=\"border-style: solid; border-color: #1486d7;\"><span style=\"font-size: 8pt;\">Workshop international sur les mat\u00e9riaux et les circuits quantiques<\/span><\/td>\n<td style=\"border-style: solid; border-color: #1486d7;\"><span style=\"font-size: 8pt;\">St Lambert des Bois<\/span><\/td>\n<td style=\"border-style: solid; border-color: #1486d7;\"><span style=\"font-size: 8pt;\">19\/04\/2017<\/span><\/td>\n<td style=\"border-style: solid; border-color: #1486d7; text-align: right;\"><span style=\"font-size: 8pt;\">5&nbsp;000 \u20ac<\/span><\/td>\n<\/tr>\n<tr style=\"height: 16pt;\">\n<td style=\"border-style: solid; border-color: #1486d7;\"><span style=\"font-size: 8pt;\">Th\u00e8me 3<\/span><\/td>\n<td style=\"border-style: solid; border-color: #1486d7;\"><span style=\"font-size: 8pt;\">IWPRIXS2017<\/span><\/td>\n<td style=\"border-style: solid; border-color: #1486d7;\"><span style=\"font-size: 8pt;\">Laurent Nahon<\/span><\/td>\n<td style=\"border-style: solid; border-color: #1486d7;\"><span style=\"font-size: 8pt;\">SOLEIL<\/span><\/td>\n<td style=\"border-style: solid; border-color: #1486d7;\"><span style=\"font-size: 8pt;\">Workshop international on Photoionization &amp; Resonant Inelastic X-ray Scattering<\/span><\/td>\n<td style=\"border-style: solid; border-color: #1486d7;\"><span style=\"font-size: 8pt;\">Aussois<\/span><\/td>\n<td style=\"border-style: solid; border-color: #1486d7;\"><span style=\"font-size: 8pt;\">26\/03\/2017<\/span><\/td>\n<td style=\"border-style: solid; border-color: #1486d7; text-align: right;\"><span style=\"font-size: 8pt;\">1&nbsp;000 \u20ac<\/span><\/td>\n<\/tr>\n<tr style=\"height: 16pt;\">\n<td style=\"border-style: solid; border-color: #1486d7;\"><span style=\"font-size: 8pt;\">Th\u00e8me 3<\/span><\/td>\n<td style=\"border-style: solid; border-color: #1486d7;\"><span style=\"font-size: 8pt;\">IFSA2017<\/span><\/td>\n<td style=\"border-style: solid; border-color: #1486d7;\"><span style=\"font-size: 8pt;\">Sylvie Jacquemot<\/span><\/td>\n<td style=\"border-style: solid; border-color: #1486d7;\"><span style=\"font-size: 8pt;\">LULI<\/span><\/td>\n<td style=\"border-style: solid; border-color: #1486d7;\"><span style=\"font-size: 8pt;\">10\u00e8me Conf\u00e9rence internationale sur les Sciences de la Fusion et leurs Applications<\/span><\/td>\n<td style=\"border-style: solid; border-color: #1486d7;\"><span style=\"font-size: 8pt;\">Saint-Malo<\/span><\/td>\n<td style=\"border-style: solid; border-color: #1486d7;\"><span style=\"font-size: 8pt;\">11\/09\/2017<\/span><\/td>\n<td style=\"border-style: solid; border-color: #1486d7; text-align: right;\"><span style=\"font-size: 8pt;\">0 \u20ac<\/span><\/td>\n<\/tr>\n<tr style=\"height: 16pt;\">\n<td style=\"border-style: solid; border-color: #1486d7;\"><span style=\"font-size: 8pt;\">Th\u00e8me 3<\/span><\/td>\n<td style=\"border-style: solid; border-color: #1486d7;\"><span style=\"font-size: 8pt;\">ICON2<\/span><\/td>\n<td style=\"border-style: solid; border-color: #1486d7;\"><span style=\"font-size: 8pt;\">Mathieu Silly<\/span><\/td>\n<td style=\"border-style: solid; border-color: #1486d7;\"><span style=\"font-size: 8pt;\">SOLEIL<\/span><\/td>\n<td style=\"border-style: solid; border-color: #1486d7;\"><span style=\"font-size: 8pt;\">3\u00e8me \u00e9dition d&#8217;une conf\u00e9rence internationale sur l&#8217;\u00e9laboration et la caract\u00e9risation de nouveaux nanomat\u00e9riaux<\/span><\/td>\n<td style=\"border-style: solid; border-color: #1486d7;\"><span style=\"font-size: 8pt;\">Synchrotron Soleil<\/span><\/td>\n<td style=\"border-style: solid; border-color: #1486d7;\"><span style=\"font-size: 8pt;\">16\/10\/2017<\/span><\/td>\n<td style=\"border-style: solid; border-color: #1486d7; text-align: right;\"><span style=\"font-size: 8pt;\">3&nbsp;000 \u20ac<\/span><\/td>\n<\/tr>\n<tr style=\"height: 16pt;\">\n<td style=\"border-style: solid; border-color: #1486d7;\"><span style=\"font-size: 8pt;\">Emergence<\/span><\/td>\n<td style=\"border-style: solid; border-color: #1486d7;\"><span style=\"font-size: 8pt;\">LiXS 2017<\/span><\/td>\n<td style=\"border-style: solid; border-color: #1486d7;\"><span style=\"font-size: 8pt;\">Christophe Nicolas<\/span><\/td>\n<td style=\"border-style: solid; border-color: #1486d7;\"><span style=\"font-size: 8pt;\">SOLEIL<\/span><\/td>\n<td style=\"border-style: solid; border-color: #1486d7;\"><span style=\"font-size: 8pt;\">Workshop Liquid Xrays Spectroscopy<\/span><\/td>\n<td style=\"border-style: solid; border-color: #1486d7;\"><span style=\"font-size: 8pt;\">Synchrotron Soleil<\/span><\/td>\n<td style=\"border-style: solid; border-color: #1486d7;\"><span style=\"font-size: 8pt;\">17\/01\/2017<\/span><\/td>\n<td style=\"border-style: solid; border-color: #1486d7; text-align: right;\"><span style=\"font-size: 8pt;\">2&nbsp;000 \u20ac<\/span><\/td>\n<\/tr>\n<\/tbody>\n<\/table>\n<\/div>\n","protected":false},"excerpt":{"rendered":"<p>Les r\u00e9sultats de l&#8217;AO Colloques 2017 sont disponibles. 7 projets ont \u00e9t\u00e9 financ\u00e9s pour [&hellip;]<\/p>\n","protected":false},"author":1,"featured_media":0,"parent":674,"menu_order":0,"comment_status":"closed","ping_status":"closed","template":"","meta":[],"acf":[],"yoast_head":"<!-- This site is optimized with the Yoast SEO plugin v21.8.1 - https:\/\/yoast.com\/wordpress\/plugins\/seo\/ -->\n<title>R\u00e9sultats AO 2017 Colloques - Labex-Palm<\/title>\n<meta name=\"robots\" content=\"index, follow, max-snippet:-1, max-image-preview:large, max-video-preview:-1\" \/>\n<link rel=\"canonical\" href=\"https:\/\/www.labex-palm.fr\/en\/call-for-proposals\/results\/resultats-ao-2017-colloques\/\" \/>\n<meta property=\"og:locale\" content=\"en_US\" \/>\n<meta property=\"og:type\" content=\"article\" \/>\n<meta property=\"og:title\" content=\"R\u00e9sultats AO 2017 Colloques - Labex-Palm\" \/>\n<meta property=\"og:description\" content=\"Les r\u00e9sultats de l&#8217;AO Colloques 2017 sont disponibles. 7 projets ont \u00e9t\u00e9 financ\u00e9s pour [&hellip;]\" \/>\n<meta property=\"og:url\" content=\"https:\/\/www.labex-palm.fr\/en\/call-for-proposals\/results\/resultats-ao-2017-colloques\/\" \/>\n<meta property=\"og:site_name\" content=\"Labex-Palm\" \/>\n<meta property=\"article:modified_time\" content=\"2020-03-17T10:00:21+00:00\" \/>\n<meta name=\"twitter:card\" content=\"summary_large_image\" \/>\n<meta name=\"twitter:label1\" content=\"Est. reading time\" \/>\n\t<meta name=\"twitter:data1\" content=\"1 minute\" \/>\n<script type=\"application\/ld+json\" class=\"yoast-schema-graph\">{\"@context\":\"https:\/\/schema.org\",\"@graph\":[{\"@type\":\"WebPage\",\"@id\":\"https:\/\/www.labex-palm.fr\/en\/call-for-proposals\/results\/resultats-ao-2017-colloques\/\",\"url\":\"https:\/\/www.labex-palm.fr\/en\/call-for-proposals\/results\/resultats-ao-2017-colloques\/\",\"name\":\"R\u00e9sultats AO 2017 Colloques - Labex-Palm\",\"isPartOf\":{\"@id\":\"https:\/\/www.labex-palm.fr\/#website\"},\"datePublished\":\"2019-07-08T09:05:19+00:00\",\"dateModified\":\"2020-03-17T10:00:21+00:00\",\"breadcrumb\":{\"@id\":\"https:\/\/www.labex-palm.fr\/en\/call-for-proposals\/results\/resultats-ao-2017-colloques\/#breadcrumb\"},\"inLanguage\":\"en-US\",\"potentialAction\":[{\"@type\":\"ReadAction\",\"target\":[\"https:\/\/www.labex-palm.fr\/en\/call-for-proposals\/results\/resultats-ao-2017-colloques\/\"]}]},{\"@type\":\"BreadcrumbList\",\"@id\":\"https:\/\/www.labex-palm.fr\/en\/call-for-proposals\/results\/resultats-ao-2017-colloques\/#breadcrumb\",\"itemListElement\":[{\"@type\":\"ListItem\",\"position\":1,\"name\":\"Accueil\",\"item\":\"https:\/\/www.labex-palm.fr\/en\/\"},{\"@type\":\"ListItem\",\"position\":2,\"name\":\"Call for proposals\",\"item\":\"https:\/\/www.labex-palm.fr\/en\/call-for-proposals\/\"},{\"@type\":\"ListItem\",\"position\":3,\"name\":\"Results\",\"item\":\"https:\/\/www.labex-palm.fr\/en\/call-for-proposals\/results\/\"},{\"@type\":\"ListItem\",\"position\":4,\"name\":\"R\u00e9sultats AO 2017 Colloques\"}]},{\"@type\":\"WebSite\",\"@id\":\"https:\/\/www.labex-palm.fr\/#website\",\"url\":\"https:\/\/www.labex-palm.fr\/\",\"name\":\"Labex-Palm\",\"description\":\"Physique Atomes Lumi\u00e8re Mati\u00e8re\",\"potentialAction\":[{\"@type\":\"SearchAction\",\"target\":{\"@type\":\"EntryPoint\",\"urlTemplate\":\"https:\/\/www.labex-palm.fr\/?s={search_term_string}\"},\"query-input\":\"required name=search_term_string\"}],\"inLanguage\":\"en-US\"}]}<\/script>\n<!-- \/ Yoast SEO plugin. -->","yoast_head_json":{"title":"R\u00e9sultats AO 2017 Colloques - Labex-Palm","robots":{"index":"index","follow":"follow","max-snippet":"max-snippet:-1","max-image-preview":"max-image-preview:large","max-video-preview":"max-video-preview:-1"},"canonical":"https:\/\/www.labex-palm.fr\/en\/call-for-proposals\/results\/resultats-ao-2017-colloques\/","og_locale":"en_US","og_type":"article","og_title":"R\u00e9sultats AO 2017 Colloques - Labex-Palm","og_description":"Les r\u00e9sultats de l&#8217;AO Colloques 2017 sont disponibles. 7 projets ont \u00e9t\u00e9 financ\u00e9s pour [&hellip;]","og_url":"https:\/\/www.labex-palm.fr\/en\/call-for-proposals\/results\/resultats-ao-2017-colloques\/","og_site_name":"Labex-Palm","article_modified_time":"2020-03-17T10:00:21+00:00","twitter_card":"summary_large_image","twitter_misc":{"Est. reading time":"1 minute"},"schema":{"@context":"https:\/\/schema.org","@graph":[{"@type":"WebPage","@id":"https:\/\/www.labex-palm.fr\/en\/call-for-proposals\/results\/resultats-ao-2017-colloques\/","url":"https:\/\/www.labex-palm.fr\/en\/call-for-proposals\/results\/resultats-ao-2017-colloques\/","name":"R\u00e9sultats AO 2017 Colloques - Labex-Palm","isPartOf":{"@id":"https:\/\/www.labex-palm.fr\/#website"},"datePublished":"2019-07-08T09:05:19+00:00","dateModified":"2020-03-17T10:00:21+00:00","breadcrumb":{"@id":"https:\/\/www.labex-palm.fr\/en\/call-for-proposals\/results\/resultats-ao-2017-colloques\/#breadcrumb"},"inLanguage":"en-US","potentialAction":[{"@type":"ReadAction","target":["https:\/\/www.labex-palm.fr\/en\/call-for-proposals\/results\/resultats-ao-2017-colloques\/"]}]},{"@type":"BreadcrumbList","@id":"https:\/\/www.labex-palm.fr\/en\/call-for-proposals\/results\/resultats-ao-2017-colloques\/#breadcrumb","itemListElement":[{"@type":"ListItem","position":1,"name":"Accueil","item":"https:\/\/www.labex-palm.fr\/en\/"},{"@type":"ListItem","position":2,"name":"Call for proposals","item":"https:\/\/www.labex-palm.fr\/en\/call-for-proposals\/"},{"@type":"ListItem","position":3,"name":"Results","item":"https:\/\/www.labex-palm.fr\/en\/call-for-proposals\/results\/"},{"@type":"ListItem","position":4,"name":"R\u00e9sultats AO 2017 Colloques"}]},{"@type":"WebSite","@id":"https:\/\/www.labex-palm.fr\/#website","url":"https:\/\/www.labex-palm.fr\/","name":"Labex-Palm","description":"Physique Atomes Lumi\u00e8re Mati\u00e8re","potentialAction":[{"@type":"SearchAction","target":{"@type":"EntryPoint","urlTemplate":"https:\/\/www.labex-palm.fr\/?s={search_term_string}"},"query-input":"required name=search_term_string"}],"inLanguage":"en-US"}]}},"_links":{"self":[{"href":"https:\/\/www.labex-palm.fr\/en\/wp-json\/wp\/v2\/pages\/689"}],"collection":[{"href":"https:\/\/www.labex-palm.fr\/en\/wp-json\/wp\/v2\/pages"}],"about":[{"href":"https:\/\/www.labex-palm.fr\/en\/wp-json\/wp\/v2\/types\/page"}],"author":[{"embeddable":true,"href":"https:\/\/www.labex-palm.fr\/en\/wp-json\/wp\/v2\/users\/1"}],"replies":[{"embeddable":true,"href":"https:\/\/www.labex-palm.fr\/en\/wp-json\/wp\/v2\/comments?post=689"}],"version-history":[{"count":2,"href":"https:\/\/www.labex-palm.fr\/en\/wp-json\/wp\/v2\/pages\/689\/revisions"}],"predecessor-version":[{"id":3165,"href":"https:\/\/www.labex-palm.fr\/en\/wp-json\/wp\/v2\/pages\/689\/revisions\/3165"}],"up":[{"embeddable":true,"href":"https:\/\/www.labex-palm.fr\/en\/wp-json\/wp\/v2\/pages\/674"}],"wp:attachment":[{"href":"https:\/\/www.labex-palm.fr\/en\/wp-json\/wp\/v2\/media?parent=689"}],"curies":[{"name":"wp","href":"https:\/\/api.w.org\/{rel}","templated":true}]}}