{"id":696,"date":"2019-07-08T11:06:26","date_gmt":"2019-07-08T09:06:26","guid":{"rendered":"https:\/\/www.labex-palm.fr\/call-for-proposals\/results\/resultats-ao-2018-colloques\/"},"modified":"2020-03-17T10:59:19","modified_gmt":"2020-03-17T09:59:19","slug":"resultats-ao-2018-colloques","status":"publish","type":"page","link":"https:\/\/www.labex-palm.fr\/en\/call-for-proposals\/results\/resultats-ao-2018-colloques\/","title":{"rendered":"R\u00e9sultats AO 2018 Colloques"},"content":{"rendered":"<div class=\"art-article\">\n<p>Les r\u00e9sultats de l&#8217;AO Colloques 2018 session printemps sont disponibles.<\/p>\n<h3>Session Printemps<\/h3>\n<table style=\"border-collapse: collapse; height: 116px;\" width=\"1022\" cellspacing=\"0\" cellpadding=\"0\">\n<thead>\n<tr style=\"background-color: #1486d7; border-color: #1486d7; border-width: 1px;\">\n<td style=\"border: 1px solid #1486d7;\"><strong><span style=\"color: #ffffff;\">Axe<\/span><\/strong><\/td>\n<td style=\"border: 1px solid #1486d7;\"><strong><span style=\"color: #ffffff;\">Acronyme<\/span><\/strong><\/td>\n<td style=\"border: 1px solid #1486d7;\"><strong><span style=\"color: #ffffff;\">Porteur<\/span><\/strong><\/td>\n<td style=\"border: 1px solid #1486d7;\"><strong><span style=\"color: #ffffff;\">Labo<\/span><\/strong><\/td>\n<td style=\"border: 1px solid #1486d7;\"><strong><span style=\"color: #ffffff;\">D\u00e9tail du colloque<\/span><\/strong><\/td>\n<td style=\"border: 1px solid #1486d7;\"><strong><span style=\"color: #ffffff;\">Lieu<\/span><\/strong><\/td>\n<td style=\"border: 1px solid #1486d7;\"><strong><span style=\"color: #ffffff;\">Dur\u00e9e<\/span><\/strong><\/td>\n<td style=\"border: 1px solid #1486d7;\"><strong><span style=\"color: #ffffff;\">Date<\/span><\/strong><\/td>\n<td style=\"border: 1px solid #1486d7;\"><strong><span style=\"color: #ffffff;\">Allou\u00e9<\/span><\/strong><\/td>\n<\/tr>\n<\/thead>\n<tbody>\n<tr style=\"height: 16pt;\">\n<td style=\"border: 1px solid #1486d7; text-align: center;\"><span style=\"font-size: 8pt;\">1<\/span><\/td>\n<td style=\"border: 1px solid #1486d7;\"><span style=\"font-size: 8pt;\">TechnoQ<\/span><\/td>\n<td style=\"border: 1px solid #1486d7;\"><span style=\"font-size: 8pt;\">Tiberiu Minea<\/span><\/td>\n<td style=\"border: 1px solid #1486d7;\"><span style=\"font-size: 8pt;\">LPGP<\/span><\/td>\n<td style=\"border: 1px solid #1486d7;\"><span style=\"font-size: 8pt;\">Journ\u00e9e Science et Progr\u00e8s \u00ab Les technologies quantiques: en route vers les applications\u00bb<\/span><\/td>\n<td style=\"border: 1px solid #1486d7;\"><span style=\"font-size: 8pt;\">ENS Paris (Paris)<\/span><\/td>\n<td style=\"border: 1px solid #1486d7;\"><span style=\"font-size: 8pt;\">1 jour<\/span><\/td>\n<td style=\"border: 1px solid #1486d7;\"><span style=\"font-size: 8pt;\">11\/01\/2018<\/span><\/td>\n<td style=\"border: 1px solid #1486d7; text-align: center;\"><span style=\"font-size: 8pt;\">5 k\u20ac<\/span><\/td>\n<\/tr>\n<tr style=\"height: 16pt;\">\n<td style=\"border: 1px solid #1486d7; text-align: center;\"><span style=\"font-size: 8pt;\">1<\/span><\/td>\n<td style=\"border: 1px solid #1486d7;\"><span style=\"font-size: 8pt;\">CMQLIA4<\/span><\/td>\n<td style=\"border: 1px solid #1486d7;\"><span style=\"font-size: 8pt;\">Denis Vion<\/span><\/td>\n<td style=\"border: 1px solid #1486d7;\"><span style=\"font-size: 8pt;\">SPEC<\/span><\/td>\n<td style=\"border: 1px solid #1486d7;\"><span style=\"font-size: 8pt;\">4eme workshop du laboratoire international associ\u00e9 \u00ab Circuit et mat\u00e9riaux quantiques \u00bb<\/span><\/td>\n<td style=\"border: 1px solid #1486d7;\"><span style=\"font-size: 8pt;\">Domaine St Paul (St Remy les Chevreuses)<\/span><\/td>\n<td style=\"border: 1px solid #1486d7;\"><span style=\"font-size: 8pt;\">5 jours<\/span><\/td>\n<td style=\"border: 1px solid #1486d7;\"><span style=\"font-size: 8pt;\">04\/06\/2018<\/span><\/td>\n<td style=\"border: 1px solid #1486d7; text-align: center;\"><span style=\"font-size: 8pt;\">4 k\u20ac<\/span><\/td>\n<\/tr>\n<tr style=\"height: 16pt;\">\n<td style=\"border: 1px solid #1486d7; text-align: center;\"><span style=\"font-size: 8pt;\">2<\/span><\/td>\n<td style=\"border: 1px solid #1486d7;\"><span style=\"font-size: 8pt;\">NCTRV<\/span><\/td>\n<td style=\"border: 1px solid #1486d7;\"><span style=\"font-size: 8pt;\">Pierre-Philippe Cortet<\/span><\/td>\n<td style=\"border: 1px solid #1486d7;\"><span style=\"font-size: 8pt;\">FAST<\/span><\/td>\n<td style=\"border: 1px solid #1486d7;\"><span style=\"font-size: 8pt;\">Ecole th\u00e9matique \u00abNew Challenges in Turbulence Research V\u00bb<\/span><\/td>\n<td style=\"border: 1px solid #1486d7;\"><span style=\"font-size: 8pt;\">Ecole de Physique (Les Houches)<\/span><\/td>\n<td style=\"border: 1px solid #1486d7;\"><span style=\"font-size: 8pt;\">5 jours<\/span><\/td>\n<td style=\"border: 1px solid #1486d7;\"><span style=\"font-size: 8pt;\">07\/04\/2018<\/span><\/td>\n<td style=\"border: 1px solid #1486d7; text-align: center;\"><span style=\"font-size: 8pt;\">2,9 k\u20ac<\/span><\/td>\n<\/tr>\n<tr style=\"height: 16pt;\">\n<td style=\"border: 1px solid #1486d7; text-align: center;\"><span style=\"font-size: 8pt;\">3<\/span><\/td>\n<td style=\"border: 1px solid #1486d7;\"><span style=\"font-size: 8pt;\">PXRNMS2018<\/span><\/td>\n<td style=\"border: 1px solid #1486d7;\"><span style=\"font-size: 8pt;\">Franck Delmotte<\/span><\/td>\n<td style=\"border: 1px solid #1486d7;\"><span style=\"font-size: 8pt;\">LCF<\/span><\/td>\n<td style=\"border: 1px solid #1486d7;\"><span style=\"font-size: 8pt;\">Workshop \u00ab Physics of X-ray and Neutron Multilayer Structures \u00bb<\/span><\/td>\n<td style=\"border: 1px solid #1486d7;\"><span style=\"font-size: 8pt;\">EDF Lab Paris-Saclay (Palaiseau)<\/span><\/td>\n<td style=\"border: 1px solid #1486d7;\"><span style=\"font-size: 8pt;\">3 jours<\/span><\/td>\n<td style=\"border: 1px solid #1486d7;\"><span style=\"font-size: 8pt;\">07\/11\/2018<\/span><\/td>\n<td style=\"border: 1px solid #1486d7; text-align: center;\"><span style=\"font-size: 8pt;\">3 k\u20ac<\/span><\/td>\n<\/tr>\n<tr style=\"height: 16pt;\">\n<td style=\"border: 1px solid #1486d7; text-align: center;\"><span style=\"font-size: 8pt;\">3<\/span><\/td>\n<td style=\"border: 1px solid #1486d7;\"><span style=\"font-size: 8pt;\">ECAM_QD<\/span><\/td>\n<td style=\"border: 1px solid #1486d7;\"><span style=\"font-size: 8pt;\">Federica Agostini<\/span><\/td>\n<td style=\"border: 1px solid #1486d7;\"><span style=\"font-size: 8pt;\">LCP<\/span><\/td>\n<td style=\"border: 1px solid #1486d7;\"><span style=\"font-size: 8pt;\">Workshop &#8220;Extended Software Development Workshop : Quantum Dynamics&#8221;<\/span><\/td>\n<td style=\"border: 1px solid #1486d7;\"><span style=\"font-size: 8pt;\">Maison de la Simulation (Saclay)<\/span><\/td>\n<td style=\"border: 1px solid #1486d7;\"><span style=\"font-size: 8pt;\">10 jours<\/span><\/td>\n<td style=\"border: 1px solid #1486d7;\"><span style=\"font-size: 8pt;\">09\/07\/2018<\/span><\/td>\n<td style=\"border: 1px solid #1486d7; text-align: center;\"><span style=\"font-size: 8pt;\">3 k\u20ac<\/span><\/td>\n<\/tr>\n<tr style=\"height: 16pt;\">\n<td style=\"border: 1px solid #1486d7; text-align: center;\"><span style=\"font-size: 8pt;\">1<\/span><\/td>\n<td style=\"border: 1px solid #1486d7;\"><span style=\"font-size: 8pt;\">PyroMag<\/span><\/td>\n<td style=\"border: 1px solid #1486d7;\"><span style=\"font-size: 8pt;\">Edwin Kermarrec<\/span><\/td>\n<td style=\"border: 1px solid #1486d7;\"><span style=\"font-size: 8pt;\">LPS<\/span><\/td>\n<td style=\"border: 1px solid #1486d7;\"><span style=\"font-size: 8pt;\">Workshop mat\u00e9riaux \u00e0 structure pyrochlore avec de fortes corr\u00e9lations \u00e9lectroniques<\/span><\/td>\n<td style=\"border: 1px solid #1486d7;\"><span style=\"font-size: 8pt;\">LPS (Orsay)<\/span><\/td>\n<td style=\"border: 1px solid #1486d7;\"><span style=\"font-size: 8pt;\">2 jours<\/span><\/td>\n<td style=\"border: 1px solid #1486d7;\"><span style=\"font-size: 8pt;\">15\/03\/2018<\/span><\/td>\n<td style=\"border: 1px solid #1486d7; text-align: center;\"><span style=\"font-size: 8pt;\">2,5 k \u20ac<\/span><\/td>\n<\/tr>\n<tr style=\"height: 16pt;\">\n<td style=\"border: 1px solid #1486d7; text-align: center;\"><span style=\"font-size: 8pt;\">1<\/span><\/td>\n<td style=\"border: 1px solid #1486d7;\"><span style=\"font-size: 8pt;\">MESOCOPI<\/span><\/td>\n<td style=\"border: 1px solid #1486d7;\"><span style=\"font-size: 8pt;\">Genevi\u00e8ve Fleury<\/span><\/td>\n<td style=\"border: 1px solid #1486d7;\"><span style=\"font-size: 8pt;\">SPEC<\/span><\/td>\n<td style=\"border: 1px solid #1486d7;\"><span style=\"font-size: 8pt;\">Colloque \u00e0 la m\u00e9moire de Jean-Louis Pichard<\/span><\/td>\n<td style=\"border: 1px solid #1486d7;\"><span style=\"font-size: 8pt;\">Orme des Merisiers CEA (Saclay)<\/span><\/td>\n<td style=\"border: 1px solid #1486d7;\"><span style=\"font-size: 8pt;\">2 jours<\/span><\/td>\n<td style=\"border: 1px solid #1486d7;\"><span style=\"font-size: 8pt;\">25\/06\/2018<\/span><\/td>\n<td style=\"border: 1px solid #1486d7; text-align: center;\"><span style=\"font-size: 8pt;\">2 k\u20ac<\/span><\/td>\n<\/tr>\n<tr style=\"height: 16pt;\">\n<td style=\"border: 1px solid #1486d7; text-align: center;\"><span style=\"font-size: 8pt;\">2<\/span><\/td>\n<td style=\"border: 1px solid #1486d7;\"><span style=\"font-size: 8pt;\">ECOCLIM<\/span><\/td>\n<td style=\"border: 1px solid #1486d7;\"><span style=\"font-size: 8pt;\">C\u00e9cile Appert<\/span><\/td>\n<td style=\"border: 1px solid #1486d7;\"><span style=\"font-size: 8pt;\">LPT<\/span><\/td>\n<td style=\"border: 1px solid #1486d7;\"><span style=\"font-size: 8pt;\">Ecole pour non-sp\u00e9cialistes sur le r\u00e9chauffement climatique<\/span><\/td>\n<td style=\"border: 1px solid #1486d7;\"><span style=\"font-size: 8pt;\">LPT (Orsay)<\/span><\/td>\n<td style=\"border: 1px solid #1486d7;\"><span style=\"font-size: 8pt;\">4 jours<\/span><\/td>\n<td style=\"border: 1px solid #1486d7;\"><span style=\"font-size: 8pt;\">11\/06\/2018<\/span><\/td>\n<td style=\"border: 1px solid #1486d7; text-align: center;\"><span style=\"font-size: 8pt;\">4,9 k\u20ac<\/span><\/td>\n<\/tr>\n<\/tbody>\n<\/table>\n<\/div>\n","protected":false},"excerpt":{"rendered":"<p>Les r\u00e9sultats de l&#8217;AO Colloques 2018 session printemps sont disponibles. Session Printemps Axe Acronyme [&hellip;]<\/p>\n","protected":false},"author":1,"featured_media":0,"parent":674,"menu_order":0,"comment_status":"closed","ping_status":"closed","template":"","meta":[],"acf":[],"yoast_head":"<!-- This site is optimized with the Yoast SEO plugin v21.8.1 - https:\/\/yoast.com\/wordpress\/plugins\/seo\/ -->\n<title>R\u00e9sultats AO 2018 Colloques - Labex-Palm<\/title>\n<meta name=\"robots\" content=\"index, follow, max-snippet:-1, max-image-preview:large, max-video-preview:-1\" \/>\n<link rel=\"canonical\" href=\"https:\/\/www.labex-palm.fr\/en\/call-for-proposals\/results\/resultats-ao-2018-colloques\/\" \/>\n<meta property=\"og:locale\" content=\"en_US\" \/>\n<meta property=\"og:type\" content=\"article\" \/>\n<meta property=\"og:title\" content=\"R\u00e9sultats AO 2018 Colloques - Labex-Palm\" \/>\n<meta property=\"og:description\" content=\"Les r\u00e9sultats de l&#8217;AO Colloques 2018 session printemps sont disponibles. Session Printemps Axe Acronyme [&hellip;]\" \/>\n<meta property=\"og:url\" content=\"https:\/\/www.labex-palm.fr\/en\/call-for-proposals\/results\/resultats-ao-2018-colloques\/\" \/>\n<meta property=\"og:site_name\" content=\"Labex-Palm\" \/>\n<meta property=\"article:modified_time\" content=\"2020-03-17T09:59:19+00:00\" \/>\n<meta name=\"twitter:card\" content=\"summary_large_image\" \/>\n<meta name=\"twitter:label1\" content=\"Est. reading time\" \/>\n\t<meta name=\"twitter:data1\" content=\"1 minute\" \/>\n<script type=\"application\/ld+json\" class=\"yoast-schema-graph\">{\"@context\":\"https:\/\/schema.org\",\"@graph\":[{\"@type\":\"WebPage\",\"@id\":\"https:\/\/www.labex-palm.fr\/en\/call-for-proposals\/results\/resultats-ao-2018-colloques\/\",\"url\":\"https:\/\/www.labex-palm.fr\/en\/call-for-proposals\/results\/resultats-ao-2018-colloques\/\",\"name\":\"R\u00e9sultats AO 2018 Colloques - Labex-Palm\",\"isPartOf\":{\"@id\":\"https:\/\/www.labex-palm.fr\/#website\"},\"datePublished\":\"2019-07-08T09:06:26+00:00\",\"dateModified\":\"2020-03-17T09:59:19+00:00\",\"breadcrumb\":{\"@id\":\"https:\/\/www.labex-palm.fr\/en\/call-for-proposals\/results\/resultats-ao-2018-colloques\/#breadcrumb\"},\"inLanguage\":\"en-US\",\"potentialAction\":[{\"@type\":\"ReadAction\",\"target\":[\"https:\/\/www.labex-palm.fr\/en\/call-for-proposals\/results\/resultats-ao-2018-colloques\/\"]}]},{\"@type\":\"BreadcrumbList\",\"@id\":\"https:\/\/www.labex-palm.fr\/en\/call-for-proposals\/results\/resultats-ao-2018-colloques\/#breadcrumb\",\"itemListElement\":[{\"@type\":\"ListItem\",\"position\":1,\"name\":\"Accueil\",\"item\":\"https:\/\/www.labex-palm.fr\/en\/\"},{\"@type\":\"ListItem\",\"position\":2,\"name\":\"Call for proposals\",\"item\":\"https:\/\/www.labex-palm.fr\/en\/call-for-proposals\/\"},{\"@type\":\"ListItem\",\"position\":3,\"name\":\"Results\",\"item\":\"https:\/\/www.labex-palm.fr\/en\/call-for-proposals\/results\/\"},{\"@type\":\"ListItem\",\"position\":4,\"name\":\"R\u00e9sultats AO 2018 Colloques\"}]},{\"@type\":\"WebSite\",\"@id\":\"https:\/\/www.labex-palm.fr\/#website\",\"url\":\"https:\/\/www.labex-palm.fr\/\",\"name\":\"Labex-Palm\",\"description\":\"Physique Atomes Lumi\u00e8re Mati\u00e8re\",\"potentialAction\":[{\"@type\":\"SearchAction\",\"target\":{\"@type\":\"EntryPoint\",\"urlTemplate\":\"https:\/\/www.labex-palm.fr\/?s={search_term_string}\"},\"query-input\":\"required name=search_term_string\"}],\"inLanguage\":\"en-US\"}]}<\/script>\n<!-- \/ Yoast SEO plugin. -->","yoast_head_json":{"title":"R\u00e9sultats AO 2018 Colloques - Labex-Palm","robots":{"index":"index","follow":"follow","max-snippet":"max-snippet:-1","max-image-preview":"max-image-preview:large","max-video-preview":"max-video-preview:-1"},"canonical":"https:\/\/www.labex-palm.fr\/en\/call-for-proposals\/results\/resultats-ao-2018-colloques\/","og_locale":"en_US","og_type":"article","og_title":"R\u00e9sultats AO 2018 Colloques - Labex-Palm","og_description":"Les r\u00e9sultats de l&#8217;AO Colloques 2018 session printemps sont disponibles. Session Printemps Axe Acronyme [&hellip;]","og_url":"https:\/\/www.labex-palm.fr\/en\/call-for-proposals\/results\/resultats-ao-2018-colloques\/","og_site_name":"Labex-Palm","article_modified_time":"2020-03-17T09:59:19+00:00","twitter_card":"summary_large_image","twitter_misc":{"Est. reading time":"1 minute"},"schema":{"@context":"https:\/\/schema.org","@graph":[{"@type":"WebPage","@id":"https:\/\/www.labex-palm.fr\/en\/call-for-proposals\/results\/resultats-ao-2018-colloques\/","url":"https:\/\/www.labex-palm.fr\/en\/call-for-proposals\/results\/resultats-ao-2018-colloques\/","name":"R\u00e9sultats AO 2018 Colloques - Labex-Palm","isPartOf":{"@id":"https:\/\/www.labex-palm.fr\/#website"},"datePublished":"2019-07-08T09:06:26+00:00","dateModified":"2020-03-17T09:59:19+00:00","breadcrumb":{"@id":"https:\/\/www.labex-palm.fr\/en\/call-for-proposals\/results\/resultats-ao-2018-colloques\/#breadcrumb"},"inLanguage":"en-US","potentialAction":[{"@type":"ReadAction","target":["https:\/\/www.labex-palm.fr\/en\/call-for-proposals\/results\/resultats-ao-2018-colloques\/"]}]},{"@type":"BreadcrumbList","@id":"https:\/\/www.labex-palm.fr\/en\/call-for-proposals\/results\/resultats-ao-2018-colloques\/#breadcrumb","itemListElement":[{"@type":"ListItem","position":1,"name":"Accueil","item":"https:\/\/www.labex-palm.fr\/en\/"},{"@type":"ListItem","position":2,"name":"Call for proposals","item":"https:\/\/www.labex-palm.fr\/en\/call-for-proposals\/"},{"@type":"ListItem","position":3,"name":"Results","item":"https:\/\/www.labex-palm.fr\/en\/call-for-proposals\/results\/"},{"@type":"ListItem","position":4,"name":"R\u00e9sultats AO 2018 Colloques"}]},{"@type":"WebSite","@id":"https:\/\/www.labex-palm.fr\/#website","url":"https:\/\/www.labex-palm.fr\/","name":"Labex-Palm","description":"Physique Atomes Lumi\u00e8re Mati\u00e8re","potentialAction":[{"@type":"SearchAction","target":{"@type":"EntryPoint","urlTemplate":"https:\/\/www.labex-palm.fr\/?s={search_term_string}"},"query-input":"required name=search_term_string"}],"inLanguage":"en-US"}]}},"_links":{"self":[{"href":"https:\/\/www.labex-palm.fr\/en\/wp-json\/wp\/v2\/pages\/696"}],"collection":[{"href":"https:\/\/www.labex-palm.fr\/en\/wp-json\/wp\/v2\/pages"}],"about":[{"href":"https:\/\/www.labex-palm.fr\/en\/wp-json\/wp\/v2\/types\/page"}],"author":[{"embeddable":true,"href":"https:\/\/www.labex-palm.fr\/en\/wp-json\/wp\/v2\/users\/1"}],"replies":[{"embeddable":true,"href":"https:\/\/www.labex-palm.fr\/en\/wp-json\/wp\/v2\/comments?post=696"}],"version-history":[{"count":2,"href":"https:\/\/www.labex-palm.fr\/en\/wp-json\/wp\/v2\/pages\/696\/revisions"}],"predecessor-version":[{"id":3162,"href":"https:\/\/www.labex-palm.fr\/en\/wp-json\/wp\/v2\/pages\/696\/revisions\/3162"}],"up":[{"embeddable":true,"href":"https:\/\/www.labex-palm.fr\/en\/wp-json\/wp\/v2\/pages\/674"}],"wp:attachment":[{"href":"https:\/\/www.labex-palm.fr\/en\/wp-json\/wp\/v2\/media?parent=696"}],"curies":[{"name":"wp","href":"https:\/\/api.w.org\/{rel}","templated":true}]}}