{"id":710,"date":"2013-07-02T10:42:36","date_gmt":"2013-07-02T08:42:36","guid":{"rendered":"https:\/\/www.labex-palm.fr\/call-for-proposals\/results\/resultats-ao2011\/"},"modified":"2020-03-17T11:04:30","modified_gmt":"2020-03-17T10:04:30","slug":"resultats-ao2011","status":"publish","type":"page","link":"https:\/\/www.labex-palm.fr\/en\/call-for-proposals\/results\/resultats-ao2011\/","title":{"rendered":"R\u00e9sultats AO 2011"},"content":{"rendered":"<table border=\"0\" cellspacing=\"0\" cellpadding=\"0\">\n<tbody>\n<tr style=\"background-color: #3399ff;\" valign=\"middle\">\n<td><span style=\"color: #ffffff;\"><strong><span style=\"font-size: 8pt;\">Th\u00e8me<\/span><\/strong><\/span><\/td>\n<td><span style=\"color: #ffffff;\"><strong><span style=\"font-size: 8pt;\">Acronyme<\/span><\/strong><\/span><\/td>\n<td><span style=\"color: #ffffff;\"><strong><span style=\"font-size: 8pt;\">Porteur<\/span><\/strong><\/span><\/td>\n<td><span style=\"color: #ffffff;\"><strong><span style=\"font-size: 8pt;\">Laboratoire<\/span><\/strong><\/span><\/td>\n<td><span style=\"color: #ffffff;\"><strong><span style=\"font-size: 8pt;\">Labos participants<\/span><\/strong><\/span><\/td>\n<td><span style=\"color: #ffffff;\"><strong><span style=\"font-size: 8pt;\">Type de projet<\/span><\/strong><\/span><\/td>\n<td text-align:=\"\" center;\"=\"\"><span style=\"color: #ffffff;\"><strong><span style=\"font-size: 8pt;\">Budget k\u20ac<\/span><\/strong><\/span><\/td>\n<\/tr>\n<tr>\n<td><span style=\"font-size: 8pt;\">Th\u00e8me 1<\/span><\/td>\n<td><span style=\"font-size: 8pt;\"><a href=\"https:\/\/www.labex-palm.fr\/aptcom\/\">APTCOM<\/a><\/span><\/td>\n<td><span style=\"font-size: 8pt;\">Jean-Pascal Rueff<\/span><\/td>\n<td><span style=\"font-size: 8pt;\">SOLEIL<\/span><\/td>\n<td><span style=\"font-size: 8pt;\">SPCSI LPS<\/span><\/td>\n<td><span style=\"font-size: 8pt;\">Chaire senior&nbsp;<\/span><\/td>\n<td text-align:=\"\" center;\"=\"\"><span style=\"font-size: 8pt;\">185<\/span><\/td>\n<\/tr>\n<tr>\n<td><span style=\"font-size: 8pt;\">Th\u00e8me 1<\/span><\/td>\n<td><span style=\"font-size: 8pt;\"><a href=\"https:\/\/www.labex-palm.fr\/ciraqs\/\">CYRAQS<\/a><\/span><\/td>\n<td><span style=\"font-size: 8pt;\">Patrick Cheinet<\/span><\/td>\n<td><span style=\"font-size: 8pt;\">LAC<\/span><\/td>\n<td><span style=\"font-size: 8pt;\">LCFIO LPTMS<\/span><\/td>\n<td><span style=\"font-size: 8pt;\">Chaire junior interne&nbsp;<a href=\"http:\/\/www.lac.u-psud.fr\/Etudes-de-systemes-en-fortes\" target=\"_blank\" rel=\"noopener noreferrer\"><img decoding=\"async\" loading=\"lazy\" style=\"text-align: center; vertical-align: middle;\" src=\"images\/stories\/information.png\" alt=\"information\" width=\"13\" height=\"13\"><\/a><\/span><\/td>\n<td text-align:=\"\" center;\"=\"\"><span style=\"font-size: 8pt;\">185<\/span><\/td>\n<\/tr>\n<tr>\n<td><span style=\"font-size: 8pt;\">Th\u00e8me 2<\/span><\/td>\n<td><span style=\"font-size: 8pt;\"><a href=\"https:\/\/www.labex-palm.fr\/randmat\/\">Randmat<\/a><\/span><\/td>\n<td><span style=\"font-size: 8pt;\">Pierpaolo Vivo<\/span><\/td>\n<td><span style=\"font-size: 8pt;\">LPTMS<\/span><\/td>\n<td><span style=\"font-size: 8pt;\">LPT<\/span><\/td>\n<td><span style=\"font-size: 8pt;\">Chaire junior interne&nbsp;<a href=\"http:\/\/lptms.u-psud.fr\/pierpaolo-vivo\/\" target=\"_blank\" rel=\"noopener noreferrer\"><img decoding=\"async\" loading=\"lazy\" style=\"text-align: center; vertical-align: middle;\" src=\"images\/stories\/information.png\" alt=\"information\" width=\"13\" height=\"13\"><\/a><\/span><\/td>\n<td text-align:=\"\" center;\"=\"\"><span style=\"font-size: 8pt;\">35<\/span><\/td>\n<\/tr>\n<\/tbody>\n<\/table>\n","protected":false},"excerpt":{"rendered":"<p>Th\u00e8me Acronyme Porteur Laboratoire Labos participants Type de projet 185 Th\u00e8me 1 CYRAQS Patrick [&hellip;]<\/p>\n","protected":false},"author":1,"featured_media":0,"parent":674,"menu_order":11,"comment_status":"closed","ping_status":"closed","template":"","meta":[],"acf":[],"yoast_head":"<!-- This site is optimized with the Yoast SEO plugin v21.8.1 - https:\/\/yoast.com\/wordpress\/plugins\/seo\/ -->\n<title>R\u00e9sultats AO 2011 - Labex-Palm<\/title>\n<meta name=\"robots\" content=\"index, follow, max-snippet:-1, max-image-preview:large, max-video-preview:-1\" \/>\n<link rel=\"canonical\" href=\"https:\/\/www.labex-palm.fr\/en\/call-for-proposals\/results\/resultats-ao2011\/\" \/>\n<meta property=\"og:locale\" content=\"en_US\" \/>\n<meta property=\"og:type\" content=\"article\" \/>\n<meta property=\"og:title\" content=\"R\u00e9sultats AO 2011 - Labex-Palm\" \/>\n<meta property=\"og:description\" content=\"Th\u00e8me Acronyme Porteur Laboratoire Labos participants Type de projet 185 Th\u00e8me 1 CYRAQS Patrick [&hellip;]\" \/>\n<meta property=\"og:url\" content=\"https:\/\/www.labex-palm.fr\/en\/call-for-proposals\/results\/resultats-ao2011\/\" \/>\n<meta property=\"og:site_name\" content=\"Labex-Palm\" \/>\n<meta property=\"article:modified_time\" content=\"2020-03-17T10:04:30+00:00\" \/>\n<meta property=\"og:image\" content=\"http:\/\/images\/stories\/information.png\" \/>\n<meta name=\"twitter:card\" content=\"summary_large_image\" \/>\n<script type=\"application\/ld+json\" class=\"yoast-schema-graph\">{\"@context\":\"https:\/\/schema.org\",\"@graph\":[{\"@type\":\"WebPage\",\"@id\":\"https:\/\/www.labex-palm.fr\/en\/call-for-proposals\/results\/resultats-ao2011\/\",\"url\":\"https:\/\/www.labex-palm.fr\/en\/call-for-proposals\/results\/resultats-ao2011\/\",\"name\":\"R\u00e9sultats AO 2011 - Labex-Palm\",\"isPartOf\":{\"@id\":\"https:\/\/www.labex-palm.fr\/#website\"},\"datePublished\":\"2013-07-02T08:42:36+00:00\",\"dateModified\":\"2020-03-17T10:04:30+00:00\",\"breadcrumb\":{\"@id\":\"https:\/\/www.labex-palm.fr\/en\/call-for-proposals\/results\/resultats-ao2011\/#breadcrumb\"},\"inLanguage\":\"en-US\",\"potentialAction\":[{\"@type\":\"ReadAction\",\"target\":[\"https:\/\/www.labex-palm.fr\/en\/call-for-proposals\/results\/resultats-ao2011\/\"]}]},{\"@type\":\"BreadcrumbList\",\"@id\":\"https:\/\/www.labex-palm.fr\/en\/call-for-proposals\/results\/resultats-ao2011\/#breadcrumb\",\"itemListElement\":[{\"@type\":\"ListItem\",\"position\":1,\"name\":\"Accueil\",\"item\":\"https:\/\/www.labex-palm.fr\/en\/\"},{\"@type\":\"ListItem\",\"position\":2,\"name\":\"Call for proposals\",\"item\":\"https:\/\/www.labex-palm.fr\/en\/call-for-proposals\/\"},{\"@type\":\"ListItem\",\"position\":3,\"name\":\"Results\",\"item\":\"https:\/\/www.labex-palm.fr\/en\/call-for-proposals\/results\/\"},{\"@type\":\"ListItem\",\"position\":4,\"name\":\"R\u00e9sultats AO 2011\"}]},{\"@type\":\"WebSite\",\"@id\":\"https:\/\/www.labex-palm.fr\/#website\",\"url\":\"https:\/\/www.labex-palm.fr\/\",\"name\":\"Labex-Palm\",\"description\":\"Physique Atomes Lumi\u00e8re Mati\u00e8re\",\"potentialAction\":[{\"@type\":\"SearchAction\",\"target\":{\"@type\":\"EntryPoint\",\"urlTemplate\":\"https:\/\/www.labex-palm.fr\/?s={search_term_string}\"},\"query-input\":\"required name=search_term_string\"}],\"inLanguage\":\"en-US\"}]}<\/script>\n<!-- \/ Yoast SEO plugin. -->","yoast_head_json":{"title":"R\u00e9sultats AO 2011 - Labex-Palm","robots":{"index":"index","follow":"follow","max-snippet":"max-snippet:-1","max-image-preview":"max-image-preview:large","max-video-preview":"max-video-preview:-1"},"canonical":"https:\/\/www.labex-palm.fr\/en\/call-for-proposals\/results\/resultats-ao2011\/","og_locale":"en_US","og_type":"article","og_title":"R\u00e9sultats AO 2011 - Labex-Palm","og_description":"Th\u00e8me Acronyme Porteur Laboratoire Labos participants Type de projet 185 Th\u00e8me 1 CYRAQS Patrick [&hellip;]","og_url":"https:\/\/www.labex-palm.fr\/en\/call-for-proposals\/results\/resultats-ao2011\/","og_site_name":"Labex-Palm","article_modified_time":"2020-03-17T10:04:30+00:00","og_image":[{"url":"images\/stories\/information.png"}],"twitter_card":"summary_large_image","schema":{"@context":"https:\/\/schema.org","@graph":[{"@type":"WebPage","@id":"https:\/\/www.labex-palm.fr\/en\/call-for-proposals\/results\/resultats-ao2011\/","url":"https:\/\/www.labex-palm.fr\/en\/call-for-proposals\/results\/resultats-ao2011\/","name":"R\u00e9sultats AO 2011 - Labex-Palm","isPartOf":{"@id":"https:\/\/www.labex-palm.fr\/#website"},"datePublished":"2013-07-02T08:42:36+00:00","dateModified":"2020-03-17T10:04:30+00:00","breadcrumb":{"@id":"https:\/\/www.labex-palm.fr\/en\/call-for-proposals\/results\/resultats-ao2011\/#breadcrumb"},"inLanguage":"en-US","potentialAction":[{"@type":"ReadAction","target":["https:\/\/www.labex-palm.fr\/en\/call-for-proposals\/results\/resultats-ao2011\/"]}]},{"@type":"BreadcrumbList","@id":"https:\/\/www.labex-palm.fr\/en\/call-for-proposals\/results\/resultats-ao2011\/#breadcrumb","itemListElement":[{"@type":"ListItem","position":1,"name":"Accueil","item":"https:\/\/www.labex-palm.fr\/en\/"},{"@type":"ListItem","position":2,"name":"Call for proposals","item":"https:\/\/www.labex-palm.fr\/en\/call-for-proposals\/"},{"@type":"ListItem","position":3,"name":"Results","item":"https:\/\/www.labex-palm.fr\/en\/call-for-proposals\/results\/"},{"@type":"ListItem","position":4,"name":"R\u00e9sultats AO 2011"}]},{"@type":"WebSite","@id":"https:\/\/www.labex-palm.fr\/#website","url":"https:\/\/www.labex-palm.fr\/","name":"Labex-Palm","description":"Physique Atomes Lumi\u00e8re Mati\u00e8re","potentialAction":[{"@type":"SearchAction","target":{"@type":"EntryPoint","urlTemplate":"https:\/\/www.labex-palm.fr\/?s={search_term_string}"},"query-input":"required name=search_term_string"}],"inLanguage":"en-US"}]}},"_links":{"self":[{"href":"https:\/\/www.labex-palm.fr\/en\/wp-json\/wp\/v2\/pages\/710"}],"collection":[{"href":"https:\/\/www.labex-palm.fr\/en\/wp-json\/wp\/v2\/pages"}],"about":[{"href":"https:\/\/www.labex-palm.fr\/en\/wp-json\/wp\/v2\/types\/page"}],"author":[{"embeddable":true,"href":"https:\/\/www.labex-palm.fr\/en\/wp-json\/wp\/v2\/users\/1"}],"replies":[{"embeddable":true,"href":"https:\/\/www.labex-palm.fr\/en\/wp-json\/wp\/v2\/comments?post=710"}],"version-history":[{"count":2,"href":"https:\/\/www.labex-palm.fr\/en\/wp-json\/wp\/v2\/pages\/710\/revisions"}],"predecessor-version":[{"id":3174,"href":"https:\/\/www.labex-palm.fr\/en\/wp-json\/wp\/v2\/pages\/710\/revisions\/3174"}],"up":[{"embeddable":true,"href":"https:\/\/www.labex-palm.fr\/en\/wp-json\/wp\/v2\/pages\/674"}],"wp:attachment":[{"href":"https:\/\/www.labex-palm.fr\/en\/wp-json\/wp\/v2\/media?parent=710"}],"curies":[{"name":"wp","href":"https:\/\/api.w.org\/{rel}","templated":true}]}}