{"id":723,"date":"2019-07-08T11:45:10","date_gmt":"2019-07-08T09:45:10","guid":{"rendered":"https:\/\/www.labex-palm.fr\/publications-and-awards\/liste-des-brevets\/"},"modified":"2020-10-06T12:16:42","modified_gmt":"2020-10-06T10:16:42","slug":"liste-des-brevets","status":"publish","type":"page","link":"https:\/\/www.labex-palm.fr\/en\/publications-prix\/liste-des-brevets\/","title":{"rendered":"List of patents"},"content":{"rendered":"<div class=\"art-article\">\n<p><span style=\"text-decoration: underline;\"><strong><span style=\"font-size: 15pt; color: #1486d7;\"><span style=\"color: #1486d7; text-decoration: underline;\">1<\/span><\/span><\/strong><\/span><span style=\"text-decoration: underline;\"><strong><span style=\"font-size: 15pt; color: #1486d7;\"><span style=\"color: #1486d7; text-decoration: underline;\">7 patents result from projects supported by Labex PALM<\/span><\/span><\/strong><\/span><\/p>\n<table style=\"border-collapse: collapse; border: none; height: 183px;\" border=\"1\" cellspacing=\"0\" cellpadding=\"0\">\n<tbody>\n<tr valign=\"middle\">\n<td style=\"background-color: #49a9ee; text-align: justify;\" scope=\"col\" align=\"center\" valign=\"middle\" nowrap=\"nowrap\">\n<div style=\"margin-bottom: 0.0001pt; line-height: normal;\" align=\"left\"><strong><span style=\"font-size: 10pt;\"><span style=\"color: white;\">\u00a0<\/span><\/span><span style=\"color: white;\">Researchers<\/span><\/strong><\/div>\n<\/td>\n<td style=\"background-color: #49a9ee; text-align: justify;\" scope=\"col\" align=\"center\" valign=\"middle\" nowrap=\"nowrap\">\n<div style=\"margin-bottom: 0.0001pt; line-height: normal;\" align=\"left\"><strong><span style=\"color: white;\">\u00a0PALM project<\/span><\/strong><\/div>\n<\/td>\n<td style=\"background-color: #49a9ee; text-align: justify;\" align=\"center\" valign=\"middle\" nowrap=\"nowrap\">\n<div style=\"margin-bottom: 0.0001pt; line-height: normal;\" align=\"left\"><strong><span style=\"color: white;\">\u00a0Detail<\/span><\/strong><\/div>\n<\/td>\n<td style=\"background-color: #49a9ee; text-align: justify;\" scope=\"col\" align=\"center\" valign=\"middle\" nowrap=\"nowrap\">\n<div style=\"margin-bottom: 0.0001pt; line-height: normal; text-align: center;\" align=\"left\"><strong><span style=\"color: white;\">Patent<\/span><\/strong><\/div>\n<\/td>\n<td style=\"background-color: #49a9ee; text-align: center;\" scope=\"col\" align=\"center\" valign=\"middle\" nowrap=\"nowrap\"><strong><span style=\"color: white;\">Year<\/span><\/strong><\/td>\n<\/tr>\n<tr>\n<td nowrap=\"nowrap\"><strong><span style=\"font-size: 10pt;\"><span lang=\"EN-US\"><strong style=\"color: #000000; font-size: 10pt; white-space: nowrap;\"><span style=\"font-size: 10pt;\"><span lang=\"EN-US\">Fran\u00e7ois Balembois<\/span><\/span><\/strong><\/span><\/span><\/strong><\/td>\n<td nowrap=\"nowrap\"><span style=\"font-size: 10pt;\"><span style=\"color: #000000; font-size: 10; white-space: nowrap;\">TISALED 2012<\/span><\/span><\/td>\n<td nowrap=\"nowrap\"><span style=\"color: #000000; font-size: 10pt;\">Titanium laser pomped by LED<\/span><\/td>\n<td style=\"text-align: center;\" nowrap=\"nowrap\"><a style=\"text-decoration: none; color: #eb8900; font-size: 10pt; text-align: center; white-space: nowrap;\" href=\"https:\/\/bases-brevets.inpi.fr\/fr\/document\/FR2969402.html?s=1536914843302&amp;p=5&amp;cHash=31f1264f6dc0dc36ebcc0b921941ec53\" target=\"_blank\" rel=\"noopener noreferrer\">FR2969402<\/a><\/td>\n<td style=\"text-align: center;\" nowrap=\"nowrap\"><span style=\"color: #000000; font-size: 10pt; text-align: center; white-space: nowrap;\">2012<\/span><\/td>\n<\/tr>\n<tr style=\"height: 15pt;\">\n<td nowrap=\"nowrap\"><strong style=\"color: #000000; font-size: 11pt; white-space: nowrap;\"><span style=\"font-size: 10pt;\">David Clement<\/span><\/strong><\/td>\n<td nowrap=\"nowrap\"><span style=\"color: #000000; font-size: 10pt; white-space: nowrap;\">NANOXDIAG 2013<\/span><\/td>\n<td nowrap=\"nowrap\"><span style=\"color: #000000; font-size: 10pt;\">Process and device for telemetric imaging<\/span><\/td>\n<td style=\"text-align: center;\" nowrap=\"nowrap\"><a style=\"text-decoration: none; color: #eb8900; font-size: 10pt; text-align: center; white-space: nowrap;\" href=\"https:\/\/bases-brevets.inpi.fr\/fr\/document\/FR2994735.html?s=1536915468603&amp;p=5&amp;cHash=8e19c6d2cc4665fd0e89ff2b59758098\" target=\"_blank\" rel=\"noopener noreferrer\">FR2994735<\/a><\/td>\n<td style=\"text-align: center;\" nowrap=\"nowrap\"><span style=\"font-size: 10pt;\">2014<\/span><\/td>\n<\/tr>\n<tr style=\"height: 15pt;\">\n<td nowrap=\"nowrap\"><strong><span style=\"font-size: 10pt;\"><span lang=\"EN-US\"><strong style=\"color: #000000; font-size: 10pt; white-space: nowrap;\">Vincent Josse<\/strong><\/span><\/span><\/strong><\/td>\n<td nowrap=\"nowrap\"><span style=\"font-size: 10pt;\"> <span style=\"color: #000000; font-size: 10; white-space: nowrap;\">PISTIL 2015<\/span><\/span><\/td>\n<td nowrap=\"nowrap\"><span style=\"font-size: 10pt;\"><span style=\"color: #000000; font-size: 10pt;\">Piston and tilt Interf\u00e9rometry<\/span><\/span><\/td>\n<td style=\"text-align: center;\" nowrap=\"nowrap\"><span style=\"font-size: 10pt;\"><a style=\"text-decoration: none; color: #eb8900; font-size: 10pt; text-align: center; white-space: nowrap;\" href=\"https:\/\/bases-brevets.inpi.fr\/fr\/document\/FR3026181.html?s=1536915468603&amp;p=5&amp;cHash=ff4f4a2081378b450ea2fcffaa916508\" target=\"_blank\" rel=\"noopener noreferrer\">FR3026181<\/a><\/span><\/td>\n<td style=\"text-align: center;\" nowrap=\"nowrap\"><span style=\"font-size: 10pt;\">2015<\/span><\/td>\n<\/tr>\n<tr style=\"height: 15pt;\">\n<td nowrap=\"nowrap\"><strong><span style=\"font-size: 10pt;\"> <span lang=\"EN-US\"><strong style=\"color: #000000; font-size: 10pt; white-space: nowrap;\">Fabienne Goldfarb<\/strong><\/span><\/span><\/strong><\/td>\n<td nowrap=\"nowrap\"><span style=\"font-size: 10pt;\"> <span style=\"color: #000000; font-size: 10; white-space: nowrap;\">PTYCHOGRAT 2014\u00a0<\/span><\/span><\/td>\n<td nowrap=\"nowrap\"><span style=\"font-size: 10pt;\"><span lang=\"EN-US\"><span style=\"color: #000000; font-size: 10pt;\">Characterization process of light<\/span><\/span><\/span><\/td>\n<td style=\"text-align: center;\" nowrap=\"nowrap\"><span style=\"font-size: 10pt;\"><a style=\"text-decoration: none; color: #eb8900; font-size: 10pt; text-align: center; white-space: nowrap;\" href=\"https:\/\/bases-brevets.inpi.fr\/fr\/document\/FR3022346.html?s=1536914578619&amp;p=5&amp;cHash=f5ca0970ab1cb09796a1a14b5350346e\" target=\"_blank\" rel=\"noopener noreferrer\">FR3022346<\/a><\/span><\/td>\n<td style=\"text-align: center;\" nowrap=\"nowrap\"><span style=\"font-size: 10pt;\">2015<\/span><\/td>\n<\/tr>\n<tr style=\"height: 15pt;\">\n<td nowrap=\"nowrap\"><strong><span style=\"font-size: 10pt;\">Jean-S\u00e9bastien Lauret<\/span><\/strong><\/td>\n<td nowrap=\"nowrap\"><span style=\"font-size: 10pt;\"><span style=\"color: #000000; font-size: 10; white-space: nowrap;\">COMFITURE 2014\u00a0<\/span><\/span><\/td>\n<td nowrap=\"nowrap\"><span style=\"font-size: 10pt;\"><span lang=\"EN-US\"><span style=\"color: #000000; font-size: 10pt;\">New technology for coherent det<\/span><\/span><\/span><\/td>\n<td style=\"text-align: center;\" nowrap=\"nowrap\"><span style=\"font-size: 10pt;\"><a style=\"text-decoration: none; color: #eb8900; font-size: 10pt; text-align: center; white-space: nowrap;\" href=\"https:\/\/bases-brevets.inpi.fr\/fr\/document\/FR3016971.html?s=1536916555600&amp;p=5&amp;cHash=f0371f22bde2a8c922aa5d488a3f098a\" target=\"_blank\" rel=\"noopener noreferrer\">FR3016971<\/a><\/span><\/td>\n<td style=\"text-align: center;\" nowrap=\"nowrap\"><span style=\"font-size: 10pt;\">2015<\/span><\/td>\n<\/tr>\n<tr style=\"height: 15pt;\">\n<td nowrap=\"nowrap\"><strong style=\"color: #000000; font-size: 11px; white-space: nowrap;\"><span style=\"font-size: 10pt;\"><span lang=\"EN-US\">Cyril Deranlot<\/span><\/span><\/strong><\/td>\n<td nowrap=\"nowrap\"><span style=\"color: #000000; font-size: 10pt; white-space: nowrap;\">3DPAuW 2015<\/span><\/td>\n<td nowrap=\"nowrap\"><span style=\"color: #000000; font-size: 10pt;\">New gold and tungsten alloy<\/span><\/td>\n<td style=\"text-align: center;\" nowrap=\"nowrap\"><a style=\"text-decoration: none; color: #eb8900; font-size: 10pt; text-align: center; white-space: nowrap;\" href=\"https:\/\/bases-brevets.inpi.fr\/fr\/document\/FR3034106.html?s=1536914392744&amp;p=5&amp;cHash=a9610e41c3b2abbf161601455526b996\" target=\"_blank\" rel=\"noopener noreferrer\">FR3034106<\/a><\/td>\n<td style=\"text-align: center;\" nowrap=\"nowrap\"><span style=\"color: #000000; font-size: 10pt; text-align: center; white-space: nowrap;\">2016<\/span><\/td>\n<\/tr>\n<tr style=\"height: 15pt;\">\n<td nowrap=\"nowrap\"><strong style=\"color: #000000; font-size: 11px; white-space: nowrap;\"><span style=\"font-size: 10pt;\"><span lang=\"EN-US\">Fran\u00e7ois Goudail<\/span><\/span><\/strong><\/td>\n<td nowrap=\"nowrap\"><span style=\"color: #000000; font-size: 10pt; white-space: nowrap;\">IMASPEO 2016<\/span><\/td>\n<td nowrap=\"nowrap\"><span style=\"color: #000000; font-size: 10pt;\">Imaging system with specialized optics<\/span><\/td>\n<td style=\"text-align: center;\" nowrap=\"nowrap\"><a style=\"text-decoration: none; color: #eb8900; font-size: 10pt; text-align: center; white-space: nowrap;\" href=\"https:\/\/bases-brevets.inpi.fr\/fr\/document\/FR3038193.html?s=1536914744597&amp;p=5&amp;cHash=83b66e8b32b27dce76f660db659de40f\" target=\"_blank\" rel=\"noopener noreferrer\">FR3038193<\/a><\/td>\n<td style=\"text-align: center;\" nowrap=\"nowrap\"><span style=\"color: #000000; font-size: 10pt; text-align: center; white-space: nowrap;\">2016<\/span><\/td>\n<\/tr>\n<tr style=\"height: 15pt;\">\n<td nowrap=\"nowrap\"><strong style=\"color: #000000; font-size: 11px; white-space: nowrap;\"><span style=\"font-size: 10pt;\"><span lang=\"EN-US\">Dimitrios Papadopoulos<\/span><\/span><\/strong><\/td>\n<td nowrap=\"nowrap\"><span style=\"color: #000000; font-size: 10pt; white-space: nowrap;\">UGOSOP 2016<\/span><\/td>\n<td nowrap=\"nowrap\"><span style=\"color: #000000; font-size: 10pt;\"> Ultrafast Gating for the generation of Optically Synchronized OPCPA Pump pulse<\/span><\/td>\n<td style=\"text-align: center;\" nowrap=\"nowrap\"><a style=\"text-decoration: none; color: #eb8900; font-size: 10pt; text-align: center; white-space: nowrap;\" href=\"https:\/\/bases-brevets.inpi.fr\/fr\/document\/EP3176424.html?s=1536915242971&amp;p=5&amp;cHash=52c8411eaf522baf646120a6c180395a\" target=\"_blank\" rel=\"noopener noreferrer\">EP3176424<\/a><\/td>\n<td style=\"text-align: center;\" nowrap=\"nowrap\"><span style=\"color: #000000; font-size: 10pt; text-align: center; white-space: nowrap;\">2017<\/span><\/td>\n<\/tr>\n<tr style=\"height: 15pt;\">\n<td nowrap=\"nowrap\"><strong style=\"color: #000000; font-size: 11px; white-space: nowrap;\"><span style=\"font-size: 10pt;\"><span lang=\"EN-US\">Tiberiu Minea (FAST)<\/span><\/span><\/strong><\/td>\n<td nowrap=\"nowrap\"><span style=\"color: #000000; font-size: 10pt; white-space: nowrap;\">INNOPLAS 2014<\/span><\/td>\n<td nowrap=\"nowrap\"><span style=\"color: #000000; font-size: 10pt;\">Inner Nano-engineering of Hollow Optical Fibers and Capillary tubes by Plasma<\/span><\/td>\n<td style=\"text-align: center;\" nowrap=\"nowrap\"><a style=\"text-decoration: none; color: #eb8900; font-size: 10pt; text-align: center; white-space: nowrap;\" href=\"https:\/\/bases-brevets.inpi.fr\/fr\/document\/FR3062545.html?s=1536915453796&amp;p=5&amp;cHash=5cbeab9c2bbbaefe9bf805388095c9ec\" target=\"_blank\" rel=\"noopener noreferrer\">FR3062545<\/a><\/td>\n<td style=\"text-align: center;\" nowrap=\"nowrap\"><span style=\"color: #000000; font-size: 10pt; text-align: center; white-space: nowrap;\">2018<\/span><\/td>\n<\/tr>\n<tr style=\"height: 15pt;\">\n<td nowrap=\"nowrap\"><strong><strong style=\"color: #000000; font-size: 11px; white-space: nowrap;\"><span style=\"font-size: 10pt;\"><span lang=\"EN-US\">Fr\u00e9d\u00e9ric Druon<\/span><\/span><\/strong><\/strong><\/td>\n<td nowrap=\"nowrap\"><span style=\"font-size: 10pt;\"><span style=\"color: #000000; font-size: 10; white-space: nowrap;\">DEEPIM 2015<\/span><\/span><\/td>\n<td nowrap=\"nowrap\"><span style=\"color: #000000; font-size: 10pt;\">Dispositif et proc\u00e9d\u00e9s de microscopie mmultiphotonique<\/span><\/td>\n<td style=\"text-align: center;\" nowrap=\"nowrap\"><a style=\"text-decoration: none; color: #eb8900; font-size: 10pt; text-align: center; white-space: nowrap;\" href=\"https:\/\/bases-brevets.inpi.fr\/fr\/document\/FR2969402.html?s=1536914843302&amp;p=5&amp;cHash=31f1264f6dc0dc36ebcc0b921941ec53\" target=\"_blank\" rel=\"noopener noreferrer\">FR3067524<\/a><\/td>\n<td style=\"text-align: center;\" nowrap=\"nowrap\"><span style=\"font-size: 10pt;\">2018<\/span><\/td>\n<\/tr>\n<tr style=\"height: 15pt;\">\n<td nowrap=\"nowrap\"><strong><strong style=\"color: #000000; font-size: 11px; white-space: nowrap;\"><span style=\"font-size: 10pt;\"><span lang=\"EN-US\">Fabien Qu\u00e9r\u00e9 (LIDYL)<\/span><\/span><\/strong><\/strong><\/td>\n<td nowrap=\"nowrap\"><span style=\"font-size: 10pt;\"><span style=\"color: #000000; font-size: 10; white-space: nowrap;\">EXYT 2017<\/span><\/span><\/td>\n<td nowrap=\"nowrap\"><span style=\"color: #000000; font-size: 10pt;\">Proc\u00e9d\u00e9 de caract\u00e9risation spatio-spectrale d&#8217;un faisceau d&#8217;une source laser impulsionnelle polychromatique<\/span><\/td>\n<td style=\"text-align: center;\" nowrap=\"nowrap\"><a style=\"text-decoration: none; color: #eb8900; font-size: 10pt; text-align: center; white-space: nowrap;\" href=\"https:\/\/bases-brevets.inpi.fr\/fr\/document\/FR3065805.html?p=5&amp;s=1601977900369&amp;cHash=bb3120b5ae5c23d1567cb58f7e45c2d7\" target=\"_blank\" rel=\"noopener noreferrer\">FR3065805<\/a><\/td>\n<td style=\"text-align: center;\" nowrap=\"nowrap\"><span style=\"font-size: 10pt;\">2018<\/span><\/td>\n<\/tr>\n<tr style=\"height: 15pt;\">\n<td nowrap=\"nowrap\"><strong><strong style=\"color: #000000; font-size: 11px; white-space: nowrap;\"><span style=\"font-size: 10pt;\"><span lang=\"EN-US\">Fabien Qu\u00e9r\u00e9 (LIDYL)<\/span><\/span><\/strong><\/strong><\/td>\n<td nowrap=\"nowrap\"><span style=\"font-size: 10pt;\"><span style=\"color: #000000; font-size: 10; white-space: nowrap;\">EXYT 2017<\/span><\/span><\/td>\n<td nowrap=\"nowrap\"><span style=\"color: #000000; font-size: 10pt;\">Proc\u00e9d\u00e9 et syst\u00e8me de contr\u00f4le de la vitesse d&#8217;une impulsion laser<\/span><\/td>\n<td style=\"text-align: center;\" nowrap=\"nowrap\"><a style=\"text-decoration: none; color: #eb8900; font-size: 10pt; text-align: center; white-space: nowrap;\" href=\"https:\/\/bases-brevets.inpi.fr\/fr\/document\/FR3067457.html?p=5&amp;s=1601978145576&amp;cHash=8e18c56068b5c4a2e4b0eb38f6f9e616\" target=\"_blank\" rel=\"noopener noreferrer\">FR3067457<\/a><\/td>\n<td style=\"text-align: center;\" nowrap=\"nowrap\"><span style=\"font-size: 10pt;\">2018<\/span><\/td>\n<\/tr>\n<tr style=\"height: 15pt;\">\n<td nowrap=\"nowrap\"><strong><strong style=\"color: #000000; font-size: 11px; white-space: nowrap;\"><span style=\"font-size: 10pt;\"><span lang=\"EN-US\">Patrick Bouchon (DOTA)<\/span><\/span><\/strong><\/strong><\/td>\n<td nowrap=\"nowrap\"><span style=\"font-size: 10pt;\"><span style=\"color: #000000; font-size: 10; white-space: nowrap;\">Valo-Imhotep 2016<\/span><\/span><\/td>\n<td nowrap=\"nowrap\"><span style=\"color: #000000; font-size: 10pt;\">El\u00e9ment de conversion spectrale pour rayonnement \u00e9lectromagn\u00e9tique<\/span><\/td>\n<td style=\"text-align: center;\" nowrap=\"nowrap\"><a style=\"text-decoration: none; color: #eb8900; font-size: 10pt; text-align: center; white-space: nowrap;\" href=\"https:\/\/bases-brevets.inpi.fr\/fr\/document\/FR3067167.html?p=5&amp;s=1601978313298&amp;cHash=9b0ed9e2d40484b2306f3c9c7188e28a\" target=\"_blank\" rel=\"noopener noreferrer\">FR3067167<\/a><\/td>\n<td style=\"text-align: center;\" nowrap=\"nowrap\"><span style=\"font-size: 10pt;\">2018<\/span><\/td>\n<\/tr>\n<tr style=\"height: 15pt;\">\n<td nowrap=\"nowrap\"><strong style=\"color: #000000; font-size: 11px; white-space: nowrap;\"><span style=\"font-size: 10pt;\"><span lang=\"EN-US\">Dimitrios Papadopoulos<\/span><\/span><\/strong><strong style=\"color: #000000; font-size: 11px; white-space: nowrap;\"><span style=\"font-size: 10pt;\"><span lang=\"EN-US\">, Xavier D\u00e9len, Frederic Druon<\/span><\/span><\/strong><\/td>\n<td nowrap=\"nowrap\"><span style=\"color: #000000; font-size: 10pt; white-space: nowrap;\">UGOSOP 2016<\/span><\/td>\n<td nowrap=\"nowrap\"><span style=\"color: #000000; font-size: 10pt;\">Proc\u00e9d\u00e9 de g\u00e9n\u00e9ration d&#8217;impulsion ultracourtes de d\u00e9p\u00f4t de particules de taille<\/span><\/td>\n<td nowrap=\"nowrap\"><a style=\"text-decoration: none; color: #eb8900; font-size: 10pt; text-align: center; white-space: nowrap;\" href=\"https:\/\/bases-brevets.inpi.fr\/fr\/document\/FR3080495.html?s=1584693104644&amp;p=5&amp;cHash=4efda09875ac2046ecb4a9aac14ccb40\" target=\"_blank\" rel=\"noopener noreferrer\">FR3080495<\/a><\/td>\n<td style=\"text-align: center;\" nowrap=\"nowrap\"><span style=\"font-size: 10pt;\">2019<\/span><\/td>\n<\/tr>\n<tr style=\"height: 15pt;\">\n<td nowrap=\"nowrap\"><strong style=\"color: #000000; font-size: 11px; white-space: nowrap;\"><span style=\"font-size: 10pt;\"><span lang=\"EN-US\">Olivier Sublemontier (NIMBE)<\/span><\/span><\/strong><\/td>\n<td nowrap=\"nowrap\"><span style=\"color: #000000; font-size: 10pt; white-space: nowrap;\">ALNIV<\/span><\/td>\n<td nowrap=\"nowrap\"><span style=\"color: #000000; font-size: 10pt;\">Dispositif de d\u00e9p\u00f4t de particules de taille manom\u00e9trique sur un substrat<\/span><\/td>\n<td nowrap=\"nowrap\"><a style=\"text-decoration: none; color: #eb8900; font-size: 10pt; text-align: center; white-space: nowrap;\" href=\"https:\/\/bases-brevets.inpi.fr\/fr\/document\/FR3077420.html?s=1584692645102&amp;p=5&amp;cHash=f5254ae28a0cdac7367e6c7058800231\" target=\"_blank\" rel=\"noopener noreferrer\">FR3077420<\/a><\/td>\n<td style=\"text-align: center;\" nowrap=\"nowrap\"><span style=\"font-size: 10pt;\">2019<\/span><\/td>\n<\/tr>\n<tr style=\"height: 15pt;\">\n<td nowrap=\"nowrap\"><strong style=\"color: #000000; font-size: 11px; white-space: nowrap;\"><span style=\"font-size: 10pt;\"><span lang=\"EN-US\">Marie Geleoc (LIDyL)<\/span><\/span><\/strong><\/td>\n<td nowrap=\"nowrap\"><span style=\"color: #000000; font-size: 10pt; white-space: nowrap;\">LUBIOL<\/span><\/td>\n<td nowrap=\"nowrap\"><span style=\"color: #000000; font-size: 10pt;\">G\u00e9n\u00e9rateur pulse de particules charg\u00e9es \u00e9lectriquement et proc\u00e9d\u00e9 d&#8217;utilisation<\/span><\/td>\n<td nowrap=\"nowrap\"><\/td>\n<td style=\"text-align: center;\" nowrap=\"nowrap\"><span style=\"font-size: 10pt;\">2020<\/span><\/td>\n<\/tr>\n<tr style=\"height: 15pt;\">\n<td nowrap=\"nowrap\"><strong style=\"color: #000000; font-size: 11px; white-space: nowrap;\"><span style=\"font-size: 10pt;\"><span lang=\"EN-US\"><strong>Patrick Bouchon (DOTA)<\/strong><\/span><\/span><\/strong><\/td>\n<td nowrap=\"nowrap\"><span style=\"font-size: 10pt;\"><span style=\"color: #000000; font-size: 10; white-space: nowrap;\">Valo-Imhotep 2016<\/span><\/span><\/td>\n<td nowrap=\"nowrap\"><span style=\"color: #000000; font-size: 10pt;\">D\u00e9tecteur de radiation thera hertz 2D<\/span><\/td>\n<td nowrap=\"nowrap\"><\/td>\n<td style=\"text-align: center;\" nowrap=\"nowrap\"><span style=\"font-size: 10pt;\">2020<\/span><\/td>\n<\/tr>\n<tr style=\"height: 15pt;\">\n<td nowrap=\"nowrap\"><strong style=\"color: #000000; font-size: 11px; white-space: nowrap;\"><span style=\"font-size: 10pt;\"><span lang=\"EN-US\">Porteur<\/span><\/span><\/strong><\/td>\n<td nowrap=\"nowrap\"><span style=\"color: #000000; font-size: 10pt; white-space: nowrap;\">Projet<\/span><\/td>\n<td nowrap=\"nowrap\"><span style=\"color: #000000; font-size: 10pt;\">Titre<\/span><\/td>\n<td nowrap=\"nowrap\"><\/td>\n<td style=\"text-align: center;\" nowrap=\"nowrap\"><span style=\"font-size: 10pt;\">2020<\/span><\/td>\n<\/tr>\n<\/tbody>\n<\/table>\n<\/div>\n","protected":false},"excerpt":{"rendered":"<p>17 patents result from projects supported by Labex PALM \u00a0Researchers \u00a0PALM project \u00a0Detail Patent [&hellip;]<\/p>\n","protected":false},"author":1,"featured_media":0,"parent":720,"menu_order":0,"comment_status":"closed","ping_status":"closed","template":"","meta":[],"acf":[],"yoast_head":"<!-- This site is optimized with the Yoast SEO plugin v21.8.1 - https:\/\/yoast.com\/wordpress\/plugins\/seo\/ -->\n<title>List of patents - Labex-Palm<\/title>\n<meta name=\"robots\" content=\"index, follow, max-snippet:-1, max-image-preview:large, max-video-preview:-1\" \/>\n<link rel=\"canonical\" href=\"https:\/\/www.labex-palm.fr\/en\/publications-prix\/liste-des-brevets\/\" \/>\n<meta property=\"og:locale\" content=\"en_US\" \/>\n<meta property=\"og:type\" content=\"article\" \/>\n<meta property=\"og:title\" content=\"List of patents - Labex-Palm\" \/>\n<meta property=\"og:description\" content=\"17 patents result from projects supported by Labex PALM \u00a0Researchers \u00a0PALM project \u00a0Detail Patent [&hellip;]\" \/>\n<meta property=\"og:url\" content=\"https:\/\/www.labex-palm.fr\/en\/publications-prix\/liste-des-brevets\/\" \/>\n<meta property=\"og:site_name\" content=\"Labex-Palm\" \/>\n<meta property=\"article:modified_time\" content=\"2020-10-06T10:16:42+00:00\" \/>\n<meta name=\"twitter:card\" content=\"summary_large_image\" \/>\n<meta name=\"twitter:label1\" content=\"Est. reading time\" \/>\n\t<meta name=\"twitter:data1\" content=\"1 minute\" \/>\n<script type=\"application\/ld+json\" class=\"yoast-schema-graph\">{\"@context\":\"https:\/\/schema.org\",\"@graph\":[{\"@type\":\"WebPage\",\"@id\":\"https:\/\/www.labex-palm.fr\/en\/publications-prix\/liste-des-brevets\/\",\"url\":\"https:\/\/www.labex-palm.fr\/en\/publications-prix\/liste-des-brevets\/\",\"name\":\"List of patents - Labex-Palm\",\"isPartOf\":{\"@id\":\"https:\/\/www.labex-palm.fr\/#website\"},\"datePublished\":\"2019-07-08T09:45:10+00:00\",\"dateModified\":\"2020-10-06T10:16:42+00:00\",\"breadcrumb\":{\"@id\":\"https:\/\/www.labex-palm.fr\/en\/publications-prix\/liste-des-brevets\/#breadcrumb\"},\"inLanguage\":\"en-US\",\"potentialAction\":[{\"@type\":\"ReadAction\",\"target\":[\"https:\/\/www.labex-palm.fr\/en\/publications-prix\/liste-des-brevets\/\"]}]},{\"@type\":\"BreadcrumbList\",\"@id\":\"https:\/\/www.labex-palm.fr\/en\/publications-prix\/liste-des-brevets\/#breadcrumb\",\"itemListElement\":[{\"@type\":\"ListItem\",\"position\":1,\"name\":\"Accueil\",\"item\":\"https:\/\/www.labex-palm.fr\/en\/\"},{\"@type\":\"ListItem\",\"position\":2,\"name\":\"Publications &#038; Awards\",\"item\":\"https:\/\/www.labex-palm.fr\/en\/publications-prix\/\"},{\"@type\":\"ListItem\",\"position\":3,\"name\":\"List of patents\"}]},{\"@type\":\"WebSite\",\"@id\":\"https:\/\/www.labex-palm.fr\/#website\",\"url\":\"https:\/\/www.labex-palm.fr\/\",\"name\":\"Labex-Palm\",\"description\":\"Physique Atomes Lumi\u00e8re Mati\u00e8re\",\"potentialAction\":[{\"@type\":\"SearchAction\",\"target\":{\"@type\":\"EntryPoint\",\"urlTemplate\":\"https:\/\/www.labex-palm.fr\/?s={search_term_string}\"},\"query-input\":\"required name=search_term_string\"}],\"inLanguage\":\"en-US\"}]}<\/script>\n<!-- \/ Yoast SEO plugin. -->","yoast_head_json":{"title":"List of patents - Labex-Palm","robots":{"index":"index","follow":"follow","max-snippet":"max-snippet:-1","max-image-preview":"max-image-preview:large","max-video-preview":"max-video-preview:-1"},"canonical":"https:\/\/www.labex-palm.fr\/en\/publications-prix\/liste-des-brevets\/","og_locale":"en_US","og_type":"article","og_title":"List of patents - Labex-Palm","og_description":"17 patents result from projects supported by Labex PALM \u00a0Researchers \u00a0PALM project \u00a0Detail Patent [&hellip;]","og_url":"https:\/\/www.labex-palm.fr\/en\/publications-prix\/liste-des-brevets\/","og_site_name":"Labex-Palm","article_modified_time":"2020-10-06T10:16:42+00:00","twitter_card":"summary_large_image","twitter_misc":{"Est. reading time":"1 minute"},"schema":{"@context":"https:\/\/schema.org","@graph":[{"@type":"WebPage","@id":"https:\/\/www.labex-palm.fr\/en\/publications-prix\/liste-des-brevets\/","url":"https:\/\/www.labex-palm.fr\/en\/publications-prix\/liste-des-brevets\/","name":"List of patents - Labex-Palm","isPartOf":{"@id":"https:\/\/www.labex-palm.fr\/#website"},"datePublished":"2019-07-08T09:45:10+00:00","dateModified":"2020-10-06T10:16:42+00:00","breadcrumb":{"@id":"https:\/\/www.labex-palm.fr\/en\/publications-prix\/liste-des-brevets\/#breadcrumb"},"inLanguage":"en-US","potentialAction":[{"@type":"ReadAction","target":["https:\/\/www.labex-palm.fr\/en\/publications-prix\/liste-des-brevets\/"]}]},{"@type":"BreadcrumbList","@id":"https:\/\/www.labex-palm.fr\/en\/publications-prix\/liste-des-brevets\/#breadcrumb","itemListElement":[{"@type":"ListItem","position":1,"name":"Accueil","item":"https:\/\/www.labex-palm.fr\/en\/"},{"@type":"ListItem","position":2,"name":"Publications &#038; Awards","item":"https:\/\/www.labex-palm.fr\/en\/publications-prix\/"},{"@type":"ListItem","position":3,"name":"List of patents"}]},{"@type":"WebSite","@id":"https:\/\/www.labex-palm.fr\/#website","url":"https:\/\/www.labex-palm.fr\/","name":"Labex-Palm","description":"Physique Atomes Lumi\u00e8re Mati\u00e8re","potentialAction":[{"@type":"SearchAction","target":{"@type":"EntryPoint","urlTemplate":"https:\/\/www.labex-palm.fr\/?s={search_term_string}"},"query-input":"required name=search_term_string"}],"inLanguage":"en-US"}]}},"_links":{"self":[{"href":"https:\/\/www.labex-palm.fr\/en\/wp-json\/wp\/v2\/pages\/723"}],"collection":[{"href":"https:\/\/www.labex-palm.fr\/en\/wp-json\/wp\/v2\/pages"}],"about":[{"href":"https:\/\/www.labex-palm.fr\/en\/wp-json\/wp\/v2\/types\/page"}],"author":[{"embeddable":true,"href":"https:\/\/www.labex-palm.fr\/en\/wp-json\/wp\/v2\/users\/1"}],"replies":[{"embeddable":true,"href":"https:\/\/www.labex-palm.fr\/en\/wp-json\/wp\/v2\/comments?post=723"}],"version-history":[{"count":19,"href":"https:\/\/www.labex-palm.fr\/en\/wp-json\/wp\/v2\/pages\/723\/revisions"}],"predecessor-version":[{"id":3838,"href":"https:\/\/www.labex-palm.fr\/en\/wp-json\/wp\/v2\/pages\/723\/revisions\/3838"}],"up":[{"embeddable":true,"href":"https:\/\/www.labex-palm.fr\/en\/wp-json\/wp\/v2\/pages\/720"}],"wp:attachment":[{"href":"https:\/\/www.labex-palm.fr\/en\/wp-json\/wp\/v2\/media?parent=723"}],"curies":[{"name":"wp","href":"https:\/\/api.w.org\/{rel}","templated":true}]}}